{"id":19,"date":"2023-07-07T15:31:47","date_gmt":"2023-07-07T13:31:47","guid":{"rendered":"https:\/\/phyzio.orthesia-serveur.com\/index.php\/panier\/"},"modified":"2024-02-05T16:23:07","modified_gmt":"2024-02-05T15:23:07","slug":"panier","status":"publish","type":"page","link":"https:\/\/www.phyzio.be\/en\/panier\/","title":{"rendered":"Cart"},"content":{"rendered":"<div data-elementor-type=\"wp-page\" data-elementor-id=\"19\" class=\"elementor elementor-19\" data-elementor-settings=\"{&quot;element_pack_global_tooltip_width&quot;:{&quot;unit&quot;:&quot;px&quot;,&quot;size&quot;:&quot;&quot;,&quot;sizes&quot;:[]},&quot;element_pack_global_tooltip_width_laptop&quot;:{&quot;unit&quot;:&quot;px&quot;,&quot;size&quot;:&quot;&quot;,&quot;sizes&quot;:[]},&quot;element_pack_global_tooltip_width_tablet_extra&quot;:{&quot;unit&quot;:&quot;px&quot;,&quot;size&quot;:&quot;&quot;,&quot;sizes&quot;:[]},&quot;element_pack_global_tooltip_width_tablet&quot;:{&quot;unit&quot;:&quot;px&quot;,&quot;size&quot;:&quot;&quot;,&quot;sizes&quot;:[]},&quot;element_pack_global_tooltip_width_mobile&quot;:{&quot;unit&quot;:&quot;px&quot;,&quot;size&quot;:&quot;&quot;,&quot;sizes&quot;:[]},&quot;element_pack_global_tooltip_padding&quot;:{&quot;unit&quot;:&quot;px&quot;,&quot;top&quot;:&quot;&quot;,&quot;right&quot;:&quot;&quot;,&quot;bottom&quot;:&quot;&quot;,&quot;left&quot;:&quot;&quot;,&quot;isLinked&quot;:true},&quot;element_pack_global_tooltip_padding_laptop&quot;:{&quot;unit&quot;:&quot;px&quot;,&quot;top&quot;:&quot;&quot;,&quot;right&quot;:&quot;&quot;,&quot;bottom&quot;:&quot;&quot;,&quot;left&quot;:&quot;&quot;,&quot;isLinked&quot;:true},&quot;element_pack_global_tooltip_padding_tablet_extra&quot;:{&quot;unit&quot;:&quot;px&quot;,&quot;top&quot;:&quot;&quot;,&quot;right&quot;:&quot;&quot;,&quot;bottom&quot;:&quot;&quot;,&quot;left&quot;:&quot;&quot;,&quot;isLinked&quot;:true},&quot;element_pack_global_tooltip_padding_tablet&quot;:{&quot;unit&quot;:&quot;px&quot;,&quot;top&quot;:&quot;&quot;,&quot;right&quot;:&quot;&quot;,&quot;bottom&quot;:&quot;&quot;,&quot;left&quot;:&quot;&quot;,&quot;isLinked&quot;:true},&quot;element_pack_global_tooltip_padding_mobile&quot;:{&quot;unit&quot;:&quot;px&quot;,&quot;top&quot;:&quot;&quot;,&quot;right&quot;:&quot;&quot;,&quot;bottom&quot;:&quot;&quot;,&quot;left&quot;:&quot;&quot;,&quot;isLinked&quot;:true},&quot;element_pack_global_tooltip_border_radius&quot;:{&quot;unit&quot;:&quot;px&quot;,&quot;top&quot;:&quot;&quot;,&quot;right&quot;:&quot;&quot;,&quot;bottom&quot;:&quot;&quot;,&quot;left&quot;:&quot;&quot;,&quot;isLinked&quot;:true},&quot;element_pack_global_tooltip_border_radius_laptop&quot;:{&quot;unit&quot;:&quot;px&quot;,&quot;top&quot;:&quot;&quot;,&quot;right&quot;:&quot;&quot;,&quot;bottom&quot;:&quot;&quot;,&quot;left&quot;:&quot;&quot;,&quot;isLinked&quot;:true},&quot;element_pack_global_tooltip_border_radius_tablet_extra&quot;:{&quot;unit&quot;:&quot;px&quot;,&quot;top&quot;:&quot;&quot;,&quot;right&quot;:&quot;&quot;,&quot;bottom&quot;:&quot;&quot;,&quot;left&quot;:&quot;&quot;,&quot;isLinked&quot;:true},&quot;element_pack_global_tooltip_border_radius_tablet&quot;:{&quot;unit&quot;:&quot;px&quot;,&quot;top&quot;:&quot;&quot;,&quot;right&quot;:&quot;&quot;,&quot;bottom&quot;:&quot;&quot;,&quot;left&quot;:&quot;&quot;,&quot;isLinked&quot;:true},&quot;element_pack_global_tooltip_border_radius_mobile&quot;:{&quot;unit&quot;:&quot;px&quot;,&quot;top&quot;:&quot;&quot;,&quot;right&quot;:&quot;&quot;,&quot;bottom&quot;:&quot;&quot;,&quot;left&quot;:&quot;&quot;,&quot;isLinked&quot;:true}}\" data-elementor-post-type=\"page\">\n\t\t\t\t\t\t<section class=\"elementor-section elementor-top-section elementor-element elementor-element-bbcc991 elementor-section-height-min-height elementor-section-boxed elementor-section-height-default elementor-section-items-middle\" data-id=\"bbcc991\" data-element_type=\"section\" data-e-type=\"section\" data-settings=\"{&quot;background_background&quot;:&quot;gradient&quot;}\">\n\t\t\t\t\t\t\t<div class=\"elementor-background-overlay\"><\/div>\n\t\t\t\t\t\t\t<div class=\"elementor-container elementor-column-gap-default\">\n\t\t\t\t\t<div class=\"elementor-column elementor-col-100 elementor-top-column elementor-element elementor-element-d24db1f\" data-id=\"d24db1f\" data-element_type=\"column\" data-e-type=\"column\">\n\t\t\t<div class=\"elementor-widget-wrap elementor-element-populated\">\n\t\t\t\t\t\t<div class=\"elementor-element elementor-element-f57b3b3 elementor-widget elementor-widget-heading\" data-id=\"f57b3b3\" data-element_type=\"widget\" data-e-type=\"widget\" data-widget_type=\"heading.default\">\n\t\t\t\t<div class=\"elementor-widget-container\">\n\t\t\t\t\t<h1 class=\"elementor-heading-title elementor-size-default\">Cart<\/h1>\t\t\t\t<\/div>\n\t\t\t\t<\/div>\n\t\t\t\t\t<\/div>\n\t\t<\/div>\n\t\t\t\t\t<\/div>\n\t\t<\/section>\n\t\t\t\t<section class=\"elementor-section elementor-top-section elementor-element elementor-element-6f8506f2 elementor-section-boxed elementor-section-height-default elementor-section-height-default\" data-id=\"6f8506f2\" data-element_type=\"section\" data-e-type=\"section\">\n\t\t\t\t\t\t<div class=\"elementor-container elementor-column-gap-default\">\n\t\t\t\t\t<div class=\"elementor-column elementor-col-100 elementor-top-column elementor-element elementor-element-2396d383\" data-id=\"2396d383\" data-element_type=\"column\" data-e-type=\"column\">\n\t\t\t<div class=\"elementor-widget-wrap elementor-element-populated\">\n\t\t\t\t\t\t\t<\/div>\n\t\t<\/div>\n\t\t\t\t\t<\/div>\n\t\t<\/section>\n\t\t\t\t<\/div>","protected":false},"excerpt":{"rendered":"<p>Panier Supprimer l\u2019\u00e9l\u00e9ment Miniature Produit Prix Quantit\u00e9 Sous-total &times; Attelle d&#8217;\u00e9paule cryog\u00e9nique Should&#8217;Ice Taille: S\/M 75.00&euro; quantit\u00e9 de Attelle d&#039;\u00e9paule cryog\u00e9nique Should&#039;Ice &#8211; S\/M 75.00&euro; Mise \u00e0 jour le panier Totaux du panier Sous-total 75.00&euro; Exp\u00e9dition Livraison gratuite Livraison \u00e0 198 rue de la latte prolong\u00e9e, 7508 RONCQ. Total 75.00&euro; (dont 13.02&euro; TVA) Passer \u00e0 [&hellip;]<\/p>\n","protected":false},"author":1,"featured_media":0,"parent":0,"menu_order":0,"comment_status":"closed","ping_status":"closed","template":"","meta":{"footnotes":""},"class_list":["post-19","page","type-page","status-publish","hentry"],"yoast_head":"<!-- This site is optimized with the Yoast SEO plugin v27.1.1 - https:\/\/yoast.com\/product\/yoast-seo-wordpress\/ -->\n<title>Panier - Phyzio<\/title>\n<meta name=\"description\" content=\"Achats en ligne - Retrouvez tous vos articles s\u00e9lectionn\u00e9s dans votre panier.\" \/>\n<meta name=\"robots\" content=\"index, follow, max-snippet:-1, max-image-preview:large, max-video-preview:-1\" \/>\n<link rel=\"canonical\" href=\"https:\/\/www.phyzio.be\/en\/panier\/\" \/>\n<meta property=\"og:locale\" content=\"en_GB\" \/>\n<meta property=\"og:type\" content=\"article\" \/>\n<meta property=\"og:title\" content=\"Panier - Phyzio\" \/>\n<meta property=\"og:description\" content=\"Achats en ligne - Retrouvez tous vos articles s\u00e9lectionn\u00e9s dans votre panier.\" \/>\n<meta property=\"og:url\" content=\"https:\/\/www.phyzio.be\/en\/panier\/\" \/>\n<meta property=\"og:site_name\" content=\"Phyzio\" \/>\n<meta property=\"article:modified_time\" content=\"2024-02-05T15:23:07+00:00\" \/>\n<meta property=\"og:image\" content=\"https:\/\/www.phyzio.be\/wp-content\/uploads\/2023\/07\/Epaule-1b-300x300.png\" \/>\n<meta name=\"twitter:card\" content=\"summary_large_image\" \/>\n<meta name=\"twitter:label1\" content=\"Estimated reading time\" \/>\n\t<meta name=\"twitter:data1\" content=\"1 minute\" \/>\n<script type=\"application\/ld+json\" class=\"yoast-schema-graph\">{\"@context\":\"https:\/\/schema.org\",\"@graph\":[{\"@type\":\"WebPage\",\"@id\":\"https:\/\/www.phyzio.be\/panier\/\",\"url\":\"https:\/\/www.phyzio.be\/panier\/\",\"name\":\"Panier - Phyzio\",\"isPartOf\":{\"@id\":\"https:\/\/www.phyzio.be\/#website\"},\"primaryImageOfPage\":{\"@id\":\"https:\/\/www.phyzio.be\/panier\/#primaryimage\"},\"image\":{\"@id\":\"https:\/\/www.phyzio.be\/panier\/#primaryimage\"},\"thumbnailUrl\":\"https:\/\/www.phyzio.be\/wp-content\/uploads\/2023\/07\/Epaule-1b-300x300.png\",\"datePublished\":\"2023-07-07T13:31:47+00:00\",\"dateModified\":\"2024-02-05T15:23:07+00:00\",\"description\":\"Achats en ligne - Retrouvez tous vos articles s\u00e9lectionn\u00e9s dans votre panier.\",\"breadcrumb\":{\"@id\":\"https:\/\/www.phyzio.be\/panier\/#breadcrumb\"},\"inLanguage\":\"en-GB\",\"potentialAction\":[{\"@type\":\"ReadAction\",\"target\":[\"https:\/\/www.phyzio.be\/panier\/\"]}]},{\"@type\":\"ImageObject\",\"inLanguage\":\"en-GB\",\"@id\":\"https:\/\/www.phyzio.be\/panier\/#primaryimage\",\"url\":\"https:\/\/www.phyzio.be\/wp-content\/uploads\/2023\/07\/Epaule-1b-300x300.png\",\"contentUrl\":\"https:\/\/www.phyzio.be\/wp-content\/uploads\/2023\/07\/Epaule-1b-300x300.png\"},{\"@type\":\"BreadcrumbList\",\"@id\":\"https:\/\/www.phyzio.be\/panier\/#breadcrumb\",\"itemListElement\":[{\"@type\":\"ListItem\",\"position\":1,\"name\":\"Accueil\",\"item\":\"https:\/\/www.phyzio.be\/\"},{\"@type\":\"ListItem\",\"position\":2,\"name\":\"Panier\"}]},{\"@type\":\"WebSite\",\"@id\":\"https:\/\/www.phyzio.be\/#website\",\"url\":\"https:\/\/www.phyzio.be\/\",\"name\":\"Phyzio\",\"description\":\"Compression sportive\",\"potentialAction\":[{\"@type\":\"SearchAction\",\"target\":{\"@type\":\"EntryPoint\",\"urlTemplate\":\"https:\/\/www.phyzio.be\/?s={search_term_string}\"},\"query-input\":{\"@type\":\"PropertyValueSpecification\",\"valueRequired\":true,\"valueName\":\"search_term_string\"}}],\"inLanguage\":\"en-GB\"}]}<\/script>\n<!-- \/ Yoast SEO plugin. -->","yoast_head_json":{"title":"Panier - Phyzio","description":"Achats en ligne - Retrouvez tous vos articles s\u00e9lectionn\u00e9s dans votre panier.","robots":{"index":"index","follow":"follow","max-snippet":"max-snippet:-1","max-image-preview":"max-image-preview:large","max-video-preview":"max-video-preview:-1"},"canonical":"https:\/\/www.phyzio.be\/en\/panier\/","og_locale":"en_GB","og_type":"article","og_title":"Panier - Phyzio","og_description":"Achats en ligne - Retrouvez tous vos articles s\u00e9lectionn\u00e9s dans votre panier.","og_url":"https:\/\/www.phyzio.be\/en\/panier\/","og_site_name":"Phyzio","article_modified_time":"2024-02-05T15:23:07+00:00","og_image":[{"url":"https:\/\/www.phyzio.be\/wp-content\/uploads\/2023\/07\/Epaule-1b-300x300.png","type":"","width":"","height":""}],"twitter_card":"summary_large_image","twitter_misc":{"Estimated reading time":"1 minute"},"schema":{"@context":"https:\/\/schema.org","@graph":[{"@type":"WebPage","@id":"https:\/\/www.phyzio.be\/panier\/","url":"https:\/\/www.phyzio.be\/panier\/","name":"Panier - Phyzio","isPartOf":{"@id":"https:\/\/www.phyzio.be\/#website"},"primaryImageOfPage":{"@id":"https:\/\/www.phyzio.be\/panier\/#primaryimage"},"image":{"@id":"https:\/\/www.phyzio.be\/panier\/#primaryimage"},"thumbnailUrl":"https:\/\/www.phyzio.be\/wp-content\/uploads\/2023\/07\/Epaule-1b-300x300.png","datePublished":"2023-07-07T13:31:47+00:00","dateModified":"2024-02-05T15:23:07+00:00","description":"Achats en ligne - Retrouvez tous vos articles s\u00e9lectionn\u00e9s dans votre panier.","breadcrumb":{"@id":"https:\/\/www.phyzio.be\/panier\/#breadcrumb"},"inLanguage":"en-GB","potentialAction":[{"@type":"ReadAction","target":["https:\/\/www.phyzio.be\/panier\/"]}]},{"@type":"ImageObject","inLanguage":"en-GB","@id":"https:\/\/www.phyzio.be\/panier\/#primaryimage","url":"https:\/\/www.phyzio.be\/wp-content\/uploads\/2023\/07\/Epaule-1b-300x300.png","contentUrl":"https:\/\/www.phyzio.be\/wp-content\/uploads\/2023\/07\/Epaule-1b-300x300.png"},{"@type":"BreadcrumbList","@id":"https:\/\/www.phyzio.be\/panier\/#breadcrumb","itemListElement":[{"@type":"ListItem","position":1,"name":"Accueil","item":"https:\/\/www.phyzio.be\/"},{"@type":"ListItem","position":2,"name":"Panier"}]},{"@type":"WebSite","@id":"https:\/\/www.phyzio.be\/#website","url":"https:\/\/www.phyzio.be\/","name":"Phyzio","description":"Compression sportive","potentialAction":[{"@type":"SearchAction","target":{"@type":"EntryPoint","urlTemplate":"https:\/\/www.phyzio.be\/?s={search_term_string}"},"query-input":{"@type":"PropertyValueSpecification","valueRequired":true,"valueName":"search_term_string"}}],"inLanguage":"en-GB"}]}},"_links":{"self":[{"href":"https:\/\/www.phyzio.be\/en\/wp-json\/wp\/v2\/pages\/19","targetHints":{"allow":["GET"]}}],"collection":[{"href":"https:\/\/www.phyzio.be\/en\/wp-json\/wp\/v2\/pages"}],"about":[{"href":"https:\/\/www.phyzio.be\/en\/wp-json\/wp\/v2\/types\/page"}],"author":[{"embeddable":true,"href":"https:\/\/www.phyzio.be\/en\/wp-json\/wp\/v2\/users\/1"}],"replies":[{"embeddable":true,"href":"https:\/\/www.phyzio.be\/en\/wp-json\/wp\/v2\/comments?post=19"}],"version-history":[{"count":21,"href":"https:\/\/www.phyzio.be\/en\/wp-json\/wp\/v2\/pages\/19\/revisions"}],"predecessor-version":[{"id":9623,"href":"https:\/\/www.phyzio.be\/en\/wp-json\/wp\/v2\/pages\/19\/revisions\/9623"}],"wp:attachment":[{"href":"https:\/\/www.phyzio.be\/en\/wp-json\/wp\/v2\/media?parent=19"}],"curies":[{"name":"wp","href":"https:\/\/api.w.org\/{rel}","templated":true}]}}