{"id":9404,"date":"2023-12-05T12:53:08","date_gmt":"2023-12-05T11:53:08","guid":{"rendered":"https:\/\/www.phyzio.be\/?page_id=9404"},"modified":"2024-02-05T16:24:22","modified_gmt":"2024-02-05T15:24:22","slug":"politique-de-confidentialite","status":"publish","type":"page","link":"https:\/\/www.phyzio.be\/en\/politique-de-confidentialite\/","title":{"rendered":"Privacy policy"},"content":{"rendered":"<div data-elementor-type=\"wp-page\" data-elementor-id=\"9404\" class=\"elementor elementor-9404\" data-elementor-settings=\"{&quot;element_pack_global_tooltip_width&quot;:{&quot;unit&quot;:&quot;px&quot;,&quot;size&quot;:&quot;&quot;,&quot;sizes&quot;:[]},&quot;element_pack_global_tooltip_width_laptop&quot;:{&quot;unit&quot;:&quot;px&quot;,&quot;size&quot;:&quot;&quot;,&quot;sizes&quot;:[]},&quot;element_pack_global_tooltip_width_tablet_extra&quot;:{&quot;unit&quot;:&quot;px&quot;,&quot;size&quot;:&quot;&quot;,&quot;sizes&quot;:[]},&quot;element_pack_global_tooltip_width_tablet&quot;:{&quot;unit&quot;:&quot;px&quot;,&quot;size&quot;:&quot;&quot;,&quot;sizes&quot;:[]},&quot;element_pack_global_tooltip_width_mobile&quot;:{&quot;unit&quot;:&quot;px&quot;,&quot;size&quot;:&quot;&quot;,&quot;sizes&quot;:[]},&quot;element_pack_global_tooltip_padding&quot;:{&quot;unit&quot;:&quot;px&quot;,&quot;top&quot;:&quot;&quot;,&quot;right&quot;:&quot;&quot;,&quot;bottom&quot;:&quot;&quot;,&quot;left&quot;:&quot;&quot;,&quot;isLinked&quot;:true},&quot;element_pack_global_tooltip_padding_laptop&quot;:{&quot;unit&quot;:&quot;px&quot;,&quot;top&quot;:&quot;&quot;,&quot;right&quot;:&quot;&quot;,&quot;bottom&quot;:&quot;&quot;,&quot;left&quot;:&quot;&quot;,&quot;isLinked&quot;:true},&quot;element_pack_global_tooltip_padding_tablet_extra&quot;:{&quot;unit&quot;:&quot;px&quot;,&quot;top&quot;:&quot;&quot;,&quot;right&quot;:&quot;&quot;,&quot;bottom&quot;:&quot;&quot;,&quot;left&quot;:&quot;&quot;,&quot;isLinked&quot;:true},&quot;element_pack_global_tooltip_padding_tablet&quot;:{&quot;unit&quot;:&quot;px&quot;,&quot;top&quot;:&quot;&quot;,&quot;right&quot;:&quot;&quot;,&quot;bottom&quot;:&quot;&quot;,&quot;left&quot;:&quot;&quot;,&quot;isLinked&quot;:true},&quot;element_pack_global_tooltip_padding_mobile&quot;:{&quot;unit&quot;:&quot;px&quot;,&quot;top&quot;:&quot;&quot;,&quot;right&quot;:&quot;&quot;,&quot;bottom&quot;:&quot;&quot;,&quot;left&quot;:&quot;&quot;,&quot;isLinked&quot;:true},&quot;element_pack_global_tooltip_border_radius&quot;:{&quot;unit&quot;:&quot;px&quot;,&quot;top&quot;:&quot;&quot;,&quot;right&quot;:&quot;&quot;,&quot;bottom&quot;:&quot;&quot;,&quot;left&quot;:&quot;&quot;,&quot;isLinked&quot;:true},&quot;element_pack_global_tooltip_border_radius_laptop&quot;:{&quot;unit&quot;:&quot;px&quot;,&quot;top&quot;:&quot;&quot;,&quot;right&quot;:&quot;&quot;,&quot;bottom&quot;:&quot;&quot;,&quot;left&quot;:&quot;&quot;,&quot;isLinked&quot;:true},&quot;element_pack_global_tooltip_border_radius_tablet_extra&quot;:{&quot;unit&quot;:&quot;px&quot;,&quot;top&quot;:&quot;&quot;,&quot;right&quot;:&quot;&quot;,&quot;bottom&quot;:&quot;&quot;,&quot;left&quot;:&quot;&quot;,&quot;isLinked&quot;:true},&quot;element_pack_global_tooltip_border_radius_tablet&quot;:{&quot;unit&quot;:&quot;px&quot;,&quot;top&quot;:&quot;&quot;,&quot;right&quot;:&quot;&quot;,&quot;bottom&quot;:&quot;&quot;,&quot;left&quot;:&quot;&quot;,&quot;isLinked&quot;:true},&quot;element_pack_global_tooltip_border_radius_mobile&quot;:{&quot;unit&quot;:&quot;px&quot;,&quot;top&quot;:&quot;&quot;,&quot;right&quot;:&quot;&quot;,&quot;bottom&quot;:&quot;&quot;,&quot;left&quot;:&quot;&quot;,&quot;isLinked&quot;:true}}\" data-elementor-post-type=\"page\">\n\t\t\t\t\t\t<section class=\"elementor-section elementor-top-section elementor-element elementor-element-193a468 elementor-section-height-min-height elementor-section-boxed elementor-section-height-default elementor-section-items-middle\" data-id=\"193a468\" data-element_type=\"section\" data-e-type=\"section\" data-settings=\"{&quot;background_background&quot;:&quot;gradient&quot;}\">\n\t\t\t\t\t\t\t<div class=\"elementor-background-overlay\"><\/div>\n\t\t\t\t\t\t\t<div class=\"elementor-container elementor-column-gap-default\">\n\t\t\t\t\t<div class=\"elementor-column elementor-col-100 elementor-top-column elementor-element elementor-element-edf9235\" data-id=\"edf9235\" data-element_type=\"column\" data-e-type=\"column\">\n\t\t\t<div class=\"elementor-widget-wrap elementor-element-populated\">\n\t\t\t\t\t\t\t<\/div>\n\t\t<\/div>\n\t\t\t\t\t<\/div>\n\t\t<\/section>\n\t\t<div class=\"elementor-element elementor-element-9367b97 e-flex e-con-boxed e-con e-parent\" data-id=\"9367b97\" data-element_type=\"container\" data-e-type=\"container\">\n\t\t\t\t\t<div class=\"e-con-inner\">\n\t\t\t\t<div class=\"elementor-element elementor-element-ba65021 elementor-widget elementor-widget-text-editor\" data-id=\"ba65021\" data-element_type=\"widget\" data-e-type=\"widget\" data-widget_type=\"text-editor.default\">\n\t\t\t\t<div class=\"elementor-widget-container\">\n\t\t\t\t\t\t\t\t\t<p>La confidentialit\u00e9 et la protection de vos donn\u00e9es a toujours \u00e9t\u00e9 un principe et enjeu majeur dans le d\u00e9veloppement de notre site et dans notre volont\u00e9 de vous fournir un service s\u00e9curis\u00e9.<\/p><p>A travers cette politique de confidentialit\u00e9, nous visons vous communiquer de mani\u00e8re transparente nos r\u00e8gles concernant la gestion, le stockage et le traitement des donn\u00e9es personnelles dans le cadre de l\u2019inscription et de l\u2019utilisation de nos services.<\/p><p>Pour tous nos services, le contr\u00f4leur des donn\u00e9es est la soci\u00e9t\u00e9 PHYZIO. La soci\u00e9t\u00e9 PHYZIO qui \u00e9dite et exploite le site phyzio.be (ci \u00ab le site \u00bb) collecte, analyse et utilise certaines donn\u00e9es personnelles nominatives (nom, pr\u00e9nom, adresse mail, adresse postale) et donn\u00e9es de connexion afin de vous proposer un service optimal et une exp\u00e9rience personnalis\u00e9e sur le site, plus \u00e0 m\u00eame de r\u00e9pondre \u00e0 vos besoins en tant qu\u2019utilisateur.<\/p><p>En vous inscrivant \u00e0 nos services, vous convenez et acceptez que PHYZIO puisse stocker, analyser et\/ou utiliser les donn\u00e9es personnelles soumises en conformit\u00e9 avec le R\u00e8glement G\u00e9n\u00e9ral sur la Protection des Donn\u00e9es (RGPD, r\u00e8glement de l\u2019Union Europ\u00e9enne) et notre politique de confidentialit\u00e9 pr\u00e9sent\u00e9e ci-dessous.<br \/><br \/><\/p><ol><li><strong>Donn\u00e9es collect\u00e9es<\/strong> <br \/>En vous inscrivant sur notre site, nous collectons les donn\u00e9es suivantes : des donn\u00e9es nominatives obligatoires (nom, pr\u00e9nom, adresse email, mot de passe) et facultatives (sexe, date de naissance). En utilisant nos services, nous collectons les donn\u00e9es suivantes : des donn\u00e9es nominatives obligatoires (adresse postale de livraison, code postal, pays) et facultatives (num\u00e9ro de t\u00e9l\u00e9phone, soci\u00e9t\u00e9, num\u00e9ro de TVA) ; des donn\u00e9es de connexion (adresse IP) ; des donn\u00e9es relatives \u00e0 l\u2019utilisation de nos services (historique de messages envoy\u00e9s entre vous et notre service client).<br \/><br \/><\/li><\/ol><ol start=\"2\"><li><strong>Finalit\u00e9s et conservation des donn\u00e9es<\/strong><br \/>Nous collectons des donn\u00e9es li\u00e9es \u00e0 votre utilisation de nos services \u00e0 des fins d\u2019am\u00e9lioration de votre exp\u00e9rience client, en vue de vous fournir un service personnalisable et \u00e9volutif qui s\u2019enrichit de notre connaissance de vos habitudes de navigation. La dur\u00e9e de conservation des donn\u00e9es est de 5 ans. Les produits que nous proposons sur le site \u00e9tant pour beaucoup li\u00e9s \u00e0 des habitudes chroniques avec p\u00e9riode de renouvellement possiblement espac\u00e9e, nous estimons qu\u2019une conservation de 5 ans permet ainsi \u00e0 un utilisateur de retrouver ses donn\u00e9es dans une p\u00e9riode de temps suffisamment large pour recouvrer lesdites donn\u00e9es apr\u00e8s une absence prolong\u00e9e.<br \/><br \/><\/li><\/ol><ol start=\"3\"><li><strong>Destinataire des donn\u00e9es<\/strong><br \/>Les informations recueillies par le site et vous concernant font l\u2019objet d\u2019un traitement destin\u00e9 \u00e0 : PHYZIO, soci\u00e9t\u00e9 \u00e0 responsabilit\u00e9 limit\u00e9e de droit fran\u00e7ais au capital social de 2.000,00 \u20ac, dont le si\u00e8ge social est situ\u00e9 \u00e0 Chauss\u00e9e de Tournai(R-C) 52 bo\u00eete 1, 7520 Tournai, immatricul\u00e9e au Registre du Commerce et des soci\u00e9t\u00e9s.<br \/><br \/>En aucun cas vos donn\u00e9es ne sont vendues ni lou\u00e9es \u00e0 tiers \u00e0 des fins marketing ou commerciales.<br \/><br \/>Certaines donn\u00e9es connexion (par exemple les pages visit\u00e9es, le temps pass\u00e9 sur le site) sont agr\u00e9g\u00e9es et transmises de mani\u00e8re anonyme \u00e0 la solution de suivi et d\u2019analyse de la navigation sur le site, Google Analytics, service fourni par la soci\u00e9t\u00e9 Google LLC, sise au 1600 Amphitheatre Parkway, Mountain View, CA 94043, \u00c9tats-Unis, qui offre une solution dont la protection des donn\u00e9es r\u00e9pond aux exigences techniques et organisationnelles pour \u00eatre en conformit\u00e9 avec la r\u00e9glementation europ\u00e9enne.<br \/><br \/><\/li><\/ol><ol start=\"4\"><li><p><strong>Protection des donn\u00e9es<\/strong> <br \/>Le site utilise les technologies web fournies par le logiciel libre WordPress, syst\u00e8me de gestion de contenu fran\u00e7ais qui offre les fonctionnalit\u00e9s n\u00e9cessaires et conformes aux standards internet au regard de la gestion de la base de donn\u00e9es et de la protection desdites donn\u00e9es, notamment les donn\u00e9es les plus sensibles (cryptage des mots de passe).<\/p><\/li><li><p><strong>Droits \u00e0 la protection des donn\u00e9es<\/strong> <br \/>Conform\u00e9ment \u00e0 la loi Informatique et Libert\u00e9s et le R\u00e8glement Europ\u00e9en G\u00e9n\u00e9ral sur la Protection des Donn\u00e9es 2016\/679 (RGPD), vous b\u00e9n\u00e9ficiez d\u2019un droit d\u2019acc\u00e8s, de rectification, de portabilit\u00e9, d\u2019effacement de celles-ci ou une limitation du traitement.<br \/><br \/>Vous pouvez vous opposer au traitement des donn\u00e9es vous concernant et disposez du droit de retirer votre consentement \u00e0 tout moment en vous adressant \u00e0 contact@phyzio.be. Pour toute autre demande que vous pourriez avoir concernant la rectification et\/ou l\u2019effacement de vos donn\u00e9es personnelles, veuillez nous contacter via notre formulaire de contact. Nous examinerons votre demande et vous r\u00e9pondrons dans les plus brefs d\u00e9lais.<br \/>Vous avez la possibilit\u00e9 d\u2019introduire une r\u00e9clamation aupr\u00e8s d\u2019une autorit\u00e9 de contr\u00f4le.<\/p><\/li><\/ol><ol start=\"6\"><li><strong>Cookies et tracking<\/strong> <br \/>Un cookie est un fichier enregistr\u00e9 sur votre ordinateur lors de votre navigation sur un site internet. Un cookie ne recueille pas de donn\u00e9es personnelles mais collecte des donn\u00e9es relatives \u00e0 votre navigation. Par d\u00e9faut tous les navigateurs internet autorisent l\u2019utilisation de cookies.<br \/>phyzio.be utilise les cookies et le tracking afin de mesurer l\u2019audience sur le site, d\u2019am\u00e9liorer l\u2019exp\u00e9rience de navigation sur le site.<br \/>Vous pouvez choisir de refuser les cookies, auquel cas votre navigation pourra \u00eatre r\u00e9duite pour acc\u00e9der \u00e0 certaines pages du site. Les cookies que nous utilisons ont pour but de reconna\u00eetre les utilisateurs lors d\u2019une prochaine visite, de s\u00e9curiser les paiements que les utilisateurs peuvent \u00eatre amen\u00e9s \u00e0 r\u00e9aliser, d\u2019enregistrer la langue parl\u00e9e par les utilisateurs ou autres pr\u00e9f\u00e9rences n\u00e9cessaires \u00e0 la fourniture du service demand\u00e9.<\/li><\/ol>\t\t\t\t\t\t\t\t<\/div>\n\t\t\t\t<\/div>\n\t\t\t\t\t<\/div>\n\t\t\t\t<\/div>\n\t\t\t\t<\/div>","protected":false},"excerpt":{"rendered":"<p>La confidentialit\u00e9 et la protection de vos donn\u00e9es a toujours \u00e9t\u00e9 un principe et enjeu majeur dans le d\u00e9veloppement de notre site et dans notre volont\u00e9 de vous fournir un service s\u00e9curis\u00e9. A travers cette politique de confidentialit\u00e9, nous visons vous communiquer de mani\u00e8re transparente nos r\u00e8gles concernant la gestion, le stockage et le traitement [&hellip;]<\/p>\n","protected":false},"author":1,"featured_media":0,"parent":0,"menu_order":0,"comment_status":"closed","ping_status":"closed","template":"elementor_header_footer","meta":{"footnotes":""},"class_list":["post-9404","page","type-page","status-publish","hentry"],"yoast_head":"<!-- This site is optimized with the Yoast SEO plugin v27.1.1 - https:\/\/yoast.com\/product\/yoast-seo-wordpress\/ -->\n<title>Politique de confidentialit\u00e9 - Phyzio<\/title>\n<meta name=\"description\" content=\"Retrouvez notre politique de confidentialit\u00e9.\" \/>\n<meta name=\"robots\" content=\"index, follow, max-snippet:-1, max-image-preview:large, max-video-preview:-1\" \/>\n<link rel=\"canonical\" href=\"https:\/\/www.phyzio.be\/en\/politique-de-confidentialite\/\" \/>\n<meta property=\"og:locale\" content=\"en_GB\" \/>\n<meta property=\"og:type\" content=\"article\" \/>\n<meta property=\"og:title\" content=\"Politique de confidentialit\u00e9 - Phyzio\" \/>\n<meta property=\"og:description\" content=\"Retrouvez notre politique de confidentialit\u00e9.\" \/>\n<meta property=\"og:url\" content=\"https:\/\/www.phyzio.be\/en\/politique-de-confidentialite\/\" \/>\n<meta property=\"og:site_name\" content=\"Phyzio\" \/>\n<meta property=\"article:modified_time\" content=\"2024-02-05T15:24:22+00:00\" \/>\n<meta name=\"twitter:card\" content=\"summary_large_image\" \/>\n<meta name=\"twitter:label1\" content=\"Estimated reading time\" \/>\n\t<meta name=\"twitter:data1\" content=\"5 minutes\" \/>\n<script type=\"application\/ld+json\" class=\"yoast-schema-graph\">{\"@context\":\"https:\/\/schema.org\",\"@graph\":[{\"@type\":\"WebPage\",\"@id\":\"https:\/\/www.phyzio.be\/politique-de-confidentialite\/\",\"url\":\"https:\/\/www.phyzio.be\/politique-de-confidentialite\/\",\"name\":\"Politique de confidentialit\u00e9 - Phyzio\",\"isPartOf\":{\"@id\":\"https:\/\/www.phyzio.be\/#website\"},\"datePublished\":\"2023-12-05T11:53:08+00:00\",\"dateModified\":\"2024-02-05T15:24:22+00:00\",\"description\":\"Retrouvez notre politique de confidentialit\u00e9.\",\"breadcrumb\":{\"@id\":\"https:\/\/www.phyzio.be\/politique-de-confidentialite\/#breadcrumb\"},\"inLanguage\":\"en-GB\",\"potentialAction\":[{\"@type\":\"ReadAction\",\"target\":[\"https:\/\/www.phyzio.be\/politique-de-confidentialite\/\"]}]},{\"@type\":\"BreadcrumbList\",\"@id\":\"https:\/\/www.phyzio.be\/politique-de-confidentialite\/#breadcrumb\",\"itemListElement\":[{\"@type\":\"ListItem\",\"position\":1,\"name\":\"Accueil\",\"item\":\"https:\/\/www.phyzio.be\/\"},{\"@type\":\"ListItem\",\"position\":2,\"name\":\"Politique de confidentialit\u00e9\"}]},{\"@type\":\"WebSite\",\"@id\":\"https:\/\/www.phyzio.be\/#website\",\"url\":\"https:\/\/www.phyzio.be\/\",\"name\":\"Phyzio\",\"description\":\"Compression sportive\",\"potentialAction\":[{\"@type\":\"SearchAction\",\"target\":{\"@type\":\"EntryPoint\",\"urlTemplate\":\"https:\/\/www.phyzio.be\/?s={search_term_string}\"},\"query-input\":{\"@type\":\"PropertyValueSpecification\",\"valueRequired\":true,\"valueName\":\"search_term_string\"}}],\"inLanguage\":\"en-GB\"}]}<\/script>\n<!-- \/ Yoast SEO plugin. -->","yoast_head_json":{"title":"Politique de confidentialit\u00e9 - Phyzio","description":"Retrouvez notre politique de confidentialit\u00e9.","robots":{"index":"index","follow":"follow","max-snippet":"max-snippet:-1","max-image-preview":"max-image-preview:large","max-video-preview":"max-video-preview:-1"},"canonical":"https:\/\/www.phyzio.be\/en\/politique-de-confidentialite\/","og_locale":"en_GB","og_type":"article","og_title":"Politique de confidentialit\u00e9 - Phyzio","og_description":"Retrouvez notre politique de confidentialit\u00e9.","og_url":"https:\/\/www.phyzio.be\/en\/politique-de-confidentialite\/","og_site_name":"Phyzio","article_modified_time":"2024-02-05T15:24:22+00:00","twitter_card":"summary_large_image","twitter_misc":{"Estimated reading time":"5 minutes"},"schema":{"@context":"https:\/\/schema.org","@graph":[{"@type":"WebPage","@id":"https:\/\/www.phyzio.be\/politique-de-confidentialite\/","url":"https:\/\/www.phyzio.be\/politique-de-confidentialite\/","name":"Politique de confidentialit\u00e9 - Phyzio","isPartOf":{"@id":"https:\/\/www.phyzio.be\/#website"},"datePublished":"2023-12-05T11:53:08+00:00","dateModified":"2024-02-05T15:24:22+00:00","description":"Retrouvez notre politique de confidentialit\u00e9.","breadcrumb":{"@id":"https:\/\/www.phyzio.be\/politique-de-confidentialite\/#breadcrumb"},"inLanguage":"en-GB","potentialAction":[{"@type":"ReadAction","target":["https:\/\/www.phyzio.be\/politique-de-confidentialite\/"]}]},{"@type":"BreadcrumbList","@id":"https:\/\/www.phyzio.be\/politique-de-confidentialite\/#breadcrumb","itemListElement":[{"@type":"ListItem","position":1,"name":"Accueil","item":"https:\/\/www.phyzio.be\/"},{"@type":"ListItem","position":2,"name":"Politique de confidentialit\u00e9"}]},{"@type":"WebSite","@id":"https:\/\/www.phyzio.be\/#website","url":"https:\/\/www.phyzio.be\/","name":"Phyzio","description":"Compression sportive","potentialAction":[{"@type":"SearchAction","target":{"@type":"EntryPoint","urlTemplate":"https:\/\/www.phyzio.be\/?s={search_term_string}"},"query-input":{"@type":"PropertyValueSpecification","valueRequired":true,"valueName":"search_term_string"}}],"inLanguage":"en-GB"}]}},"_links":{"self":[{"href":"https:\/\/www.phyzio.be\/en\/wp-json\/wp\/v2\/pages\/9404","targetHints":{"allow":["GET"]}}],"collection":[{"href":"https:\/\/www.phyzio.be\/en\/wp-json\/wp\/v2\/pages"}],"about":[{"href":"https:\/\/www.phyzio.be\/en\/wp-json\/wp\/v2\/types\/page"}],"author":[{"embeddable":true,"href":"https:\/\/www.phyzio.be\/en\/wp-json\/wp\/v2\/users\/1"}],"replies":[{"embeddable":true,"href":"https:\/\/www.phyzio.be\/en\/wp-json\/wp\/v2\/comments?post=9404"}],"version-history":[{"count":13,"href":"https:\/\/www.phyzio.be\/en\/wp-json\/wp\/v2\/pages\/9404\/revisions"}],"predecessor-version":[{"id":9567,"href":"https:\/\/www.phyzio.be\/en\/wp-json\/wp\/v2\/pages\/9404\/revisions\/9567"}],"wp:attachment":[{"href":"https:\/\/www.phyzio.be\/en\/wp-json\/wp\/v2\/media?parent=9404"}],"curies":[{"name":"wp","href":"https:\/\/api.w.org\/{rel}","templated":true}]}}