{"id":128,"date":"2023-07-18T09:31:17","date_gmt":"2023-07-18T07:31:17","guid":{"rendered":"https:\/\/www.phyzio.be\/?post_type=product&#038;p=128"},"modified":"2025-06-04T07:02:27","modified_gmt":"2025-06-04T05:02:27","slug":"kneefreez-post-op-genouillere-de-cryotherapie-freezsnow","status":"publish","type":"product","link":"https:\/\/www.phyzio.be\/en\/product\/kneefreez-post-op-genouillere-de-cryotherapie-freezsnow\/","title":{"rendered":"KNEEFREEZ\u00a0post-op\u00ae\u00a0\u2013 Genouill\u00e8re de cryoth\u00e9rapie Freezsnow"},"content":{"rendered":"<p class=\"p1\"><span class=\"s2\">KNEEFREEZ-post-op\u00ae<\/span><span class=\"s2\">\u00a0est pr\u00e9conis\u00e9e en post-op\u00e9ratoire imm\u00e9diat lors des op\u00e9rations du genou. Facile \u00e0 installer pour un patient alit\u00e9.<\/span><\/p>\n<p class=\"p1\"><span class=\"s1\"><b>EFFETS de\u00a0KNEEFREEZ-post-op\u00ae<\/b><\/span><span class=\"s2\"><br \/>\n\u2013 Diminue l\u2019\u0153d\u00e8me et les h\u00e9matomes (action anti-inflammatoire).<br \/>\n\u2013 Action antalgique favorisant la diminution de la prise m\u00e9dicamenteuse.<br \/>\n\u2013 R\u00e9\u00e9ducation fonctionnelle plus rapide.<\/span><\/p>\n<p class=\"p1\"><span class=\"s1\"><b>PRESCRIPTION de\u00a0KNEEFREEZ-post-op\u00ae<\/b><\/span><span class=\"s2\"><br \/>\n\u2013 Orth\u00e8se de genou articul\u00e9e.<\/span><\/p>\n<p class=\"p1\"><strong><span class=\"s2\">MISE<\/span><span class=\"s3\">\u00a0<\/span><span class=\"s2\">EN<\/span><span class=\"s3\">\u00a0<\/span><span class=\"s2\">PLACE<\/span><span class=\"s3\">\u00a0<\/span><span class=\"s2\">DE<\/span><span class=\"s3\">\u00a0<\/span><span class=\"s2\">LA<\/span><span class=\"s3\">\u00a0<\/span><span class=\"s2\">GENOUILLERE<\/span><span class=\"s3\"> KNEEFREEZ-post-op\u00ae<\/span><\/strong><\/p>\n<p class=\"p1\"><span class=\"s2\">1\/ Mettre les poches de froid Freezsnow\u00ae au cong\u00e9lateur avant la premi\u00e8re utilisation (minimum\u00a0<\/span><span class=\"s1\">4H<\/span><span class=\"s2\">\u00a0avant).<br \/>\n\u2013 Positionner le jersey fourni dans la bo\u00eete sur la jambe du patient afin de ne pas mettre la compresse de froid en contact direct sur la jambe.<br \/>\n\u2013 Ouvrir la genouill\u00e8re et bien enlever les cadrans lat\u00e9raux pour la mise en place post-op\u00e9ratoire.<br \/>\n\u2013 Sortir une grande compresse de froid et la petite compresse du cong\u00e9lateur. Positionner la grande compresse de froid Freezsnow\u00ae (gr\u00e2ce \u00e0 ses 4 velcros) sur la genouill\u00e8re ouverte.<\/span><\/p>\n<p class=\"p1\"><span class=\"s2\">2\/ Positionner la petite compresse de froid sur la cuisse du patient gr\u00e2ce \u00e0 sa sangle avec velcro.<\/span><\/p>\n<p class=\"p1\"><span class=\"s2\">3\/ Mettre la genouill\u00e8re (avec la grande compresse \u00e0 l\u2019int\u00e9rieur) sur le genou en positionnant la rotule dans l\u2019orifice.<br \/>\nFixer les bandes sup\u00e9rieures et inf\u00e9rieures en les passant autour du genou et en les fixant avec la compression souhait\u00e9 gr\u00e2ce aux syst\u00e8mes velcro.<br \/>\n<b><i>Appliquer le froid par cycles de 20\u00a0minutes ou selon le protocole du praticien.<\/i><\/b><\/span><\/p>\n<p class=\"p1\"><span class=\"s2\">TECHNOLOGIE<\/span><span class=\"s4\">\u00a0<\/span><span class=\"s2\">FREEZSNOW<\/span><span class=\"s4\">\u00ae<\/span><\/p>\n<p class=\"p1\"><span class=\"s2\">Notre formule brevet\u00e9e Freezsnow\u00ae restitue un\u00a0<\/span><span class=\"s1\">FROID<\/span><span class=\"s2\">\u00a0<\/span><span class=\"s1\">DE<\/span><span class=\"s2\">\u00a0<\/span><span class=\"s1\">NEIGE<\/span><span class=\"s2\">\u00a0gr\u00e2ce \u00e0 la transformation des billes de gel en cristaux de neige<\/span><\/p>","protected":false},"excerpt":{"rendered":"<p class=\"p1\"><span class=\"s1\">La genouill\u00e8re de cryoth\u00e9rapie\u00a0<\/span><span class=\"s3\">KNEEFREEZ<\/span><span class=\"s1\">\u00a0<\/span><span class=\"s3\">PO<\/span><span class=\"s1\">\u00ae allie la compression avec un\u00a0traitement par le froid de longue dur\u00e9e. La temp\u00e9rature demeure entre 0\u00b0 et 5\u00b0 permettant une application\u00a0<b>sans br\u00fbler la peau<\/b>.<br \/>\nLa genouill\u00e8re\u00a0<\/span><span class=\"s3\">KNEEFREEZ<\/span><span class=\"s1\">\u00a0<\/span><span class=\"s3\">PO<\/span><span class=\"s1\">\u00ae est munie de quatre packs de froid longue dur\u00e9e\u00a0<\/span><span class=\"s3\">FREEZSNOW<\/span><span class=\"s1\">\u00ae (dont deux recharges).<br \/>\nSon syst\u00e8me de fermeture par velcro et son tissu \u00e9lastique permettent d\u2019ajuster l\u2019attelle \u00e0 la taille du\u00a0patient (Taille Universelle).<br \/>\nL\u2019attelle de genou\u00a0<\/span><span class=\"s3\">KNEEFREEZ<\/span><span class=\"s1\">\u00a0<\/span><span class=\"s3\">PO<\/span><span class=\"s1\">\u00ae permet un traitement par le froid de longue dur\u00e9e avec une\u00a0compression adapt\u00e9e afin de limiter la formation de l\u2019oed\u00e8me (action\u00a0anti-inflammatoire), de soulager la douleur et de faciliter la r\u00e9\u00e9ducation du patient.<\/span><\/p>\n<p class=\"p1\"><span class=\"s1\"><b>PRESCRIPTION<\/b><\/span><span class=\"s2\"><br \/>\n\u2013 Orth\u00e8se de genou articul\u00e9e.<\/span><\/p>","protected":false},"featured_media":163,"template":"","meta":[],"product_brand":[],"product_cat":[16],"product_tag":[41,50,18],"berocket_brand":[85],"class_list":{"0":"post-128","1":"product","2":"type-product","3":"status-publish","4":"has-post-thumbnail","6":"product_cat-attelles-genou","7":"product_tag-attelle","8":"product_tag-freezsnow","9":"product_tag-genou","10":"berocket_brand-freezsnow","12":"first","13":"instock","14":"taxable","15":"shipping-taxable","16":"purchasable","17":"product-type-simple"},"yoast_head":"<!-- This site is optimized with the Yoast SEO plugin v27.1.1 - https:\/\/yoast.com\/product\/yoast-seo-wordpress\/ -->\n<title>KNEEFREEZ\u00a0post-op\u00ae\u00a0\u2013 Genouill\u00e8re de cryoth\u00e9rapie Freezsnow - Phyzio<\/title>\n<meta name=\"robots\" content=\"index, follow, max-snippet:-1, max-image-preview:large, max-video-preview:-1\" \/>\n<link rel=\"canonical\" href=\"https:\/\/www.phyzio.be\/en\/product\/kneefreez-post-op-genouillere-de-cryotherapie-freezsnow\/\" \/>\n<meta property=\"og:locale\" content=\"en_GB\" \/>\n<meta property=\"og:type\" content=\"article\" \/>\n<meta property=\"og:title\" content=\"KNEEFREEZ\u00a0post-op\u00ae\u00a0\u2013 Genouill\u00e8re de cryoth\u00e9rapie Freezsnow - Phyzio\" \/>\n<meta property=\"og:description\" content=\"La genouill\u00e8re de cryoth\u00e9rapie\u00a0KNEEFREEZ\u00a0PO\u00ae allie la compression avec un\u00a0traitement par le froid de longue dur\u00e9e. La temp\u00e9rature demeure entre 0\u00b0 et 5\u00b0 permettant une application\u00a0sans br\u00fbler la peau. La genouill\u00e8re\u00a0KNEEFREEZ\u00a0PO\u00ae est munie de quatre packs de froid longue dur\u00e9e\u00a0FREEZSNOW\u00ae (dont deux recharges). Son syst\u00e8me de fermeture par velcro et son tissu \u00e9lastique permettent d\u2019ajuster l\u2019attelle \u00e0 la taille du\u00a0patient (Taille Universelle). L\u2019attelle de genou\u00a0KNEEFREEZ\u00a0PO\u00ae permet un traitement par le froid de longue dur\u00e9e avec une\u00a0compression adapt\u00e9e afin de limiter la formation de l\u2019oed\u00e8me (action\u00a0anti-inflammatoire), de soulager la douleur et de faciliter la r\u00e9\u00e9ducation du patient. PRESCRIPTION \u2013 Orth\u00e8se de genou articul\u00e9e.\" \/>\n<meta property=\"og:url\" content=\"https:\/\/www.phyzio.be\/en\/product\/kneefreez-post-op-genouillere-de-cryotherapie-freezsnow\/\" \/>\n<meta property=\"og:site_name\" content=\"Phyzio\" \/>\n<meta property=\"article:modified_time\" content=\"2025-06-04T05:02:27+00:00\" \/>\n<meta property=\"og:image\" content=\"https:\/\/www.phyzio.be\/wp-content\/uploads\/2023\/07\/freezsnowPO-genou02-1000B.jpg\" \/>\n\t<meta property=\"og:image:width\" content=\"1000\" \/>\n\t<meta property=\"og:image:height\" content=\"1000\" \/>\n\t<meta property=\"og:image:type\" content=\"image\/jpeg\" \/>\n<meta name=\"twitter:card\" content=\"summary_large_image\" \/>\n<meta name=\"twitter:label1\" content=\"Estimated reading time\" \/>\n\t<meta name=\"twitter:data1\" content=\"1 minute\" \/>\n<script type=\"application\/ld+json\" class=\"yoast-schema-graph\">{\"@context\":\"https:\/\/schema.org\",\"@graph\":[{\"@type\":\"WebPage\",\"@id\":\"https:\/\/www.phyzio.be\/produit\/kneefreez-post-op-genouillere-de-cryotherapie-freezsnow\/\",\"url\":\"https:\/\/www.phyzio.be\/produit\/kneefreez-post-op-genouillere-de-cryotherapie-freezsnow\/\",\"name\":\"KNEEFREEZ\u00a0post-op\u00ae\u00a0\u2013 Genouill\u00e8re de cryoth\u00e9rapie Freezsnow - Phyzio\",\"isPartOf\":{\"@id\":\"https:\/\/www.phyzio.be\/#website\"},\"primaryImageOfPage\":{\"@id\":\"https:\/\/www.phyzio.be\/produit\/kneefreez-post-op-genouillere-de-cryotherapie-freezsnow\/#primaryimage\"},\"image\":{\"@id\":\"https:\/\/www.phyzio.be\/produit\/kneefreez-post-op-genouillere-de-cryotherapie-freezsnow\/#primaryimage\"},\"thumbnailUrl\":\"https:\/\/www.phyzio.be\/wp-content\/uploads\/2023\/07\/freezsnowPO-genou02-1000B.jpg\",\"datePublished\":\"2023-07-18T07:31:17+00:00\",\"dateModified\":\"2025-06-04T05:02:27+00:00\",\"breadcrumb\":{\"@id\":\"https:\/\/www.phyzio.be\/produit\/kneefreez-post-op-genouillere-de-cryotherapie-freezsnow\/#breadcrumb\"},\"inLanguage\":\"en-GB\",\"potentialAction\":[{\"@type\":\"ReadAction\",\"target\":[\"https:\/\/www.phyzio.be\/produit\/kneefreez-post-op-genouillere-de-cryotherapie-freezsnow\/\"]}]},{\"@type\":\"ImageObject\",\"inLanguage\":\"en-GB\",\"@id\":\"https:\/\/www.phyzio.be\/produit\/kneefreez-post-op-genouillere-de-cryotherapie-freezsnow\/#primaryimage\",\"url\":\"https:\/\/www.phyzio.be\/wp-content\/uploads\/2023\/07\/freezsnowPO-genou02-1000B.jpg\",\"contentUrl\":\"https:\/\/www.phyzio.be\/wp-content\/uploads\/2023\/07\/freezsnowPO-genou02-1000B.jpg\",\"width\":1000,\"height\":1000},{\"@type\":\"BreadcrumbList\",\"@id\":\"https:\/\/www.phyzio.be\/produit\/kneefreez-post-op-genouillere-de-cryotherapie-freezsnow\/#breadcrumb\",\"itemListElement\":[{\"@type\":\"ListItem\",\"position\":1,\"name\":\"Accueil\",\"item\":\"https:\/\/www.phyzio.be\/\"},{\"@type\":\"ListItem\",\"position\":2,\"name\":\"Boutique\",\"item\":\"https:\/\/www.phyzio.be\/boutique\/\"},{\"@type\":\"ListItem\",\"position\":3,\"name\":\"KNEEFREEZ\u00a0post-op\u00ae\u00a0\u2013 Genouill\u00e8re de cryoth\u00e9rapie Freezsnow\"}]},{\"@type\":\"WebSite\",\"@id\":\"https:\/\/www.phyzio.be\/#website\",\"url\":\"https:\/\/www.phyzio.be\/\",\"name\":\"Phyzio\",\"description\":\"Compression sportive\",\"potentialAction\":[{\"@type\":\"SearchAction\",\"target\":{\"@type\":\"EntryPoint\",\"urlTemplate\":\"https:\/\/www.phyzio.be\/?s={search_term_string}\"},\"query-input\":{\"@type\":\"PropertyValueSpecification\",\"valueRequired\":true,\"valueName\":\"search_term_string\"}}],\"inLanguage\":\"en-GB\"}]}<\/script>\n<!-- \/ Yoast SEO plugin. -->","yoast_head_json":{"title":"KNEEFREEZ\u00a0post-op\u00ae\u00a0\u2013 Genouill\u00e8re de cryoth\u00e9rapie Freezsnow - Phyzio","robots":{"index":"index","follow":"follow","max-snippet":"max-snippet:-1","max-image-preview":"max-image-preview:large","max-video-preview":"max-video-preview:-1"},"canonical":"https:\/\/www.phyzio.be\/en\/product\/kneefreez-post-op-genouillere-de-cryotherapie-freezsnow\/","og_locale":"en_GB","og_type":"article","og_title":"KNEEFREEZ\u00a0post-op\u00ae\u00a0\u2013 Genouill\u00e8re de cryoth\u00e9rapie Freezsnow - Phyzio","og_description":"La genouill\u00e8re de cryoth\u00e9rapie\u00a0KNEEFREEZ\u00a0PO\u00ae allie la compression avec un\u00a0traitement par le froid de longue dur\u00e9e. La temp\u00e9rature demeure entre 0\u00b0 et 5\u00b0 permettant une application\u00a0sans br\u00fbler la peau. La genouill\u00e8re\u00a0KNEEFREEZ\u00a0PO\u00ae est munie de quatre packs de froid longue dur\u00e9e\u00a0FREEZSNOW\u00ae (dont deux recharges). Son syst\u00e8me de fermeture par velcro et son tissu \u00e9lastique permettent d\u2019ajuster l\u2019attelle \u00e0 la taille du\u00a0patient (Taille Universelle). L\u2019attelle de genou\u00a0KNEEFREEZ\u00a0PO\u00ae permet un traitement par le froid de longue dur\u00e9e avec une\u00a0compression adapt\u00e9e afin de limiter la formation de l\u2019oed\u00e8me (action\u00a0anti-inflammatoire), de soulager la douleur et de faciliter la r\u00e9\u00e9ducation du patient. PRESCRIPTION \u2013 Orth\u00e8se de genou articul\u00e9e.","og_url":"https:\/\/www.phyzio.be\/en\/product\/kneefreez-post-op-genouillere-de-cryotherapie-freezsnow\/","og_site_name":"Phyzio","article_modified_time":"2025-06-04T05:02:27+00:00","og_image":[{"width":1000,"height":1000,"url":"https:\/\/www.phyzio.be\/wp-content\/uploads\/2023\/07\/freezsnowPO-genou02-1000B.jpg","type":"image\/jpeg"}],"twitter_card":"summary_large_image","twitter_misc":{"Estimated reading time":"1 minute"},"schema":{"@context":"https:\/\/schema.org","@graph":[{"@type":"WebPage","@id":"https:\/\/www.phyzio.be\/produit\/kneefreez-post-op-genouillere-de-cryotherapie-freezsnow\/","url":"https:\/\/www.phyzio.be\/produit\/kneefreez-post-op-genouillere-de-cryotherapie-freezsnow\/","name":"KNEEFREEZ\u00a0post-op\u00ae\u00a0\u2013 Genouill\u00e8re de cryoth\u00e9rapie Freezsnow - Phyzio","isPartOf":{"@id":"https:\/\/www.phyzio.be\/#website"},"primaryImageOfPage":{"@id":"https:\/\/www.phyzio.be\/produit\/kneefreez-post-op-genouillere-de-cryotherapie-freezsnow\/#primaryimage"},"image":{"@id":"https:\/\/www.phyzio.be\/produit\/kneefreez-post-op-genouillere-de-cryotherapie-freezsnow\/#primaryimage"},"thumbnailUrl":"https:\/\/www.phyzio.be\/wp-content\/uploads\/2023\/07\/freezsnowPO-genou02-1000B.jpg","datePublished":"2023-07-18T07:31:17+00:00","dateModified":"2025-06-04T05:02:27+00:00","breadcrumb":{"@id":"https:\/\/www.phyzio.be\/produit\/kneefreez-post-op-genouillere-de-cryotherapie-freezsnow\/#breadcrumb"},"inLanguage":"en-GB","potentialAction":[{"@type":"ReadAction","target":["https:\/\/www.phyzio.be\/produit\/kneefreez-post-op-genouillere-de-cryotherapie-freezsnow\/"]}]},{"@type":"ImageObject","inLanguage":"en-GB","@id":"https:\/\/www.phyzio.be\/produit\/kneefreez-post-op-genouillere-de-cryotherapie-freezsnow\/#primaryimage","url":"https:\/\/www.phyzio.be\/wp-content\/uploads\/2023\/07\/freezsnowPO-genou02-1000B.jpg","contentUrl":"https:\/\/www.phyzio.be\/wp-content\/uploads\/2023\/07\/freezsnowPO-genou02-1000B.jpg","width":1000,"height":1000},{"@type":"BreadcrumbList","@id":"https:\/\/www.phyzio.be\/produit\/kneefreez-post-op-genouillere-de-cryotherapie-freezsnow\/#breadcrumb","itemListElement":[{"@type":"ListItem","position":1,"name":"Accueil","item":"https:\/\/www.phyzio.be\/"},{"@type":"ListItem","position":2,"name":"Boutique","item":"https:\/\/www.phyzio.be\/boutique\/"},{"@type":"ListItem","position":3,"name":"KNEEFREEZ\u00a0post-op\u00ae\u00a0\u2013 Genouill\u00e8re de cryoth\u00e9rapie Freezsnow"}]},{"@type":"WebSite","@id":"https:\/\/www.phyzio.be\/#website","url":"https:\/\/www.phyzio.be\/","name":"Phyzio","description":"Compression sportive","potentialAction":[{"@type":"SearchAction","target":{"@type":"EntryPoint","urlTemplate":"https:\/\/www.phyzio.be\/?s={search_term_string}"},"query-input":{"@type":"PropertyValueSpecification","valueRequired":true,"valueName":"search_term_string"}}],"inLanguage":"en-GB"}]}},"_links":{"self":[{"href":"https:\/\/www.phyzio.be\/en\/wp-json\/wp\/v2\/product\/128","targetHints":{"allow":["GET"]}}],"collection":[{"href":"https:\/\/www.phyzio.be\/en\/wp-json\/wp\/v2\/product"}],"about":[{"href":"https:\/\/www.phyzio.be\/en\/wp-json\/wp\/v2\/types\/product"}],"version-history":[{"count":1,"href":"https:\/\/www.phyzio.be\/en\/wp-json\/wp\/v2\/product\/128\/revisions"}],"predecessor-version":[{"id":528,"href":"https:\/\/www.phyzio.be\/en\/wp-json\/wp\/v2\/product\/128\/revisions\/528"}],"wp:featuredmedia":[{"embeddable":true,"href":"https:\/\/www.phyzio.be\/en\/wp-json\/wp\/v2\/media\/163"}],"wp:attachment":[{"href":"https:\/\/www.phyzio.be\/en\/wp-json\/wp\/v2\/media?parent=128"}],"wp:term":[{"taxonomy":"product_brand","embeddable":true,"href":"https:\/\/www.phyzio.be\/en\/wp-json\/wp\/v2\/product_brand?post=128"},{"taxonomy":"product_cat","embeddable":true,"href":"https:\/\/www.phyzio.be\/en\/wp-json\/wp\/v2\/product_cat?post=128"},{"taxonomy":"product_tag","embeddable":true,"href":"https:\/\/www.phyzio.be\/en\/wp-json\/wp\/v2\/product_tag?post=128"},{"taxonomy":"berocket_brand","embeddable":true,"href":"https:\/\/www.phyzio.be\/en\/wp-json\/wp\/v2\/berocket_brand?post=128"}],"curies":[{"name":"wp","href":"https:\/\/api.w.org\/{rel}","templated":true}]}}