{"id":129,"date":"2023-07-18T09:31:17","date_gmt":"2023-07-18T07:31:17","guid":{"rendered":"https:\/\/www.phyzio.be\/?post_type=product&#038;p=129"},"modified":"2025-06-04T07:02:28","modified_gmt":"2025-06-04T05:02:28","slug":"handfreez-attelle-de-poignet-de-cryotherapie-freezsnow","status":"publish","type":"product","link":"https:\/\/www.phyzio.be\/en\/product\/handfreez-attelle-de-poignet-de-cryotherapie-freezsnow\/","title":{"rendered":"HANDFREEZ\u00ae\u00a0\u2013 Attelle de poignet de cryoth\u00e9rapie Freezsnow"},"content":{"rendered":"<p class=\"p1\"><span class=\"s2\">L\u2019attelle de poignet HANDFREEZ\u00ae est recommand\u00e9e en utilisation post-op\u00e9ratoire ou post-traumatique de la main et du poignet.<\/span><\/p>\n<p class=\"p1\"><span class=\"s1\"><b>EFFETS<\/b><\/span><span class=\"s2\"><br \/>\n\u2013 Diminue l\u2019oed\u00e8me et les h\u00e9matomes (action anti-inflammatoire).<br \/>\n\u2013 Action antalgique favorisant la diminution de la prise m\u00e9dicamenteuse.<br \/>\n\u2013 R\u00e9\u00e9ducation fonctionnelle plus rapide.<\/span><\/p>\n<p class=\"p1\"><span class=\"s1\"><b>PRESCRIPTION<\/b><\/span><span class=\"s2\"><br \/>\n&#8211;\u00a0Orth\u00e8se de poignet<\/span><\/p>\n<p class=\"p1\"><strong><span class=\"s2\">MISE<\/span><span class=\"s3\">\u00a0<\/span><span class=\"s2\">EN<\/span><span class=\"s3\">\u00a0<\/span><span class=\"s2\">PLACE<\/span><span class=\"s3\">\u00a0<\/span><span class=\"s2\">DE<\/span><span class=\"s3\">\u00a0L\u2019<\/span><span class=\"s2\">ATTELLE<\/span><span class=\"s3\">\u00a0<\/span><span class=\"s2\">DE<\/span><span class=\"s3\">\u00a0<\/span><span class=\"s2\">POIGNET<\/span><span class=\"s3\">\u00a0<\/span><span class=\"s2\">HANDFREEZ<\/span><span class=\"s3\">\u00ae<\/span><\/strong><\/p>\n<p class=\"p1\"><span class=\"s2\">1\/ Mettre les gantelets noirs (munis des poches de froid Freezsnow\u00ae \u00e0 l\u2019int\u00e9rieur) au cong\u00e9lateur avant la premi\u00e8re utilisation (minimum\u00a0<\/span><span class=\"s1\">4H<\/span><span class=\"s2\">\u00a0avant).<br \/>\n\u2013 Sortir un gantelet noir du cong\u00e9lateur et le positionner autour du poignet (voir notice).<br \/>\n2\/ Installer par-dessus l\u2019attelle de poignet en positionnant l\u2019\u00e9clisse amovible dans le sens souhait\u00e9 (R pour le c\u00f4t\u00e9 droit et L pour le c\u00f4t\u00e9 gauche\u00a0: voir notice).<br \/>\n3\/ Serrer les velcros de l\u2019attelle de poignet en fonction de la compression souhait\u00e9e.<\/span><\/p>\n<p class=\"p1\"><span class=\"s2\">Appliquer le froid par cycles de 20\u00a0minutes ou selon le protocole du praticien.<\/span><\/p>\n<p class=\"p1\"><strong><span class=\"s2\">TECHNOLOGIE<\/span><span class=\"s4\">\u00a0<\/span><span class=\"s2\">FREEZSNOW<\/span><span class=\"s4\">\u00ae<\/span><\/strong><\/p>\n<p class=\"p1\"><span class=\"s2\">Notre formule brevet\u00e9e Freezsnow\u00ae restitue un\u00a0<\/span><span class=\"s1\">FROID<\/span><span class=\"s2\">\u00a0<\/span><span class=\"s1\">DE<\/span><span class=\"s2\">\u00a0<\/span><span class=\"s1\">NEIGE<\/span><span class=\"s2\">\u00a0gr\u00e2ce \u00e0 la transformation des billes de gel en cristaux de neige<\/span><\/p>","protected":false},"excerpt":{"rendered":"<p class=\"p1\"><span class=\"s1\">L\u2019attelle de poignet de cryoth\u00e9rapie Handfreez\u00ae est utilis\u00e9e en post-op\u00e9ratoire apr\u00e8s chirurgie de la\u00a0main.<\/span><\/p>\n<p class=\"p1\"><span class=\"s1\">Sa taille\u00a0<\/span><span class=\"s2\">UNIVERSELLE<\/span><span class=\"s1\">\u00a0et\u00a0<\/span><span class=\"s2\">AMBIDEXTRE<\/span><span class=\"s1\">\u00a0s\u2019adapte \u00e0 toutes les morphologies gr\u00e2ce \u00e0 ses \u00e9clisses amovibles et ses r\u00e9glages velcro. La cryoth\u00e9rapie Freezsnow\u00ae alli\u00e9e \u00e0 la compression de l\u2019attelle permet de limiter l\u2019\u0153d\u00e8me et de soulager la douleur du patient. L\u2019attelle est livr\u00e9e avec un gantelet interne comprenant la poche de froid \u00e0 l\u2019int\u00e9rieur (plus une recharge incluse).<\/span><\/p>\n<p class=\"p1\"><span class=\"s1\"><b>PRESCRIPTION<\/b><\/span><span class=\"s2\"><br \/>\n&#8211;\u00a0Orth\u00e8se de poignet<\/span><\/p>","protected":false},"featured_media":165,"template":"","meta":[],"product_brand":[],"product_cat":[24,102],"product_tag":[41,50,25],"berocket_brand":[85],"class_list":{"0":"post-129","1":"product","2":"type-product","3":"status-publish","4":"has-post-thumbnail","6":"product_cat-attelles-poignet","7":"product_cat-poignet","8":"product_tag-attelle","9":"product_tag-freezsnow","10":"product_tag-poignet","11":"berocket_brand-freezsnow","13":"first","14":"instock","15":"featured","16":"taxable","17":"shipping-taxable","18":"purchasable","19":"product-type-simple"},"yoast_head":"<!-- This site is optimized with the Yoast SEO plugin v27.1.1 - https:\/\/yoast.com\/product\/yoast-seo-wordpress\/ -->\n<title>HANDFREEZ\u00ae\u00a0\u2013 Attelle de poignet de cryoth\u00e9rapie Freezsnow - Phyzio<\/title>\n<meta name=\"robots\" content=\"index, follow, max-snippet:-1, max-image-preview:large, max-video-preview:-1\" \/>\n<link rel=\"canonical\" href=\"https:\/\/www.phyzio.be\/en\/product\/handfreez-attelle-de-poignet-de-cryotherapie-freezsnow\/\" \/>\n<meta property=\"og:locale\" content=\"en_GB\" \/>\n<meta property=\"og:type\" content=\"article\" \/>\n<meta property=\"og:title\" content=\"HANDFREEZ\u00ae\u00a0\u2013 Attelle de poignet de cryoth\u00e9rapie Freezsnow - Phyzio\" \/>\n<meta property=\"og:description\" content=\"L\u2019attelle de poignet de cryoth\u00e9rapie Handfreez\u00ae est utilis\u00e9e en post-op\u00e9ratoire apr\u00e8s chirurgie de la\u00a0main. Sa taille\u00a0UNIVERSELLE\u00a0et\u00a0AMBIDEXTRE\u00a0s\u2019adapte \u00e0 toutes les morphologies gr\u00e2ce \u00e0 ses \u00e9clisses amovibles et ses r\u00e9glages velcro. La cryoth\u00e9rapie Freezsnow\u00ae alli\u00e9e \u00e0 la compression de l\u2019attelle permet de limiter l\u2019\u0153d\u00e8me et de soulager la douleur du patient. L\u2019attelle est livr\u00e9e avec un gantelet interne comprenant la poche de froid \u00e0 l\u2019int\u00e9rieur (plus une recharge incluse). PRESCRIPTION -\u00a0Orth\u00e8se de poignet\" \/>\n<meta property=\"og:url\" content=\"https:\/\/www.phyzio.be\/en\/product\/handfreez-attelle-de-poignet-de-cryotherapie-freezsnow\/\" \/>\n<meta property=\"og:site_name\" content=\"Phyzio\" \/>\n<meta property=\"article:modified_time\" content=\"2025-06-04T05:02:28+00:00\" \/>\n<meta property=\"og:image\" content=\"https:\/\/www.phyzio.be\/wp-content\/uploads\/2023\/07\/freezsnow-poignet-1000B.jpg\" \/>\n\t<meta property=\"og:image:width\" content=\"1712\" \/>\n\t<meta property=\"og:image:height\" content=\"1713\" \/>\n\t<meta property=\"og:image:type\" content=\"image\/jpeg\" \/>\n<meta name=\"twitter:card\" content=\"summary_large_image\" \/>\n<meta name=\"twitter:label1\" content=\"Estimated reading time\" \/>\n\t<meta name=\"twitter:data1\" content=\"1 minute\" \/>\n<script type=\"application\/ld+json\" class=\"yoast-schema-graph\">{\"@context\":\"https:\/\/schema.org\",\"@graph\":[{\"@type\":\"WebPage\",\"@id\":\"https:\/\/www.phyzio.be\/produit\/handfreez-attelle-de-poignet-de-cryotherapie-freezsnow\/\",\"url\":\"https:\/\/www.phyzio.be\/produit\/handfreez-attelle-de-poignet-de-cryotherapie-freezsnow\/\",\"name\":\"HANDFREEZ\u00ae\u00a0\u2013 Attelle de poignet de cryoth\u00e9rapie Freezsnow - Phyzio\",\"isPartOf\":{\"@id\":\"https:\/\/www.phyzio.be\/#website\"},\"primaryImageOfPage\":{\"@id\":\"https:\/\/www.phyzio.be\/produit\/handfreez-attelle-de-poignet-de-cryotherapie-freezsnow\/#primaryimage\"},\"image\":{\"@id\":\"https:\/\/www.phyzio.be\/produit\/handfreez-attelle-de-poignet-de-cryotherapie-freezsnow\/#primaryimage\"},\"thumbnailUrl\":\"https:\/\/www.phyzio.be\/wp-content\/uploads\/2023\/07\/freezsnow-poignet-1000B.jpg\",\"datePublished\":\"2023-07-18T07:31:17+00:00\",\"dateModified\":\"2025-06-04T05:02:28+00:00\",\"breadcrumb\":{\"@id\":\"https:\/\/www.phyzio.be\/produit\/handfreez-attelle-de-poignet-de-cryotherapie-freezsnow\/#breadcrumb\"},\"inLanguage\":\"en-GB\",\"potentialAction\":[{\"@type\":\"ReadAction\",\"target\":[\"https:\/\/www.phyzio.be\/produit\/handfreez-attelle-de-poignet-de-cryotherapie-freezsnow\/\"]}]},{\"@type\":\"ImageObject\",\"inLanguage\":\"en-GB\",\"@id\":\"https:\/\/www.phyzio.be\/produit\/handfreez-attelle-de-poignet-de-cryotherapie-freezsnow\/#primaryimage\",\"url\":\"https:\/\/www.phyzio.be\/wp-content\/uploads\/2023\/07\/freezsnow-poignet-1000B.jpg\",\"contentUrl\":\"https:\/\/www.phyzio.be\/wp-content\/uploads\/2023\/07\/freezsnow-poignet-1000B.jpg\",\"width\":1712,\"height\":1713},{\"@type\":\"BreadcrumbList\",\"@id\":\"https:\/\/www.phyzio.be\/produit\/handfreez-attelle-de-poignet-de-cryotherapie-freezsnow\/#breadcrumb\",\"itemListElement\":[{\"@type\":\"ListItem\",\"position\":1,\"name\":\"Accueil\",\"item\":\"https:\/\/www.phyzio.be\/\"},{\"@type\":\"ListItem\",\"position\":2,\"name\":\"Boutique\",\"item\":\"https:\/\/www.phyzio.be\/boutique\/\"},{\"@type\":\"ListItem\",\"position\":3,\"name\":\"HANDFREEZ\u00ae\u00a0\u2013 Attelle de poignet de cryoth\u00e9rapie Freezsnow\"}]},{\"@type\":\"WebSite\",\"@id\":\"https:\/\/www.phyzio.be\/#website\",\"url\":\"https:\/\/www.phyzio.be\/\",\"name\":\"Phyzio\",\"description\":\"Compression sportive\",\"potentialAction\":[{\"@type\":\"SearchAction\",\"target\":{\"@type\":\"EntryPoint\",\"urlTemplate\":\"https:\/\/www.phyzio.be\/?s={search_term_string}\"},\"query-input\":{\"@type\":\"PropertyValueSpecification\",\"valueRequired\":true,\"valueName\":\"search_term_string\"}}],\"inLanguage\":\"en-GB\"}]}<\/script>\n<!-- \/ Yoast SEO plugin. -->","yoast_head_json":{"title":"HANDFREEZ\u00ae\u00a0\u2013 Attelle de poignet de cryoth\u00e9rapie Freezsnow - Phyzio","robots":{"index":"index","follow":"follow","max-snippet":"max-snippet:-1","max-image-preview":"max-image-preview:large","max-video-preview":"max-video-preview:-1"},"canonical":"https:\/\/www.phyzio.be\/en\/product\/handfreez-attelle-de-poignet-de-cryotherapie-freezsnow\/","og_locale":"en_GB","og_type":"article","og_title":"HANDFREEZ\u00ae\u00a0\u2013 Attelle de poignet de cryoth\u00e9rapie Freezsnow - Phyzio","og_description":"L\u2019attelle de poignet de cryoth\u00e9rapie Handfreez\u00ae est utilis\u00e9e en post-op\u00e9ratoire apr\u00e8s chirurgie de la\u00a0main. Sa taille\u00a0UNIVERSELLE\u00a0et\u00a0AMBIDEXTRE\u00a0s\u2019adapte \u00e0 toutes les morphologies gr\u00e2ce \u00e0 ses \u00e9clisses amovibles et ses r\u00e9glages velcro. La cryoth\u00e9rapie Freezsnow\u00ae alli\u00e9e \u00e0 la compression de l\u2019attelle permet de limiter l\u2019\u0153d\u00e8me et de soulager la douleur du patient. L\u2019attelle est livr\u00e9e avec un gantelet interne comprenant la poche de froid \u00e0 l\u2019int\u00e9rieur (plus une recharge incluse). PRESCRIPTION -\u00a0Orth\u00e8se de poignet","og_url":"https:\/\/www.phyzio.be\/en\/product\/handfreez-attelle-de-poignet-de-cryotherapie-freezsnow\/","og_site_name":"Phyzio","article_modified_time":"2025-06-04T05:02:28+00:00","og_image":[{"width":1712,"height":1713,"url":"https:\/\/www.phyzio.be\/wp-content\/uploads\/2023\/07\/freezsnow-poignet-1000B.jpg","type":"image\/jpeg"}],"twitter_card":"summary_large_image","twitter_misc":{"Estimated reading time":"1 minute"},"schema":{"@context":"https:\/\/schema.org","@graph":[{"@type":"WebPage","@id":"https:\/\/www.phyzio.be\/produit\/handfreez-attelle-de-poignet-de-cryotherapie-freezsnow\/","url":"https:\/\/www.phyzio.be\/produit\/handfreez-attelle-de-poignet-de-cryotherapie-freezsnow\/","name":"HANDFREEZ\u00ae\u00a0\u2013 Attelle de poignet de cryoth\u00e9rapie Freezsnow - Phyzio","isPartOf":{"@id":"https:\/\/www.phyzio.be\/#website"},"primaryImageOfPage":{"@id":"https:\/\/www.phyzio.be\/produit\/handfreez-attelle-de-poignet-de-cryotherapie-freezsnow\/#primaryimage"},"image":{"@id":"https:\/\/www.phyzio.be\/produit\/handfreez-attelle-de-poignet-de-cryotherapie-freezsnow\/#primaryimage"},"thumbnailUrl":"https:\/\/www.phyzio.be\/wp-content\/uploads\/2023\/07\/freezsnow-poignet-1000B.jpg","datePublished":"2023-07-18T07:31:17+00:00","dateModified":"2025-06-04T05:02:28+00:00","breadcrumb":{"@id":"https:\/\/www.phyzio.be\/produit\/handfreez-attelle-de-poignet-de-cryotherapie-freezsnow\/#breadcrumb"},"inLanguage":"en-GB","potentialAction":[{"@type":"ReadAction","target":["https:\/\/www.phyzio.be\/produit\/handfreez-attelle-de-poignet-de-cryotherapie-freezsnow\/"]}]},{"@type":"ImageObject","inLanguage":"en-GB","@id":"https:\/\/www.phyzio.be\/produit\/handfreez-attelle-de-poignet-de-cryotherapie-freezsnow\/#primaryimage","url":"https:\/\/www.phyzio.be\/wp-content\/uploads\/2023\/07\/freezsnow-poignet-1000B.jpg","contentUrl":"https:\/\/www.phyzio.be\/wp-content\/uploads\/2023\/07\/freezsnow-poignet-1000B.jpg","width":1712,"height":1713},{"@type":"BreadcrumbList","@id":"https:\/\/www.phyzio.be\/produit\/handfreez-attelle-de-poignet-de-cryotherapie-freezsnow\/#breadcrumb","itemListElement":[{"@type":"ListItem","position":1,"name":"Accueil","item":"https:\/\/www.phyzio.be\/"},{"@type":"ListItem","position":2,"name":"Boutique","item":"https:\/\/www.phyzio.be\/boutique\/"},{"@type":"ListItem","position":3,"name":"HANDFREEZ\u00ae\u00a0\u2013 Attelle de poignet de cryoth\u00e9rapie Freezsnow"}]},{"@type":"WebSite","@id":"https:\/\/www.phyzio.be\/#website","url":"https:\/\/www.phyzio.be\/","name":"Phyzio","description":"Compression sportive","potentialAction":[{"@type":"SearchAction","target":{"@type":"EntryPoint","urlTemplate":"https:\/\/www.phyzio.be\/?s={search_term_string}"},"query-input":{"@type":"PropertyValueSpecification","valueRequired":true,"valueName":"search_term_string"}}],"inLanguage":"en-GB"}]}},"_links":{"self":[{"href":"https:\/\/www.phyzio.be\/en\/wp-json\/wp\/v2\/product\/129","targetHints":{"allow":["GET"]}}],"collection":[{"href":"https:\/\/www.phyzio.be\/en\/wp-json\/wp\/v2\/product"}],"about":[{"href":"https:\/\/www.phyzio.be\/en\/wp-json\/wp\/v2\/types\/product"}],"version-history":[{"count":1,"href":"https:\/\/www.phyzio.be\/en\/wp-json\/wp\/v2\/product\/129\/revisions"}],"predecessor-version":[{"id":529,"href":"https:\/\/www.phyzio.be\/en\/wp-json\/wp\/v2\/product\/129\/revisions\/529"}],"wp:featuredmedia":[{"embeddable":true,"href":"https:\/\/www.phyzio.be\/en\/wp-json\/wp\/v2\/media\/165"}],"wp:attachment":[{"href":"https:\/\/www.phyzio.be\/en\/wp-json\/wp\/v2\/media?parent=129"}],"wp:term":[{"taxonomy":"product_brand","embeddable":true,"href":"https:\/\/www.phyzio.be\/en\/wp-json\/wp\/v2\/product_brand?post=129"},{"taxonomy":"product_cat","embeddable":true,"href":"https:\/\/www.phyzio.be\/en\/wp-json\/wp\/v2\/product_cat?post=129"},{"taxonomy":"product_tag","embeddable":true,"href":"https:\/\/www.phyzio.be\/en\/wp-json\/wp\/v2\/product_tag?post=129"},{"taxonomy":"berocket_brand","embeddable":true,"href":"https:\/\/www.phyzio.be\/en\/wp-json\/wp\/v2\/berocket_brand?post=129"}],"curies":[{"name":"wp","href":"https:\/\/api.w.org\/{rel}","templated":true}]}}