{"id":147,"date":"2023-07-18T09:31:18","date_gmt":"2023-07-18T07:31:18","guid":{"rendered":"https:\/\/www.phyzio.be\/?post_type=product&#038;p=147"},"modified":"2025-03-31T15:56:42","modified_gmt":"2025-03-31T13:56:42","slug":"attelle-depaule-cryogenique-igloo-avec-coussin-dabduction","status":"publish","type":"product","link":"https:\/\/www.phyzio.be\/en\/product\/attelle-depaule-cryogenique-igloo-avec-coussin-dabduction\/","title":{"rendered":"Attelle d&rsquo;\u00e9paule cryog\u00e9nique Igloo avec coussin d\u2019abduction"},"content":{"rendered":"<h2>Attelle d&rsquo;\u00e9paule universelle cryog\u00e9nique Igloo avec coussin d\u2019abduction<\/h2>\n<p class=\"p1\">Simples d\u2019utilisation, confortables et tr\u00e8s efficaces, les attelles cryog\u00e9niques Igloo<span class=\"s1\">\u00ae<\/span> b\u00e9n\u00e9ficient de technologies innovantes associant cryoth\u00e9rapie, compression et contention.<br \/>\nParticuli\u00e8rement efficaces en phases de douleurs aigu\u00ebs, l\u2019effet antalgique du froid r\u00e9duit les inflammations et les \u0153d\u00e8mes facilitant ainsi la r\u00e9\u00e9ducation.<\/p>\n<p>Le coussin d\u2019abduction permet d\u2019immobiliser le Bras. il est indispensable en cas de luxation ou de subluxation de l\u2019articulation et dans un protocole d\u2019immobilisation du bras. L\u2019attelle d\u2019\u00e9paule est compos\u00e9e d\u2019un coussin qui maintient le degr\u00e9 de de rotation du membre, qu\u2019il soit en position couch\u00e9, debout ou assise.<\/p>\n<p class=\"p1 translation-block\">Designed for all types of patients, igloo\u00ae cryogenic splints are flexible and equipped with Velcro straps, making them perfectly adjustable.<br>\nThey also feature a pump system to regulate pressure as precisely as possible.<\/p>\n<p class=\"translation-block\">\u2013 Sizes : L 60 x H 38 cm about<br>\n\u2013   40 cm hook-and-loop tape for forearm support<br>\n\u2013 160 cm chest band in soft black velvet<br>\n\u2013 hook-and-loop fasteners<br>\n- Meticulous finish<br>\n- 1 air pump<br>\n- 1 removable gel pack included<br><\/p>","protected":false},"excerpt":{"rendered":"<p>Attelle d&rsquo;\u00e9paule universelle cryog\u00e9nique Igloo avec coussin d\u2019abduction<\/p>\n<p>Le coussin d\u2019abduction permet d\u2019immobiliser le Bras. il est indispensable en cas de luxation ou de subluxation de l\u2019articulation et dans un protocole d\u2019immobilisation du bras. L\u2019attelle d\u2019\u00e9paule est compos\u00e9e d\u2019un coussin qui maintient le degr\u00e9 de de rotation du membre, qu\u2019il soit en position couch\u00e9, debout ou assise.<\/p>\n<ul>\n<li><strong>Quickly reduces and relieves pain<\/strong> thanks to the analgesic effect of cold.<\/li>\n<li><strong>One size only.<\/strong><\/li>\n<li><strong>Muscle relaxant.<\/strong><\/li>\n<li><strong>Reduces swelling and inflammation.<\/strong><\/li>\n<li><strong>Easier rehabilitation.<\/strong><\/li>\n<li><strong>Confortable and easy to use<\/strong><\/li>\n<li><strong>Reimbursable product<\/strong>Title of prescription: shoulder orthosis<\/li>\n<li><strong>Satisfaction guaranteed.<\/strong><\/li>\n<\/ul>\n<p>Vid\u00e9o d\u2019utilisation : <a href=\"https:\/\/youtu.be\/IxOiBstFoR8\">https:\/\/youtu.be\/IxOiBstFoR8<\/a><\/p>\n<table style=\"width: 588px;\">\n<tbody>\n<tr>\n<td style=\"width: 154px;\"><a href=\"\/en\/Download the user guide\/\" target=\"_blank\" rel=\"noopener noreferrer\"><img decoding=\"async\" class=\"alignnone wp-image-7385 size-thumbnail\" src=\"http:\/\/www.orthese-cryo.com\/wp-content\/uploads\/2017\/09\/Plaquette-IGLOO-gamme-1_miniature-150x96.jpg\" alt=\"Notice d'utilsation Attelle Epaule Igloo\" width=\"150\" height=\"96\" \/><\/a><\/td>\n<td style=\"width: 412px;\"><a href=\"\/en\/Download the user guide\/\" target=\"_blank\" rel=\"noopener noreferrer\">T\u00e9l\u00e9charger la Notice d&rsquo;utilisation<\/a><\/td>\n<\/tr>\n<\/tbody>\n<\/table>\n<p>&nbsp;<\/p>","protected":false},"featured_media":9871,"template":"","meta":[],"product_brand":[],"product_cat":[19,100],"product_tag":[20,21],"berocket_brand":[77],"class_list":{"0":"post-147","1":"product","2":"type-product","3":"status-publish","4":"has-post-thumbnail","6":"product_cat-attelles-epaule","7":"product_cat-epaule","8":"product_tag-epaule","9":"product_tag-igloo","10":"berocket_brand-igloo","12":"first","13":"instock","14":"featured","15":"taxable","16":"shipping-taxable","17":"purchasable","18":"product-type-variable"},"yoast_head":"<!-- This site is optimized with the Yoast SEO plugin v27.1.1 - https:\/\/yoast.com\/product\/yoast-seo-wordpress\/ -->\n<title>Attelle d&#039;\u00e9paule cryog\u00e9nique Igloo avec coussin d\u2019abduction<\/title>\n<meta name=\"robots\" content=\"index, follow, max-snippet:-1, max-image-preview:large, max-video-preview:-1\" \/>\n<link rel=\"canonical\" href=\"https:\/\/www.phyzio.be\/en\/product\/attelle-depaule-cryogenique-igloo-avec-coussin-dabduction\/\" \/>\n<meta property=\"og:locale\" content=\"en_GB\" \/>\n<meta property=\"og:type\" content=\"article\" \/>\n<meta property=\"og:title\" content=\"Attelle d&#039;\u00e9paule cryog\u00e9nique Igloo avec coussin d\u2019abduction\" \/>\n<meta property=\"og:description\" content=\"Attelle d&#039;\u00e9paule universelle cryog\u00e9nique Igloo avec coussin d\u2019abduction  Le coussin d\u2019abduction permet d\u2019immobiliser le Bras. il est indispensable en cas de luxation ou de subluxation de l\u2019articulation et dans un protocole d\u2019immobilisation du bras. L\u2019attelle d\u2019\u00e9paule est compos\u00e9e d\u2019un coussin qui maintient le degr\u00e9 de de rotation du membre, qu\u2019il soit en position couch\u00e9, debout ou assise.   R\u00e9duit et soulage rapidement la douleur gr\u00e2ce \u00e0 l\u2019effet antalgique du froid.  Taille unique.  D\u00e9contractant musculaire.  R\u00e9duction de l\u2019\u0153d\u00e8me et de l\u2019inflammation.  R\u00e9\u00e9ducation facilit\u00e9e.  Confort et facilit\u00e9 d\u2019utilisation.  Produit remboursableIntitul\u00e9 de l\u2019ordonnance :\u00a0orth\u00e8se d\u2019\u00e9paule  Satisfaction garantie.  Vid\u00e9o d\u2019utilisation : https:\/\/youtu.be\/IxOiBstFoR8     T\u00e9l\u00e9charger la Notice d&#039;utilisation    &nbsp;\" \/>\n<meta property=\"og:url\" content=\"https:\/\/www.phyzio.be\/en\/product\/attelle-depaule-cryogenique-igloo-avec-coussin-dabduction\/\" \/>\n<meta property=\"og:site_name\" content=\"Phyzio\" \/>\n<meta property=\"article:modified_time\" content=\"2025-03-31T13:56:42+00:00\" \/>\n<meta property=\"og:image\" content=\"https:\/\/www.phyzio.be\/wp-content\/uploads\/2023\/07\/EPAULE-MANCHON-scaled-1.webp\" \/>\n\t<meta property=\"og:image:width\" content=\"2000\" \/>\n\t<meta property=\"og:image:height\" content=\"1726\" \/>\n\t<meta property=\"og:image:type\" content=\"image\/webp\" \/>\n<meta name=\"twitter:card\" content=\"summary_large_image\" \/>\n<meta name=\"twitter:label1\" content=\"Estimated reading time\" \/>\n\t<meta name=\"twitter:data1\" content=\"2 minutes\" \/>\n<script type=\"application\/ld+json\" class=\"yoast-schema-graph\">{\"@context\":\"https:\/\/schema.org\",\"@graph\":[{\"@type\":\"WebPage\",\"@id\":\"https:\/\/www.phyzio.be\/produit\/attelle-depaule-cryogenique-igloo-avec-coussin-dabduction\/\",\"url\":\"https:\/\/www.phyzio.be\/produit\/attelle-depaule-cryogenique-igloo-avec-coussin-dabduction\/\",\"name\":\"Attelle d'\u00e9paule cryog\u00e9nique Igloo avec coussin d\u2019abduction\",\"isPartOf\":{\"@id\":\"https:\/\/www.phyzio.be\/#website\"},\"primaryImageOfPage\":{\"@id\":\"https:\/\/www.phyzio.be\/produit\/attelle-depaule-cryogenique-igloo-avec-coussin-dabduction\/#primaryimage\"},\"image\":{\"@id\":\"https:\/\/www.phyzio.be\/produit\/attelle-depaule-cryogenique-igloo-avec-coussin-dabduction\/#primaryimage\"},\"thumbnailUrl\":\"https:\/\/www.phyzio.be\/wp-content\/uploads\/2023\/07\/EPAULE-MANCHON-scaled-1.webp\",\"datePublished\":\"2023-07-18T07:31:18+00:00\",\"dateModified\":\"2025-03-31T13:56:42+00:00\",\"breadcrumb\":{\"@id\":\"https:\/\/www.phyzio.be\/produit\/attelle-depaule-cryogenique-igloo-avec-coussin-dabduction\/#breadcrumb\"},\"inLanguage\":\"en-GB\",\"potentialAction\":[{\"@type\":\"ReadAction\",\"target\":[\"https:\/\/www.phyzio.be\/produit\/attelle-depaule-cryogenique-igloo-avec-coussin-dabduction\/\"]}]},{\"@type\":\"ImageObject\",\"inLanguage\":\"en-GB\",\"@id\":\"https:\/\/www.phyzio.be\/produit\/attelle-depaule-cryogenique-igloo-avec-coussin-dabduction\/#primaryimage\",\"url\":\"https:\/\/www.phyzio.be\/wp-content\/uploads\/2023\/07\/EPAULE-MANCHON-scaled-1.webp\",\"contentUrl\":\"https:\/\/www.phyzio.be\/wp-content\/uploads\/2023\/07\/EPAULE-MANCHON-scaled-1.webp\",\"width\":2000,\"height\":1726},{\"@type\":\"BreadcrumbList\",\"@id\":\"https:\/\/www.phyzio.be\/produit\/attelle-depaule-cryogenique-igloo-avec-coussin-dabduction\/#breadcrumb\",\"itemListElement\":[{\"@type\":\"ListItem\",\"position\":1,\"name\":\"Accueil\",\"item\":\"https:\/\/www.phyzio.be\/\"},{\"@type\":\"ListItem\",\"position\":2,\"name\":\"Boutique\",\"item\":\"https:\/\/www.phyzio.be\/boutique\/\"},{\"@type\":\"ListItem\",\"position\":3,\"name\":\"Attelle d&rsquo;\u00e9paule cryog\u00e9nique Igloo avec coussin d\u2019abduction\"}]},{\"@type\":\"WebSite\",\"@id\":\"https:\/\/www.phyzio.be\/#website\",\"url\":\"https:\/\/www.phyzio.be\/\",\"name\":\"Phyzio\",\"description\":\"Compression sportive\",\"potentialAction\":[{\"@type\":\"SearchAction\",\"target\":{\"@type\":\"EntryPoint\",\"urlTemplate\":\"https:\/\/www.phyzio.be\/?s={search_term_string}\"},\"query-input\":{\"@type\":\"PropertyValueSpecification\",\"valueRequired\":true,\"valueName\":\"search_term_string\"}}],\"inLanguage\":\"en-GB\"}]}<\/script>\n<!-- \/ Yoast SEO plugin. -->","yoast_head_json":{"title":"Attelle d'\u00e9paule cryog\u00e9nique Igloo avec coussin d\u2019abduction","robots":{"index":"index","follow":"follow","max-snippet":"max-snippet:-1","max-image-preview":"max-image-preview:large","max-video-preview":"max-video-preview:-1"},"canonical":"https:\/\/www.phyzio.be\/en\/product\/attelle-depaule-cryogenique-igloo-avec-coussin-dabduction\/","og_locale":"en_GB","og_type":"article","og_title":"Attelle d'\u00e9paule cryog\u00e9nique Igloo avec coussin d\u2019abduction","og_description":"Attelle d'\u00e9paule universelle cryog\u00e9nique Igloo avec coussin d\u2019abduction  Le coussin d\u2019abduction permet d\u2019immobiliser le Bras. il est indispensable en cas de luxation ou de subluxation de l\u2019articulation et dans un protocole d\u2019immobilisation du bras. L\u2019attelle d\u2019\u00e9paule est compos\u00e9e d\u2019un coussin qui maintient le degr\u00e9 de de rotation du membre, qu\u2019il soit en position couch\u00e9, debout ou assise.   R\u00e9duit et soulage rapidement la douleur gr\u00e2ce \u00e0 l\u2019effet antalgique du froid.  Taille unique.  D\u00e9contractant musculaire.  R\u00e9duction de l\u2019\u0153d\u00e8me et de l\u2019inflammation.  R\u00e9\u00e9ducation facilit\u00e9e.  Confort et facilit\u00e9 d\u2019utilisation.  Produit remboursableIntitul\u00e9 de l\u2019ordonnance :\u00a0orth\u00e8se d\u2019\u00e9paule  Satisfaction garantie.  Vid\u00e9o d\u2019utilisation : https:\/\/youtu.be\/IxOiBstFoR8     T\u00e9l\u00e9charger la Notice d'utilisation    &nbsp;","og_url":"https:\/\/www.phyzio.be\/en\/product\/attelle-depaule-cryogenique-igloo-avec-coussin-dabduction\/","og_site_name":"Phyzio","article_modified_time":"2025-03-31T13:56:42+00:00","og_image":[{"width":2000,"height":1726,"url":"https:\/\/www.phyzio.be\/wp-content\/uploads\/2023\/07\/EPAULE-MANCHON-scaled-1.webp","type":"image\/webp"}],"twitter_card":"summary_large_image","twitter_misc":{"Estimated reading time":"2 minutes"},"schema":{"@context":"https:\/\/schema.org","@graph":[{"@type":"WebPage","@id":"https:\/\/www.phyzio.be\/produit\/attelle-depaule-cryogenique-igloo-avec-coussin-dabduction\/","url":"https:\/\/www.phyzio.be\/produit\/attelle-depaule-cryogenique-igloo-avec-coussin-dabduction\/","name":"Attelle d'\u00e9paule cryog\u00e9nique Igloo avec coussin d\u2019abduction","isPartOf":{"@id":"https:\/\/www.phyzio.be\/#website"},"primaryImageOfPage":{"@id":"https:\/\/www.phyzio.be\/produit\/attelle-depaule-cryogenique-igloo-avec-coussin-dabduction\/#primaryimage"},"image":{"@id":"https:\/\/www.phyzio.be\/produit\/attelle-depaule-cryogenique-igloo-avec-coussin-dabduction\/#primaryimage"},"thumbnailUrl":"https:\/\/www.phyzio.be\/wp-content\/uploads\/2023\/07\/EPAULE-MANCHON-scaled-1.webp","datePublished":"2023-07-18T07:31:18+00:00","dateModified":"2025-03-31T13:56:42+00:00","breadcrumb":{"@id":"https:\/\/www.phyzio.be\/produit\/attelle-depaule-cryogenique-igloo-avec-coussin-dabduction\/#breadcrumb"},"inLanguage":"en-GB","potentialAction":[{"@type":"ReadAction","target":["https:\/\/www.phyzio.be\/produit\/attelle-depaule-cryogenique-igloo-avec-coussin-dabduction\/"]}]},{"@type":"ImageObject","inLanguage":"en-GB","@id":"https:\/\/www.phyzio.be\/produit\/attelle-depaule-cryogenique-igloo-avec-coussin-dabduction\/#primaryimage","url":"https:\/\/www.phyzio.be\/wp-content\/uploads\/2023\/07\/EPAULE-MANCHON-scaled-1.webp","contentUrl":"https:\/\/www.phyzio.be\/wp-content\/uploads\/2023\/07\/EPAULE-MANCHON-scaled-1.webp","width":2000,"height":1726},{"@type":"BreadcrumbList","@id":"https:\/\/www.phyzio.be\/produit\/attelle-depaule-cryogenique-igloo-avec-coussin-dabduction\/#breadcrumb","itemListElement":[{"@type":"ListItem","position":1,"name":"Accueil","item":"https:\/\/www.phyzio.be\/"},{"@type":"ListItem","position":2,"name":"Boutique","item":"https:\/\/www.phyzio.be\/boutique\/"},{"@type":"ListItem","position":3,"name":"Attelle d&rsquo;\u00e9paule cryog\u00e9nique Igloo avec coussin d\u2019abduction"}]},{"@type":"WebSite","@id":"https:\/\/www.phyzio.be\/#website","url":"https:\/\/www.phyzio.be\/","name":"Phyzio","description":"Compression sportive","potentialAction":[{"@type":"SearchAction","target":{"@type":"EntryPoint","urlTemplate":"https:\/\/www.phyzio.be\/?s={search_term_string}"},"query-input":{"@type":"PropertyValueSpecification","valueRequired":true,"valueName":"search_term_string"}}],"inLanguage":"en-GB"}]}},"_links":{"self":[{"href":"https:\/\/www.phyzio.be\/en\/wp-json\/wp\/v2\/product\/147","targetHints":{"allow":["GET"]}}],"collection":[{"href":"https:\/\/www.phyzio.be\/en\/wp-json\/wp\/v2\/product"}],"about":[{"href":"https:\/\/www.phyzio.be\/en\/wp-json\/wp\/v2\/types\/product"}],"version-history":[{"count":3,"href":"https:\/\/www.phyzio.be\/en\/wp-json\/wp\/v2\/product\/147\/revisions"}],"predecessor-version":[{"id":9868,"href":"https:\/\/www.phyzio.be\/en\/wp-json\/wp\/v2\/product\/147\/revisions\/9868"}],"wp:featuredmedia":[{"embeddable":true,"href":"https:\/\/www.phyzio.be\/en\/wp-json\/wp\/v2\/media\/9871"}],"wp:attachment":[{"href":"https:\/\/www.phyzio.be\/en\/wp-json\/wp\/v2\/media?parent=147"}],"wp:term":[{"taxonomy":"product_brand","embeddable":true,"href":"https:\/\/www.phyzio.be\/en\/wp-json\/wp\/v2\/product_brand?post=147"},{"taxonomy":"product_cat","embeddable":true,"href":"https:\/\/www.phyzio.be\/en\/wp-json\/wp\/v2\/product_cat?post=147"},{"taxonomy":"product_tag","embeddable":true,"href":"https:\/\/www.phyzio.be\/en\/wp-json\/wp\/v2\/product_tag?post=147"},{"taxonomy":"berocket_brand","embeddable":true,"href":"https:\/\/www.phyzio.be\/en\/wp-json\/wp\/v2\/berocket_brand?post=147"}],"curies":[{"name":"wp","href":"https:\/\/api.w.org\/{rel}","templated":true}]}}