{"id":235,"date":"2023-07-18T09:32:03","date_gmt":"2023-07-18T07:32:03","guid":{"rendered":"https:\/\/www.phyzio.be\/?post_type=product&#038;p=235"},"modified":"2025-06-04T07:02:28","modified_gmt":"2025-06-04T05:02:28","slug":"pack-poches-de-froid-anterieure-et-posterieure-pour-attelle-de-cheville-igloo","status":"publish","type":"product","link":"https:\/\/www.phyzio.be\/en\/product\/pack-poches-de-froid-anterieure-et-posterieure-pour-attelle-de-cheville-igloo\/","title":{"rendered":"Pack poches de froid ant\u00e9rieure et post\u00e9rieure pour Attelle de cheville Igloo\u00ae"},"content":{"rendered":"","protected":false},"excerpt":{"rendered":"<p>Packs de poches de froid suppl\u00e9mentaire ant\u00e9rieur et post\u00e9rieure pour attelle de cheville universelle souple ou rigide Igloo\u00ae<\/p>","protected":false},"featured_media":251,"template":"","meta":[],"product_brand":[],"product_cat":[29,56],"product_tag":[],"berocket_brand":[77],"class_list":{"0":"post-235","1":"product","2":"type-product","3":"status-publish","4":"has-post-thumbnail","6":"product_cat-attelles-cheville","7":"product_cat-poches-de-froid","8":"berocket_brand-igloo","10":"first","11":"instock","12":"taxable","13":"shipping-taxable","14":"purchasable","15":"product-type-simple"},"yoast_head":"<!-- This site is optimized with the Yoast SEO plugin v27.1.1 - https:\/\/yoast.com\/product\/yoast-seo-wordpress\/ -->\n<title>Pack poches de froid ant\u00e9rieure et post\u00e9rieure pour Attelle de cheville Igloo\u00ae - Phyzio<\/title>\n<meta name=\"robots\" content=\"index, follow, max-snippet:-1, max-image-preview:large, max-video-preview:-1\" \/>\n<link rel=\"canonical\" href=\"https:\/\/www.phyzio.be\/en\/product\/pack-poches-de-froid-anterieure-et-posterieure-pour-attelle-de-cheville-igloo\/\" \/>\n<meta property=\"og:locale\" content=\"en_GB\" \/>\n<meta property=\"og:type\" content=\"article\" \/>\n<meta property=\"og:title\" content=\"Pack poches de froid ant\u00e9rieure et post\u00e9rieure pour Attelle de cheville Igloo\u00ae - Phyzio\" \/>\n<meta property=\"og:description\" content=\"Packs de poches de froid suppl\u00e9mentaire ant\u00e9rieur et post\u00e9rieure pour attelle de cheville universelle souple ou rigide Igloo\u00ae\" \/>\n<meta property=\"og:url\" content=\"https:\/\/www.phyzio.be\/en\/product\/pack-poches-de-froid-anterieure-et-posterieure-pour-attelle-de-cheville-igloo\/\" \/>\n<meta property=\"og:site_name\" content=\"Phyzio\" \/>\n<meta property=\"article:modified_time\" content=\"2025-06-04T05:02:28+00:00\" \/>\n<meta property=\"og:image\" content=\"https:\/\/www.phyzio.be\/wp-content\/uploads\/2023\/07\/poche-cheville.jpg\" \/>\n\t<meta property=\"og:image:width\" content=\"1000\" \/>\n\t<meta property=\"og:image:height\" content=\"1000\" \/>\n\t<meta property=\"og:image:type\" content=\"image\/jpeg\" \/>\n<meta name=\"twitter:card\" content=\"summary_large_image\" \/>\n<script type=\"application\/ld+json\" class=\"yoast-schema-graph\">{\"@context\":\"https:\/\/schema.org\",\"@graph\":[{\"@type\":\"WebPage\",\"@id\":\"https:\/\/www.phyzio.be\/produit\/pack-poches-de-froid-anterieure-et-posterieure-pour-attelle-de-cheville-igloo\/\",\"url\":\"https:\/\/www.phyzio.be\/produit\/pack-poches-de-froid-anterieure-et-posterieure-pour-attelle-de-cheville-igloo\/\",\"name\":\"Pack poches de froid ant\u00e9rieure et post\u00e9rieure pour Attelle de cheville Igloo\u00ae - Phyzio\",\"isPartOf\":{\"@id\":\"https:\/\/www.phyzio.be\/#website\"},\"primaryImageOfPage\":{\"@id\":\"https:\/\/www.phyzio.be\/produit\/pack-poches-de-froid-anterieure-et-posterieure-pour-attelle-de-cheville-igloo\/#primaryimage\"},\"image\":{\"@id\":\"https:\/\/www.phyzio.be\/produit\/pack-poches-de-froid-anterieure-et-posterieure-pour-attelle-de-cheville-igloo\/#primaryimage\"},\"thumbnailUrl\":\"https:\/\/www.phyzio.be\/wp-content\/uploads\/2023\/07\/poche-cheville.jpg\",\"datePublished\":\"2023-07-18T07:32:03+00:00\",\"dateModified\":\"2025-06-04T05:02:28+00:00\",\"breadcrumb\":{\"@id\":\"https:\/\/www.phyzio.be\/produit\/pack-poches-de-froid-anterieure-et-posterieure-pour-attelle-de-cheville-igloo\/#breadcrumb\"},\"inLanguage\":\"en-GB\",\"potentialAction\":[{\"@type\":\"ReadAction\",\"target\":[\"https:\/\/www.phyzio.be\/produit\/pack-poches-de-froid-anterieure-et-posterieure-pour-attelle-de-cheville-igloo\/\"]}]},{\"@type\":\"ImageObject\",\"inLanguage\":\"en-GB\",\"@id\":\"https:\/\/www.phyzio.be\/produit\/pack-poches-de-froid-anterieure-et-posterieure-pour-attelle-de-cheville-igloo\/#primaryimage\",\"url\":\"https:\/\/www.phyzio.be\/wp-content\/uploads\/2023\/07\/poche-cheville.jpg\",\"contentUrl\":\"https:\/\/www.phyzio.be\/wp-content\/uploads\/2023\/07\/poche-cheville.jpg\",\"width\":1000,\"height\":1000},{\"@type\":\"BreadcrumbList\",\"@id\":\"https:\/\/www.phyzio.be\/produit\/pack-poches-de-froid-anterieure-et-posterieure-pour-attelle-de-cheville-igloo\/#breadcrumb\",\"itemListElement\":[{\"@type\":\"ListItem\",\"position\":1,\"name\":\"Accueil\",\"item\":\"https:\/\/www.phyzio.be\/\"},{\"@type\":\"ListItem\",\"position\":2,\"name\":\"Boutique\",\"item\":\"https:\/\/www.phyzio.be\/boutique\/\"},{\"@type\":\"ListItem\",\"position\":3,\"name\":\"Pack poches de froid ant\u00e9rieure et post\u00e9rieure pour Attelle de cheville Igloo\u00ae\"}]},{\"@type\":\"WebSite\",\"@id\":\"https:\/\/www.phyzio.be\/#website\",\"url\":\"https:\/\/www.phyzio.be\/\",\"name\":\"Phyzio\",\"description\":\"Compression sportive\",\"potentialAction\":[{\"@type\":\"SearchAction\",\"target\":{\"@type\":\"EntryPoint\",\"urlTemplate\":\"https:\/\/www.phyzio.be\/?s={search_term_string}\"},\"query-input\":{\"@type\":\"PropertyValueSpecification\",\"valueRequired\":true,\"valueName\":\"search_term_string\"}}],\"inLanguage\":\"en-GB\"}]}<\/script>\n<!-- \/ Yoast SEO plugin. -->","yoast_head_json":{"title":"Pack poches de froid ant\u00e9rieure et post\u00e9rieure pour Attelle de cheville Igloo\u00ae - Phyzio","robots":{"index":"index","follow":"follow","max-snippet":"max-snippet:-1","max-image-preview":"max-image-preview:large","max-video-preview":"max-video-preview:-1"},"canonical":"https:\/\/www.phyzio.be\/en\/product\/pack-poches-de-froid-anterieure-et-posterieure-pour-attelle-de-cheville-igloo\/","og_locale":"en_GB","og_type":"article","og_title":"Pack poches de froid ant\u00e9rieure et post\u00e9rieure pour Attelle de cheville Igloo\u00ae - Phyzio","og_description":"Packs de poches de froid suppl\u00e9mentaire ant\u00e9rieur et post\u00e9rieure pour attelle de cheville universelle souple ou rigide Igloo\u00ae","og_url":"https:\/\/www.phyzio.be\/en\/product\/pack-poches-de-froid-anterieure-et-posterieure-pour-attelle-de-cheville-igloo\/","og_site_name":"Phyzio","article_modified_time":"2025-06-04T05:02:28+00:00","og_image":[{"width":1000,"height":1000,"url":"https:\/\/www.phyzio.be\/wp-content\/uploads\/2023\/07\/poche-cheville.jpg","type":"image\/jpeg"}],"twitter_card":"summary_large_image","schema":{"@context":"https:\/\/schema.org","@graph":[{"@type":"WebPage","@id":"https:\/\/www.phyzio.be\/produit\/pack-poches-de-froid-anterieure-et-posterieure-pour-attelle-de-cheville-igloo\/","url":"https:\/\/www.phyzio.be\/produit\/pack-poches-de-froid-anterieure-et-posterieure-pour-attelle-de-cheville-igloo\/","name":"Pack poches de froid ant\u00e9rieure et post\u00e9rieure pour Attelle de cheville Igloo\u00ae - Phyzio","isPartOf":{"@id":"https:\/\/www.phyzio.be\/#website"},"primaryImageOfPage":{"@id":"https:\/\/www.phyzio.be\/produit\/pack-poches-de-froid-anterieure-et-posterieure-pour-attelle-de-cheville-igloo\/#primaryimage"},"image":{"@id":"https:\/\/www.phyzio.be\/produit\/pack-poches-de-froid-anterieure-et-posterieure-pour-attelle-de-cheville-igloo\/#primaryimage"},"thumbnailUrl":"https:\/\/www.phyzio.be\/wp-content\/uploads\/2023\/07\/poche-cheville.jpg","datePublished":"2023-07-18T07:32:03+00:00","dateModified":"2025-06-04T05:02:28+00:00","breadcrumb":{"@id":"https:\/\/www.phyzio.be\/produit\/pack-poches-de-froid-anterieure-et-posterieure-pour-attelle-de-cheville-igloo\/#breadcrumb"},"inLanguage":"en-GB","potentialAction":[{"@type":"ReadAction","target":["https:\/\/www.phyzio.be\/produit\/pack-poches-de-froid-anterieure-et-posterieure-pour-attelle-de-cheville-igloo\/"]}]},{"@type":"ImageObject","inLanguage":"en-GB","@id":"https:\/\/www.phyzio.be\/produit\/pack-poches-de-froid-anterieure-et-posterieure-pour-attelle-de-cheville-igloo\/#primaryimage","url":"https:\/\/www.phyzio.be\/wp-content\/uploads\/2023\/07\/poche-cheville.jpg","contentUrl":"https:\/\/www.phyzio.be\/wp-content\/uploads\/2023\/07\/poche-cheville.jpg","width":1000,"height":1000},{"@type":"BreadcrumbList","@id":"https:\/\/www.phyzio.be\/produit\/pack-poches-de-froid-anterieure-et-posterieure-pour-attelle-de-cheville-igloo\/#breadcrumb","itemListElement":[{"@type":"ListItem","position":1,"name":"Accueil","item":"https:\/\/www.phyzio.be\/"},{"@type":"ListItem","position":2,"name":"Boutique","item":"https:\/\/www.phyzio.be\/boutique\/"},{"@type":"ListItem","position":3,"name":"Pack poches de froid ant\u00e9rieure et post\u00e9rieure pour Attelle de cheville Igloo\u00ae"}]},{"@type":"WebSite","@id":"https:\/\/www.phyzio.be\/#website","url":"https:\/\/www.phyzio.be\/","name":"Phyzio","description":"Compression sportive","potentialAction":[{"@type":"SearchAction","target":{"@type":"EntryPoint","urlTemplate":"https:\/\/www.phyzio.be\/?s={search_term_string}"},"query-input":{"@type":"PropertyValueSpecification","valueRequired":true,"valueName":"search_term_string"}}],"inLanguage":"en-GB"}]}},"_links":{"self":[{"href":"https:\/\/www.phyzio.be\/en\/wp-json\/wp\/v2\/product\/235","targetHints":{"allow":["GET"]}}],"collection":[{"href":"https:\/\/www.phyzio.be\/en\/wp-json\/wp\/v2\/product"}],"about":[{"href":"https:\/\/www.phyzio.be\/en\/wp-json\/wp\/v2\/types\/product"}],"version-history":[{"count":1,"href":"https:\/\/www.phyzio.be\/en\/wp-json\/wp\/v2\/product\/235\/revisions"}],"predecessor-version":[{"id":496,"href":"https:\/\/www.phyzio.be\/en\/wp-json\/wp\/v2\/product\/235\/revisions\/496"}],"wp:featuredmedia":[{"embeddable":true,"href":"https:\/\/www.phyzio.be\/en\/wp-json\/wp\/v2\/media\/251"}],"wp:attachment":[{"href":"https:\/\/www.phyzio.be\/en\/wp-json\/wp\/v2\/media?parent=235"}],"wp:term":[{"taxonomy":"product_brand","embeddable":true,"href":"https:\/\/www.phyzio.be\/en\/wp-json\/wp\/v2\/product_brand?post=235"},{"taxonomy":"product_cat","embeddable":true,"href":"https:\/\/www.phyzio.be\/en\/wp-json\/wp\/v2\/product_cat?post=235"},{"taxonomy":"product_tag","embeddable":true,"href":"https:\/\/www.phyzio.be\/en\/wp-json\/wp\/v2\/product_tag?post=235"},{"taxonomy":"berocket_brand","embeddable":true,"href":"https:\/\/www.phyzio.be\/en\/wp-json\/wp\/v2\/berocket_brand?post=235"}],"curies":[{"name":"wp","href":"https:\/\/api.w.org\/{rel}","templated":true}]}}