{"id":27,"date":"2023-07-18T09:30:28","date_gmt":"2023-07-18T07:30:28","guid":{"rendered":"https:\/\/www.phyzio.be\/?post_type=product&#038;p=27"},"modified":"2023-12-05T13:09:21","modified_gmt":"2023-12-05T12:09:21","slug":"attelle-de-genou-articulee-cryogenique-firstice-stabi-froid-genou-plus","status":"publish","type":"product","link":"https:\/\/www.phyzio.be\/en\/product\/attelle-de-genou-articulee-cryogenique-firstice-stabi-froid-genou-plus\/","title":{"rendered":"Attelle de genou articul\u00e9e cryog\u00e9nique Firstice Stabi-Froid genou plus"},"content":{"rendered":"<h2>Attelle de genou articul\u00e9e cryog\u00e9nique Firstice Stabi-Froid genou plus<\/h2>\n<p><strong>MISE EN PLACE EN 7 ETAPES<\/strong><br \/>\nPlacer au cong\u00e9lateur les deux poches de glace pr\u00e9alablement dispos\u00e9es dans les sacs herm\u00e9tiques pendant 1h30.<\/p>\n<p>Prot\u00e9ger la partie l\u00e9s\u00e9e \u00e0 l\u2019aide du tissu de protection fourni.<\/p>\n<p>Fixer l\u2019une des poches sur l\u2019attelle et appliquer le dispositif sur la partie l\u00e9s\u00e9e. Serrer \u00e0 l\u2019aide des bandes auto-agrippantes.<\/p>\n<p>Tourner la valve sur \u00ab on \u00bb et gonfler l\u2019attelle jusqu\u2019\u00e0 l\u2019obtention de l\u2019immobilisation et de la compression souhait\u00e9es. Tourner la valve sur \u00ab off \u00bb. (Pour plus de confort, vous pouvez d\u00e9visser le syst\u00e8me de gonflage)<\/p>\n<p>Conserver l\u2019attelle entre 20 et 30 minutes.<\/p>\n<p>Pour enlever l\u2019attelle, placer la valve sur \u00ab on \u00bb et appuyer sur le bouton \u00e0 la base de la pompe pour la d\u00e9gonfler.<\/p>\n<p>Renouveler l\u2019op\u00e9ration si n\u00e9cessaire avec la seconde poche. Remettre la premi\u00e8re poche au cong\u00e9lateur.<\/p>\n<p><img fetchpriority=\"high\" decoding=\"async\" class=\"alignnone wp-image-7428\" src=\"http:\/\/www.orthese-cryo.com\/wp-content\/uploads\/2017\/09\/caracteristique-attelle-genou-sober.png\" alt=\"\" width=\"579\" height=\"326\" \/><\/p>\n<p>&nbsp;<\/p>","protected":false},"excerpt":{"rendered":"<ul>\n<li><strong>Tr\u00e8s bon maintien du genou<\/strong> gr\u00e2ce \u00e0 2 attelles articul\u00e9es.<\/li>\n<li><strong>R\u00e9duit et soulage la douleur<\/strong> thanks to the analgesic effect of cold.<\/li>\n<li><strong>Confortable and easy to use<\/strong><\/li>\n<li><strong>Muscle relaxant.<\/strong><\/li>\n<li><strong>Easier rehabilitation.<\/strong><\/li>\n<li><strong>Ajustement id\u00e9al et excellente r\u00e9partition du gel<\/strong> gr\u00e2ce \u00e0 une pompe \u00e0 air et \u00e0 3 sangles auto-aggripantes.<\/li>\n<li><strong>2 poches de gel<\/strong> fournies pour un traitement optimal.<\/li>\n<li><strong>Reimbursable product<\/strong> avec une ordonnance intitul\u00e9e : orth\u00e8se de genou articul\u00e9e.<\/li>\n<li><strong>Satisfaction guaranteed.<\/strong><\/li>\n<\/ul>\n<p>&nbsp;<\/p>\n<p><strong>Description des tailles :<\/strong><\/p>\n<p>Prenez votre tour de cuisse \u00e0 15 cm au-dessus de la rotule.<\/p>\n<ul>\n<li>40 \u00e0 55cm de tour de cuisse &gt; taille S<\/li>\n<li>55 \u00e0 70cm de tour de cuisse &gt; taille L<\/li>\n<\/ul>\n<p>&nbsp;<\/p>","protected":false},"featured_media":73,"template":"","meta":[],"product_brand":[],"product_cat":[16],"product_tag":[18,22,23],"berocket_brand":[],"class_list":{"0":"post-27","1":"product","2":"type-product","3":"status-publish","4":"has-post-thumbnail","6":"product_cat-attelles-genou","7":"product_tag-genou","8":"product_tag-sober","9":"product_tag-test","11":"first","12":"outofstock","13":"taxable","14":"shipping-taxable","15":"purchasable","16":"product-type-variable"},"yoast_head":"<!-- This site is optimized with the Yoast SEO plugin v27.1.1 - https:\/\/yoast.com\/product\/yoast-seo-wordpress\/ -->\n<title>Attelle de genou articul\u00e9e cryog\u00e9nique Firstice Stabi-Froid genou plus - Phyzio<\/title>\n<meta name=\"robots\" content=\"index, follow, max-snippet:-1, max-image-preview:large, max-video-preview:-1\" \/>\n<link rel=\"canonical\" href=\"https:\/\/www.phyzio.be\/en\/product\/attelle-de-genou-articulee-cryogenique-firstice-stabi-froid-genou-plus\/\" \/>\n<meta property=\"og:locale\" content=\"en_GB\" \/>\n<meta property=\"og:type\" content=\"article\" \/>\n<meta property=\"og:title\" content=\"Attelle de genou articul\u00e9e cryog\u00e9nique Firstice Stabi-Froid genou plus - Phyzio\" \/>\n<meta property=\"og:description\" content=\"Tr\u00e8s bon maintien du genou gr\u00e2ce \u00e0 2 attelles articul\u00e9es.  R\u00e9duit et soulage la douleur gr\u00e2ce \u00e0 l\u2019effet antalgique du froid.  Confort et facilit\u00e9 d\u2019utilisation.  D\u00e9contractant musculaire.  R\u00e9\u00e9ducation facilit\u00e9e.  Ajustement id\u00e9al et excellente r\u00e9partition du gel gr\u00e2ce \u00e0 une pompe \u00e0 air et \u00e0 3 sangles auto-aggripantes.  2 poches de gel fournies pour un traitement optimal.  Produit remboursable avec une ordonnance intitul\u00e9e : orth\u00e8se de genou articul\u00e9e.  Satisfaction garantie.  &nbsp;  Description des tailles :  Prenez votre tour de cuisse \u00e0 15 cm au-dessus de la rotule.   40 \u00e0 55cm de tour de cuisse &gt; taille S  55 \u00e0 70cm de tour de cuisse &gt; taille L  &nbsp;\" \/>\n<meta property=\"og:url\" content=\"https:\/\/www.phyzio.be\/en\/product\/attelle-de-genou-articulee-cryogenique-firstice-stabi-froid-genou-plus\/\" \/>\n<meta property=\"og:site_name\" content=\"Phyzio\" \/>\n<meta property=\"article:modified_time\" content=\"2023-12-05T12:09:21+00:00\" \/>\n<meta property=\"og:image\" content=\"https:\/\/www.phyzio.be\/wp-content\/uploads\/2023\/07\/A_stabi-froid-plus-02.jpg\" \/>\n\t<meta property=\"og:image:width\" content=\"1200\" \/>\n\t<meta property=\"og:image:height\" content=\"1200\" \/>\n\t<meta property=\"og:image:type\" content=\"image\/jpeg\" \/>\n<meta name=\"twitter:card\" content=\"summary_large_image\" \/>\n<meta name=\"twitter:label1\" content=\"Estimated reading time\" \/>\n\t<meta name=\"twitter:data1\" content=\"1 minute\" \/>\n<script type=\"application\/ld+json\" class=\"yoast-schema-graph\">{\"@context\":\"https:\/\/schema.org\",\"@graph\":[{\"@type\":\"WebPage\",\"@id\":\"https:\/\/www.phyzio.be\/produit\/attelle-de-genou-articulee-cryogenique-firstice-stabi-froid-genou-plus\/\",\"url\":\"https:\/\/www.phyzio.be\/produit\/attelle-de-genou-articulee-cryogenique-firstice-stabi-froid-genou-plus\/\",\"name\":\"Attelle de genou articul\u00e9e cryog\u00e9nique Firstice Stabi-Froid genou plus - Phyzio\",\"isPartOf\":{\"@id\":\"https:\/\/www.phyzio.be\/#website\"},\"primaryImageOfPage\":{\"@id\":\"https:\/\/www.phyzio.be\/produit\/attelle-de-genou-articulee-cryogenique-firstice-stabi-froid-genou-plus\/#primaryimage\"},\"image\":{\"@id\":\"https:\/\/www.phyzio.be\/produit\/attelle-de-genou-articulee-cryogenique-firstice-stabi-froid-genou-plus\/#primaryimage\"},\"thumbnailUrl\":\"https:\/\/www.phyzio.be\/wp-content\/uploads\/2023\/07\/A_stabi-froid-plus-02.jpg\",\"datePublished\":\"2023-07-18T07:30:28+00:00\",\"dateModified\":\"2023-12-05T12:09:21+00:00\",\"breadcrumb\":{\"@id\":\"https:\/\/www.phyzio.be\/produit\/attelle-de-genou-articulee-cryogenique-firstice-stabi-froid-genou-plus\/#breadcrumb\"},\"inLanguage\":\"en-GB\",\"potentialAction\":[{\"@type\":\"ReadAction\",\"target\":[\"https:\/\/www.phyzio.be\/produit\/attelle-de-genou-articulee-cryogenique-firstice-stabi-froid-genou-plus\/\"]}]},{\"@type\":\"ImageObject\",\"inLanguage\":\"en-GB\",\"@id\":\"https:\/\/www.phyzio.be\/produit\/attelle-de-genou-articulee-cryogenique-firstice-stabi-froid-genou-plus\/#primaryimage\",\"url\":\"https:\/\/www.phyzio.be\/wp-content\/uploads\/2023\/07\/A_stabi-froid-plus-02.jpg\",\"contentUrl\":\"https:\/\/www.phyzio.be\/wp-content\/uploads\/2023\/07\/A_stabi-froid-plus-02.jpg\",\"width\":1200,\"height\":1200},{\"@type\":\"BreadcrumbList\",\"@id\":\"https:\/\/www.phyzio.be\/produit\/attelle-de-genou-articulee-cryogenique-firstice-stabi-froid-genou-plus\/#breadcrumb\",\"itemListElement\":[{\"@type\":\"ListItem\",\"position\":1,\"name\":\"Accueil\",\"item\":\"https:\/\/www.phyzio.be\/\"},{\"@type\":\"ListItem\",\"position\":2,\"name\":\"Boutique\",\"item\":\"https:\/\/www.phyzio.be\/boutique\/\"},{\"@type\":\"ListItem\",\"position\":3,\"name\":\"Attelle de genou articul\u00e9e cryog\u00e9nique Firstice Stabi-Froid genou plus\"}]},{\"@type\":\"WebSite\",\"@id\":\"https:\/\/www.phyzio.be\/#website\",\"url\":\"https:\/\/www.phyzio.be\/\",\"name\":\"Phyzio\",\"description\":\"Compression sportive\",\"potentialAction\":[{\"@type\":\"SearchAction\",\"target\":{\"@type\":\"EntryPoint\",\"urlTemplate\":\"https:\/\/www.phyzio.be\/?s={search_term_string}\"},\"query-input\":{\"@type\":\"PropertyValueSpecification\",\"valueRequired\":true,\"valueName\":\"search_term_string\"}}],\"inLanguage\":\"en-GB\"}]}<\/script>\n<!-- \/ Yoast SEO plugin. -->","yoast_head_json":{"title":"Attelle de genou articul\u00e9e cryog\u00e9nique Firstice Stabi-Froid genou plus - Phyzio","robots":{"index":"index","follow":"follow","max-snippet":"max-snippet:-1","max-image-preview":"max-image-preview:large","max-video-preview":"max-video-preview:-1"},"canonical":"https:\/\/www.phyzio.be\/en\/product\/attelle-de-genou-articulee-cryogenique-firstice-stabi-froid-genou-plus\/","og_locale":"en_GB","og_type":"article","og_title":"Attelle de genou articul\u00e9e cryog\u00e9nique Firstice Stabi-Froid genou plus - Phyzio","og_description":"Tr\u00e8s bon maintien du genou gr\u00e2ce \u00e0 2 attelles articul\u00e9es.  R\u00e9duit et soulage la douleur gr\u00e2ce \u00e0 l\u2019effet antalgique du froid.  Confort et facilit\u00e9 d\u2019utilisation.  D\u00e9contractant musculaire.  R\u00e9\u00e9ducation facilit\u00e9e.  Ajustement id\u00e9al et excellente r\u00e9partition du gel gr\u00e2ce \u00e0 une pompe \u00e0 air et \u00e0 3 sangles auto-aggripantes.  2 poches de gel fournies pour un traitement optimal.  Produit remboursable avec une ordonnance intitul\u00e9e : orth\u00e8se de genou articul\u00e9e.  Satisfaction garantie.  &nbsp;  Description des tailles :  Prenez votre tour de cuisse \u00e0 15 cm au-dessus de la rotule.   40 \u00e0 55cm de tour de cuisse &gt; taille S  55 \u00e0 70cm de tour de cuisse &gt; taille L  &nbsp;","og_url":"https:\/\/www.phyzio.be\/en\/product\/attelle-de-genou-articulee-cryogenique-firstice-stabi-froid-genou-plus\/","og_site_name":"Phyzio","article_modified_time":"2023-12-05T12:09:21+00:00","og_image":[{"width":1200,"height":1200,"url":"https:\/\/www.phyzio.be\/wp-content\/uploads\/2023\/07\/A_stabi-froid-plus-02.jpg","type":"image\/jpeg"}],"twitter_card":"summary_large_image","twitter_misc":{"Estimated reading time":"1 minute"},"schema":{"@context":"https:\/\/schema.org","@graph":[{"@type":"WebPage","@id":"https:\/\/www.phyzio.be\/produit\/attelle-de-genou-articulee-cryogenique-firstice-stabi-froid-genou-plus\/","url":"https:\/\/www.phyzio.be\/produit\/attelle-de-genou-articulee-cryogenique-firstice-stabi-froid-genou-plus\/","name":"Attelle de genou articul\u00e9e cryog\u00e9nique Firstice Stabi-Froid genou plus - Phyzio","isPartOf":{"@id":"https:\/\/www.phyzio.be\/#website"},"primaryImageOfPage":{"@id":"https:\/\/www.phyzio.be\/produit\/attelle-de-genou-articulee-cryogenique-firstice-stabi-froid-genou-plus\/#primaryimage"},"image":{"@id":"https:\/\/www.phyzio.be\/produit\/attelle-de-genou-articulee-cryogenique-firstice-stabi-froid-genou-plus\/#primaryimage"},"thumbnailUrl":"https:\/\/www.phyzio.be\/wp-content\/uploads\/2023\/07\/A_stabi-froid-plus-02.jpg","datePublished":"2023-07-18T07:30:28+00:00","dateModified":"2023-12-05T12:09:21+00:00","breadcrumb":{"@id":"https:\/\/www.phyzio.be\/produit\/attelle-de-genou-articulee-cryogenique-firstice-stabi-froid-genou-plus\/#breadcrumb"},"inLanguage":"en-GB","potentialAction":[{"@type":"ReadAction","target":["https:\/\/www.phyzio.be\/produit\/attelle-de-genou-articulee-cryogenique-firstice-stabi-froid-genou-plus\/"]}]},{"@type":"ImageObject","inLanguage":"en-GB","@id":"https:\/\/www.phyzio.be\/produit\/attelle-de-genou-articulee-cryogenique-firstice-stabi-froid-genou-plus\/#primaryimage","url":"https:\/\/www.phyzio.be\/wp-content\/uploads\/2023\/07\/A_stabi-froid-plus-02.jpg","contentUrl":"https:\/\/www.phyzio.be\/wp-content\/uploads\/2023\/07\/A_stabi-froid-plus-02.jpg","width":1200,"height":1200},{"@type":"BreadcrumbList","@id":"https:\/\/www.phyzio.be\/produit\/attelle-de-genou-articulee-cryogenique-firstice-stabi-froid-genou-plus\/#breadcrumb","itemListElement":[{"@type":"ListItem","position":1,"name":"Accueil","item":"https:\/\/www.phyzio.be\/"},{"@type":"ListItem","position":2,"name":"Boutique","item":"https:\/\/www.phyzio.be\/boutique\/"},{"@type":"ListItem","position":3,"name":"Attelle de genou articul\u00e9e cryog\u00e9nique Firstice Stabi-Froid genou plus"}]},{"@type":"WebSite","@id":"https:\/\/www.phyzio.be\/#website","url":"https:\/\/www.phyzio.be\/","name":"Phyzio","description":"Compression sportive","potentialAction":[{"@type":"SearchAction","target":{"@type":"EntryPoint","urlTemplate":"https:\/\/www.phyzio.be\/?s={search_term_string}"},"query-input":{"@type":"PropertyValueSpecification","valueRequired":true,"valueName":"search_term_string"}}],"inLanguage":"en-GB"}]}},"_links":{"self":[{"href":"https:\/\/www.phyzio.be\/en\/wp-json\/wp\/v2\/product\/27","targetHints":{"allow":["GET"]}}],"collection":[{"href":"https:\/\/www.phyzio.be\/en\/wp-json\/wp\/v2\/product"}],"about":[{"href":"https:\/\/www.phyzio.be\/en\/wp-json\/wp\/v2\/types\/product"}],"version-history":[{"count":1,"href":"https:\/\/www.phyzio.be\/en\/wp-json\/wp\/v2\/product\/27\/revisions"}],"predecessor-version":[{"id":9413,"href":"https:\/\/www.phyzio.be\/en\/wp-json\/wp\/v2\/product\/27\/revisions\/9413"}],"wp:featuredmedia":[{"embeddable":true,"href":"https:\/\/www.phyzio.be\/en\/wp-json\/wp\/v2\/media\/73"}],"wp:attachment":[{"href":"https:\/\/www.phyzio.be\/en\/wp-json\/wp\/v2\/media?parent=27"}],"wp:term":[{"taxonomy":"product_brand","embeddable":true,"href":"https:\/\/www.phyzio.be\/en\/wp-json\/wp\/v2\/product_brand?post=27"},{"taxonomy":"product_cat","embeddable":true,"href":"https:\/\/www.phyzio.be\/en\/wp-json\/wp\/v2\/product_cat?post=27"},{"taxonomy":"product_tag","embeddable":true,"href":"https:\/\/www.phyzio.be\/en\/wp-json\/wp\/v2\/product_tag?post=27"},{"taxonomy":"berocket_brand","embeddable":true,"href":"https:\/\/www.phyzio.be\/en\/wp-json\/wp\/v2\/berocket_brand?post=27"}],"curies":[{"name":"wp","href":"https:\/\/api.w.org\/{rel}","templated":true}]}}