{"id":283,"date":"2023-07-18T09:33:12","date_gmt":"2023-07-18T07:33:12","guid":{"rendered":"https:\/\/www.phyzio.be\/?post_type=product&#038;p=283"},"modified":"2025-07-07T12:25:27","modified_gmt":"2025-07-07T10:25:27","slug":"botte-de-marche-rebound-air-walker-gibaud","status":"publish","type":"product","link":"https:\/\/www.phyzio.be\/en\/product\/botte-de-marche-rebound-air-walker-gibaud\/","title":{"rendered":"BOTTE DE MARCHE AIR WALKER GIBAUD"},"content":{"rendered":"<p>La botte de marche Walker defend air, con\u00e7ue par le sp\u00e9cialiste Fran\u00e7ais de l\u2019orthop\u00e9die Gibaud permet d\u2019immobiliser, stabiliser et prot\u00e9ger le pied bless\u00e9. La gu\u00e9rison de la cheville est ainsi favoris\u00e9e par l\u2019immobilisation du pied \u00e0 angle droit, le tout dans un confort optimal gr\u00e2ce \u00e0 la compression par air r\u00e9glable.<\/p>\n<h2 class=\"page-title\">Botte de marche gonflable Walker defend Air Gibaud (coque amovible)<\/h2>\n<h2 class=\"page-title\">Le port de cette botte de marche Gibaud est\u00a0<strong>conseill\u00e9 pour l\u2019immobilisation durant les phases de traumatismes et\/ou de r\u00e9\u00e9ducation<\/strong>, par exemple suite aux situations suivantes :<\/h2>\n<ul>\n<li>Utilisation\u00a0<strong>post-op\u00e9ratoire<\/strong>\u00a0suite \u00e0 une chirurgie de la cheville ou du pied,<\/li>\n<li><strong>Traumatismes tendineux et musculaires<\/strong><\/li>\n<li>Pathologie m\u00e9dicale inflammatoire ou infectieuse<\/li>\n<li><strong>\u00a0Fractures stables (des mall\u00e9oles ou du m\u00e9dio-pied)<\/strong><\/li>\n<li><strong>Entorses<\/strong>\u00a0de cheville moyennes \u00e0 grave (niveau 2 et 3, atteinte de la capsule ant\u00e9rieure)<\/li>\n<\/ul>\n<h2>Les caract\u00e9ristiques de la botte de marche :<\/h2>\n<ul>\n<li><strong>Maintien maximis\u00e9<\/strong>\u00a0: Syst\u00e8me monovalve de stabilisation par air +\u00a0Immobilisation de la cheville \u00e0 90\u00b0 pour une cicatrisation contr\u00f4l\u00e9e<\/li>\n<li><strong>Confort optimis\u00e9<\/strong>\u00a0: La compression r\u00e9glable permet un ajustement le plus fin possible.\u00a0La semelle ext\u00e9rieure et la l\u00e9g\u00e8ret\u00e9 de la structure facilitent la marche.<\/li>\n<li><strong>Protection renforc\u00e9e<\/strong>\u00a0: sangles r\u00e9glables enveloppent le pied en le prot\u00e9geant des chocs et en le maintenant immobilis\u00e9 pour favoriser la gu\u00e9rison (entorse et\/ou fracture) +\u00a0Coque ant\u00e9rieure renfor\u00e7ant la protection et l\u2019immobilisation du segment.<\/li>\n<li><strong>Facilit\u00e9 d\u2019utilisation<\/strong>\u00a0: La structure de la botte permet un acc\u00e8s facilit\u00e9 aux \u00e9ventuelles plaies pour favoriser le traitement et l\u2019hygi\u00e8ne au quotidien. Mati\u00e8re adaptable pour morphologie forte du mollet.<\/li>\n<\/ul>\n<h3>Entretien Gibaud Walker defend Air Gibaud<\/h3>\n<p>Attention \u00e0 ne pas trop gonfler la botte de marche, la compression doit \u00eatre confortable.<\/p>\n<p>Cette attelle, afin d\u2019\u00eatre conserv\u00e9e le plus longtemps possible dans un bon \u00e9tat, doit :<\/p>\n<ul>\n<li>Retirez le manchon de la botte de marche avant tout lavage.<\/li>\n<li>La doublure doit \u00eatre nettoy\u00e9e \u00e0 la main avec un d\u00e9tergent doux et de l\u2019eau \u00e0 30 \u00b0C.<\/li>\n<li>N\u2019utilisez pas d\u2019eau de Javel ni de d\u00e9tergents forts.<\/li>\n<li>Ne lavez pas le produit en machine et ne le placez pas dans un s\u00e8che-linge.<\/li>\n<li>Faire s\u00e9cher \u00e0 l\u2019abri de la lumi\u00e8re.<\/li>\n<li>Le plastique de la botte de marche peut \u00eatre lav\u00e9 avec un savon doux.<\/li>\n<\/ul>\n<p>Tableau de taille :<\/p>\n<p>2 : 36-40 \/ 3 : 40-43 \/ 4 : 43-46 \/ 5 : 46-49<\/p>","protected":false},"excerpt":{"rendered":"<p>Botte de marche gonflable immobilisante<\/p>\n<ul>\n<li>Pathologies: Traumatismes tendineux et musculaires, Pathologie m\u00e9dicale inflammatoire ou infectieuse, Fractures stables (mall\u00e9oles\/m\u00e9dio-pied), Entorses de cheville moyennes \u00e0 grave (atteinte de la capsule ant\u00e9rieure)<\/li>\n<li>En phase d&rsquo;immobilisation post-op\u00e9ratoire et reprise d&rsquo;activit\u00e9s quotidiennes<\/li>\n<\/ul>","protected":false},"featured_media":9978,"template":"","meta":[],"product_brand":[],"product_cat":[99,98,62],"product_tag":[],"berocket_brand":[79],"class_list":{"0":"post-283","1":"product","2":"type-product","3":"status-publish","4":"has-post-thumbnail","6":"product_cat-cheville","7":"product_cat-pied","8":"product_cat-pieds-chevilles","9":"berocket_brand-gibaud","11":"first","12":"instock","13":"featured","14":"taxable","15":"shipping-taxable","16":"purchasable","17":"product-type-variable"},"yoast_head":"<!-- This site is optimized with the Yoast SEO plugin v27.1.1 - https:\/\/yoast.com\/product\/yoast-seo-wordpress\/ -->\n<title>BOTTE DE MARCHE AIR WALKER GIBAUD - Phyzio<\/title>\n<meta name=\"description\" content=\"La botte de marche Walker defend air, con\u00e7ue par le sp\u00e9cialiste Fran\u00e7ais de l\u2019orthop\u00e9die Gibaud permet d\u2019immobiliser, stabiliser et prot\u00e9ger le pied bless\u00e9.\" \/>\n<meta name=\"robots\" content=\"index, follow, max-snippet:-1, max-image-preview:large, max-video-preview:-1\" \/>\n<link rel=\"canonical\" href=\"https:\/\/www.phyzio.be\/en\/product\/botte-de-marche-rebound-air-walker-gibaud\/\" \/>\n<meta property=\"og:locale\" content=\"en_GB\" \/>\n<meta property=\"og:type\" content=\"article\" \/>\n<meta property=\"og:title\" content=\"BOTTE DE MARCHE AIR WALKER GIBAUD - Phyzio\" \/>\n<meta property=\"og:description\" content=\"La botte de marche Walker defend air, con\u00e7ue par le sp\u00e9cialiste Fran\u00e7ais de l\u2019orthop\u00e9die Gibaud permet d\u2019immobiliser, stabiliser et prot\u00e9ger le pied bless\u00e9.\" \/>\n<meta property=\"og:url\" content=\"https:\/\/www.phyzio.be\/en\/product\/botte-de-marche-rebound-air-walker-gibaud\/\" \/>\n<meta property=\"og:site_name\" content=\"Phyzio\" \/>\n<meta property=\"article:modified_time\" content=\"2025-07-07T10:25:27+00:00\" \/>\n<meta property=\"og:image\" content=\"https:\/\/www.phyzio.be\/wp-content\/uploads\/2023\/07\/Capture-web_18-9-2024_135453_.jpeg\" \/>\n\t<meta property=\"og:image:width\" content=\"1068\" \/>\n\t<meta property=\"og:image:height\" content=\"1065\" \/>\n\t<meta property=\"og:image:type\" content=\"image\/jpeg\" \/>\n<meta name=\"twitter:card\" content=\"summary_large_image\" \/>\n<meta name=\"twitter:label1\" content=\"Estimated reading time\" \/>\n\t<meta name=\"twitter:data1\" content=\"3 minutes\" \/>\n<script type=\"application\/ld+json\" class=\"yoast-schema-graph\">{\"@context\":\"https:\/\/schema.org\",\"@graph\":[{\"@type\":\"WebPage\",\"@id\":\"https:\/\/www.phyzio.be\/produit\/botte-de-marche-rebound-air-walker-gibaud\/\",\"url\":\"https:\/\/www.phyzio.be\/produit\/botte-de-marche-rebound-air-walker-gibaud\/\",\"name\":\"BOTTE DE MARCHE AIR WALKER GIBAUD - Phyzio\",\"isPartOf\":{\"@id\":\"https:\/\/www.phyzio.be\/#website\"},\"primaryImageOfPage\":{\"@id\":\"https:\/\/www.phyzio.be\/produit\/botte-de-marche-rebound-air-walker-gibaud\/#primaryimage\"},\"image\":{\"@id\":\"https:\/\/www.phyzio.be\/produit\/botte-de-marche-rebound-air-walker-gibaud\/#primaryimage\"},\"thumbnailUrl\":\"https:\/\/www.phyzio.be\/wp-content\/uploads\/2023\/07\/Capture-web_18-9-2024_135453_.jpeg\",\"datePublished\":\"2023-07-18T07:33:12+00:00\",\"dateModified\":\"2025-07-07T10:25:27+00:00\",\"description\":\"La botte de marche Walker defend air, con\u00e7ue par le sp\u00e9cialiste Fran\u00e7ais de l\u2019orthop\u00e9die Gibaud permet d\u2019immobiliser, stabiliser et prot\u00e9ger le pied bless\u00e9.\",\"breadcrumb\":{\"@id\":\"https:\/\/www.phyzio.be\/produit\/botte-de-marche-rebound-air-walker-gibaud\/#breadcrumb\"},\"inLanguage\":\"en-GB\",\"potentialAction\":[{\"@type\":\"ReadAction\",\"target\":[\"https:\/\/www.phyzio.be\/produit\/botte-de-marche-rebound-air-walker-gibaud\/\"]}]},{\"@type\":\"ImageObject\",\"inLanguage\":\"en-GB\",\"@id\":\"https:\/\/www.phyzio.be\/produit\/botte-de-marche-rebound-air-walker-gibaud\/#primaryimage\",\"url\":\"https:\/\/www.phyzio.be\/wp-content\/uploads\/2023\/07\/Capture-web_18-9-2024_135453_.jpeg\",\"contentUrl\":\"https:\/\/www.phyzio.be\/wp-content\/uploads\/2023\/07\/Capture-web_18-9-2024_135453_.jpeg\",\"width\":1068,\"height\":1065},{\"@type\":\"BreadcrumbList\",\"@id\":\"https:\/\/www.phyzio.be\/produit\/botte-de-marche-rebound-air-walker-gibaud\/#breadcrumb\",\"itemListElement\":[{\"@type\":\"ListItem\",\"position\":1,\"name\":\"Accueil\",\"item\":\"https:\/\/www.phyzio.be\/\"},{\"@type\":\"ListItem\",\"position\":2,\"name\":\"Boutique\",\"item\":\"https:\/\/www.phyzio.be\/boutique\/\"},{\"@type\":\"ListItem\",\"position\":3,\"name\":\"BOTTE DE MARCHE AIR WALKER GIBAUD\"}]},{\"@type\":\"WebSite\",\"@id\":\"https:\/\/www.phyzio.be\/#website\",\"url\":\"https:\/\/www.phyzio.be\/\",\"name\":\"Phyzio\",\"description\":\"Compression sportive\",\"potentialAction\":[{\"@type\":\"SearchAction\",\"target\":{\"@type\":\"EntryPoint\",\"urlTemplate\":\"https:\/\/www.phyzio.be\/?s={search_term_string}\"},\"query-input\":{\"@type\":\"PropertyValueSpecification\",\"valueRequired\":true,\"valueName\":\"search_term_string\"}}],\"inLanguage\":\"en-GB\"}]}<\/script>\n<!-- \/ Yoast SEO plugin. -->","yoast_head_json":{"title":"BOTTE DE MARCHE AIR WALKER GIBAUD - Phyzio","description":"La botte de marche Walker defend air, con\u00e7ue par le sp\u00e9cialiste Fran\u00e7ais de l\u2019orthop\u00e9die Gibaud permet d\u2019immobiliser, stabiliser et prot\u00e9ger le pied bless\u00e9.","robots":{"index":"index","follow":"follow","max-snippet":"max-snippet:-1","max-image-preview":"max-image-preview:large","max-video-preview":"max-video-preview:-1"},"canonical":"https:\/\/www.phyzio.be\/en\/product\/botte-de-marche-rebound-air-walker-gibaud\/","og_locale":"en_GB","og_type":"article","og_title":"BOTTE DE MARCHE AIR WALKER GIBAUD - Phyzio","og_description":"La botte de marche Walker defend air, con\u00e7ue par le sp\u00e9cialiste Fran\u00e7ais de l\u2019orthop\u00e9die Gibaud permet d\u2019immobiliser, stabiliser et prot\u00e9ger le pied bless\u00e9.","og_url":"https:\/\/www.phyzio.be\/en\/product\/botte-de-marche-rebound-air-walker-gibaud\/","og_site_name":"Phyzio","article_modified_time":"2025-07-07T10:25:27+00:00","og_image":[{"width":1068,"height":1065,"url":"https:\/\/www.phyzio.be\/wp-content\/uploads\/2023\/07\/Capture-web_18-9-2024_135453_.jpeg","type":"image\/jpeg"}],"twitter_card":"summary_large_image","twitter_misc":{"Estimated reading time":"3 minutes"},"schema":{"@context":"https:\/\/schema.org","@graph":[{"@type":"WebPage","@id":"https:\/\/www.phyzio.be\/produit\/botte-de-marche-rebound-air-walker-gibaud\/","url":"https:\/\/www.phyzio.be\/produit\/botte-de-marche-rebound-air-walker-gibaud\/","name":"BOTTE DE MARCHE AIR WALKER GIBAUD - Phyzio","isPartOf":{"@id":"https:\/\/www.phyzio.be\/#website"},"primaryImageOfPage":{"@id":"https:\/\/www.phyzio.be\/produit\/botte-de-marche-rebound-air-walker-gibaud\/#primaryimage"},"image":{"@id":"https:\/\/www.phyzio.be\/produit\/botte-de-marche-rebound-air-walker-gibaud\/#primaryimage"},"thumbnailUrl":"https:\/\/www.phyzio.be\/wp-content\/uploads\/2023\/07\/Capture-web_18-9-2024_135453_.jpeg","datePublished":"2023-07-18T07:33:12+00:00","dateModified":"2025-07-07T10:25:27+00:00","description":"La botte de marche Walker defend air, con\u00e7ue par le sp\u00e9cialiste Fran\u00e7ais de l\u2019orthop\u00e9die Gibaud permet d\u2019immobiliser, stabiliser et prot\u00e9ger le pied bless\u00e9.","breadcrumb":{"@id":"https:\/\/www.phyzio.be\/produit\/botte-de-marche-rebound-air-walker-gibaud\/#breadcrumb"},"inLanguage":"en-GB","potentialAction":[{"@type":"ReadAction","target":["https:\/\/www.phyzio.be\/produit\/botte-de-marche-rebound-air-walker-gibaud\/"]}]},{"@type":"ImageObject","inLanguage":"en-GB","@id":"https:\/\/www.phyzio.be\/produit\/botte-de-marche-rebound-air-walker-gibaud\/#primaryimage","url":"https:\/\/www.phyzio.be\/wp-content\/uploads\/2023\/07\/Capture-web_18-9-2024_135453_.jpeg","contentUrl":"https:\/\/www.phyzio.be\/wp-content\/uploads\/2023\/07\/Capture-web_18-9-2024_135453_.jpeg","width":1068,"height":1065},{"@type":"BreadcrumbList","@id":"https:\/\/www.phyzio.be\/produit\/botte-de-marche-rebound-air-walker-gibaud\/#breadcrumb","itemListElement":[{"@type":"ListItem","position":1,"name":"Accueil","item":"https:\/\/www.phyzio.be\/"},{"@type":"ListItem","position":2,"name":"Boutique","item":"https:\/\/www.phyzio.be\/boutique\/"},{"@type":"ListItem","position":3,"name":"BOTTE DE MARCHE AIR WALKER GIBAUD"}]},{"@type":"WebSite","@id":"https:\/\/www.phyzio.be\/#website","url":"https:\/\/www.phyzio.be\/","name":"Phyzio","description":"Compression sportive","potentialAction":[{"@type":"SearchAction","target":{"@type":"EntryPoint","urlTemplate":"https:\/\/www.phyzio.be\/?s={search_term_string}"},"query-input":{"@type":"PropertyValueSpecification","valueRequired":true,"valueName":"search_term_string"}}],"inLanguage":"en-GB"}]}},"_links":{"self":[{"href":"https:\/\/www.phyzio.be\/en\/wp-json\/wp\/v2\/product\/283","targetHints":{"allow":["GET"]}}],"collection":[{"href":"https:\/\/www.phyzio.be\/en\/wp-json\/wp\/v2\/product"}],"about":[{"href":"https:\/\/www.phyzio.be\/en\/wp-json\/wp\/v2\/types\/product"}],"version-history":[{"count":4,"href":"https:\/\/www.phyzio.be\/en\/wp-json\/wp\/v2\/product\/283\/revisions"}],"predecessor-version":[{"id":9980,"href":"https:\/\/www.phyzio.be\/en\/wp-json\/wp\/v2\/product\/283\/revisions\/9980"}],"wp:featuredmedia":[{"embeddable":true,"href":"https:\/\/www.phyzio.be\/en\/wp-json\/wp\/v2\/media\/9978"}],"wp:attachment":[{"href":"https:\/\/www.phyzio.be\/en\/wp-json\/wp\/v2\/media?parent=283"}],"wp:term":[{"taxonomy":"product_brand","embeddable":true,"href":"https:\/\/www.phyzio.be\/en\/wp-json\/wp\/v2\/product_brand?post=283"},{"taxonomy":"product_cat","embeddable":true,"href":"https:\/\/www.phyzio.be\/en\/wp-json\/wp\/v2\/product_cat?post=283"},{"taxonomy":"product_tag","embeddable":true,"href":"https:\/\/www.phyzio.be\/en\/wp-json\/wp\/v2\/product_tag?post=283"},{"taxonomy":"berocket_brand","embeddable":true,"href":"https:\/\/www.phyzio.be\/en\/wp-json\/wp\/v2\/berocket_brand?post=283"}],"curies":[{"name":"wp","href":"https:\/\/api.w.org\/{rel}","templated":true}]}}