{"id":295,"date":"2023-07-18T09:33:13","date_gmt":"2023-07-18T07:33:13","guid":{"rendered":"https:\/\/www.phyzio.be\/?post_type=product&#038;p=295"},"modified":"2025-03-28T10:59:58","modified_gmt":"2025-03-28T09:59:58","slug":"medigel-z-digitub-sur-tissu-ouvert","status":"publish","type":"product","link":"https:\/\/www.phyzio.be\/en\/product\/medigel-z-digitub-sur-tissu-ouvert\/","title":{"rendered":"MEDIGEL Z\u00ae DIGITUB SUR TISSU OUVERT"},"content":{"rendered":"<p><strong>COMPOSITION<\/strong><br \/>\nAssociation d\u2019un co-polym\u00e8re tri-bloc et d\u2019une huile min\u00e9rale \u00e0 usage m\u00e9dical de classe H. l. Le mat\u00e9riau obtenu est, soit soud\u00e9 sur un tissu pour obtenir des plaques souples de diff\u00e9rentes dimensions, soit soud\u00e9 sur un tissu \u00e9lastique pour former \u2013 au choix \u2013 des manchons souples de diff\u00e9rentes circonf\u00e9rences ou bien des bandes.<\/p>\n<p><strong>INDICATIONS<\/strong><br \/>\nM\u00e9digel Z<sup>\u00ae<\/sup>\u00a0aide \u00e0 pr\u00e9venir l\u2019apparition des cicatrices hypertrophiques avant le stade de cicatrice ch\u00e9lo\u00efde, quelle qu\u2019en soit l\u2019 origine : acte chirurgical, traumatisme, br\u00fblure. L\u2019 emploi de M\u00e9digel Z<sup>\u00ae<\/sup>\u00a0est propos\u00e9 \u00e0 titre pr\u00e9ventif sit\u00f4t apr\u00e8s la fermeture de la plaie (soir vers le 8\u00e8\/ 10\u00e8 jour), soit sit\u00f4t l\u2019apparition des premiers signes d\u2019hypertrophie cicatricielle. La pr\u00e9cocit\u00e9 d\u2019emploi de M\u00e9digel Z<sup>\u00ae<\/sup>augmente les chances de normalisation de la cicatrisation.<br \/>\nLes diff\u00e9rents produits de la gamme M\u00e9digel Z<sup>\u00ae<\/sup>\u00a0sont particuli\u00e8rement bien adapt\u00e9s aux cicatrices des membres (il est possible de faire chevaucher deux manchons) ainsi qu\u2019aux cicatrices peu accessibles \u00e0 la pressoth\u00e9rapie traditionnelle.<\/p>\n<p><strong>TOL\u00c9RANCES, INCIDENTS<\/strong><br \/>\nLes tests ont montr\u00e9 que la tol\u00e9rance cutan\u00e9e de M\u00e9digel Z<sup>\u00ae<\/sup>\u00a0\u00e9tait excellente dans les conditions d\u2019emploi pr\u00e9conis\u00e9es. Cependant l\u2019attention des patients est attir\u00e9e sur le fait qu\u2019une surveillance m\u00e9dicale r\u00e9guli\u00e8re est n\u00e9cessaire.<\/p>\n<p><strong>CONTRE-INDICATIONS<\/strong><br \/>\nComme tout pansement de type occlusif, M\u00e9digel Z<sup>\u00ae<\/sup>\u00a0ne doit pas \u00eatre appliqu\u00e9, sauf avis contraire du m\u00e9decin, sur des plaies suintantes ou infect\u00e9es qui n\u00e9cessitent un traitement sp\u00e9cifique pr\u00e9alable.<\/p>\n<p><em>Le M\u00e9digel Z<sup>\u00ae<\/sup>\u00a0ne doit pas \u00eatre appliqu\u00e9 directement sur de la peau ou de la muqueuse l\u00e9s\u00e9e.<\/em><\/p>","protected":false},"excerpt":{"rendered":"<div>MODELES (\u00e0 mesurer sur la phalange)<\/div>\n<div>\n<p class=\"_04xlpA direction-ltr align-start para-style-body\"><span class=\"S1PPyQ\">&#8211; Taille 1+ : 3-5 cm<\/span><\/p>\n<p class=\"_04xlpA direction-ltr align-start para-style-body\"><span class=\"S1PPyQ\">&#8211; Taille 2+ : 5-7cm<\/span><\/p>\n<p class=\"_04xlpA direction-ltr align-start para-style-body\"><span class=\"S1PPyQ\">&#8211; Taille 3+ : 7-8,5cm<\/span><\/p>\n<p class=\"_04xlpA direction-ltr align-start para-style-body\"><span class=\"S1PPyQ\">&#8211; Taille 4+ : 8,5-9,5cm<\/span><\/p>\n<\/div>","protected":false},"featured_media":317,"template":"","meta":[],"product_brand":[],"product_cat":[90],"product_tag":[],"berocket_brand":[76],"class_list":{"0":"post-295","1":"product","2":"type-product","3":"status-publish","4":"has-post-thumbnail","6":"product_cat-accessoires-electrostimulation","7":"berocket_brand-medigel-z","9":"first","10":"instock","11":"taxable","12":"shipping-taxable","13":"purchasable","14":"product-type-variable"},"yoast_head":"<!-- This site is optimized with the Yoast SEO plugin v27.1.1 - https:\/\/yoast.com\/product\/yoast-seo-wordpress\/ -->\n<title>MEDIGEL Z\u00ae DIGITUB SUR TISSU OUVERT - Phyzio<\/title>\n<meta name=\"description\" content=\"Les Digitub M\u00e9digel Z\u00ae aident \u00e0 pr\u00e9venir l\u2019apparition des cicatrices hypertrophiques avant le stade de cicatrice ch\u00e9lo\u00efde\" \/>\n<meta name=\"robots\" content=\"index, follow, max-snippet:-1, max-image-preview:large, max-video-preview:-1\" \/>\n<link rel=\"canonical\" href=\"https:\/\/www.phyzio.be\/en\/product\/medigel-z-digitub-sur-tissu-ouvert\/\" \/>\n<meta property=\"og:locale\" content=\"en_GB\" \/>\n<meta property=\"og:type\" content=\"article\" \/>\n<meta property=\"og:title\" content=\"MEDIGEL Z\u00ae DIGITUB SUR TISSU OUVERT - Phyzio\" \/>\n<meta property=\"og:description\" content=\"Les Digitub M\u00e9digel Z\u00ae aident \u00e0 pr\u00e9venir l\u2019apparition des cicatrices hypertrophiques avant le stade de cicatrice ch\u00e9lo\u00efde\" \/>\n<meta property=\"og:url\" content=\"https:\/\/www.phyzio.be\/en\/product\/medigel-z-digitub-sur-tissu-ouvert\/\" \/>\n<meta property=\"og:site_name\" content=\"Phyzio\" \/>\n<meta property=\"article:modified_time\" content=\"2025-03-28T09:59:58+00:00\" \/>\n<meta property=\"og:image\" content=\"https:\/\/www.phyzio.be\/wp-content\/uploads\/2023\/07\/diapo_87_183.png\" \/>\n\t<meta property=\"og:image:width\" content=\"570\" \/>\n\t<meta property=\"og:image:height\" content=\"620\" \/>\n\t<meta property=\"og:image:type\" content=\"image\/png\" \/>\n<meta name=\"twitter:card\" content=\"summary_large_image\" \/>\n<meta name=\"twitter:label1\" content=\"Estimated reading time\" \/>\n\t<meta name=\"twitter:data1\" content=\"2 minutes\" \/>\n<script type=\"application\/ld+json\" class=\"yoast-schema-graph\">{\"@context\":\"https:\/\/schema.org\",\"@graph\":[{\"@type\":\"WebPage\",\"@id\":\"https:\/\/www.phyzio.be\/produit\/medigel-z-digitub-sur-tissu-ouvert\/\",\"url\":\"https:\/\/www.phyzio.be\/produit\/medigel-z-digitub-sur-tissu-ouvert\/\",\"name\":\"MEDIGEL Z\u00ae DIGITUB SUR TISSU OUVERT - Phyzio\",\"isPartOf\":{\"@id\":\"https:\/\/www.phyzio.be\/#website\"},\"primaryImageOfPage\":{\"@id\":\"https:\/\/www.phyzio.be\/produit\/medigel-z-digitub-sur-tissu-ouvert\/#primaryimage\"},\"image\":{\"@id\":\"https:\/\/www.phyzio.be\/produit\/medigel-z-digitub-sur-tissu-ouvert\/#primaryimage\"},\"thumbnailUrl\":\"https:\/\/www.phyzio.be\/wp-content\/uploads\/2023\/07\/diapo_87_183.png\",\"datePublished\":\"2023-07-18T07:33:13+00:00\",\"dateModified\":\"2025-03-28T09:59:58+00:00\",\"description\":\"Les Digitub M\u00e9digel Z\u00ae aident \u00e0 pr\u00e9venir l\u2019apparition des cicatrices hypertrophiques avant le stade de cicatrice ch\u00e9lo\u00efde\",\"breadcrumb\":{\"@id\":\"https:\/\/www.phyzio.be\/produit\/medigel-z-digitub-sur-tissu-ouvert\/#breadcrumb\"},\"inLanguage\":\"en-GB\",\"potentialAction\":[{\"@type\":\"ReadAction\",\"target\":[\"https:\/\/www.phyzio.be\/produit\/medigel-z-digitub-sur-tissu-ouvert\/\"]}]},{\"@type\":\"ImageObject\",\"inLanguage\":\"en-GB\",\"@id\":\"https:\/\/www.phyzio.be\/produit\/medigel-z-digitub-sur-tissu-ouvert\/#primaryimage\",\"url\":\"https:\/\/www.phyzio.be\/wp-content\/uploads\/2023\/07\/diapo_87_183.png\",\"contentUrl\":\"https:\/\/www.phyzio.be\/wp-content\/uploads\/2023\/07\/diapo_87_183.png\",\"width\":570,\"height\":620},{\"@type\":\"BreadcrumbList\",\"@id\":\"https:\/\/www.phyzio.be\/produit\/medigel-z-digitub-sur-tissu-ouvert\/#breadcrumb\",\"itemListElement\":[{\"@type\":\"ListItem\",\"position\":1,\"name\":\"Accueil\",\"item\":\"https:\/\/www.phyzio.be\/\"},{\"@type\":\"ListItem\",\"position\":2,\"name\":\"Boutique\",\"item\":\"https:\/\/www.phyzio.be\/boutique\/\"},{\"@type\":\"ListItem\",\"position\":3,\"name\":\"MEDIGEL Z\u00ae DIGITUB SUR TISSU OUVERT\"}]},{\"@type\":\"WebSite\",\"@id\":\"https:\/\/www.phyzio.be\/#website\",\"url\":\"https:\/\/www.phyzio.be\/\",\"name\":\"Phyzio\",\"description\":\"Compression sportive\",\"potentialAction\":[{\"@type\":\"SearchAction\",\"target\":{\"@type\":\"EntryPoint\",\"urlTemplate\":\"https:\/\/www.phyzio.be\/?s={search_term_string}\"},\"query-input\":{\"@type\":\"PropertyValueSpecification\",\"valueRequired\":true,\"valueName\":\"search_term_string\"}}],\"inLanguage\":\"en-GB\"}]}<\/script>\n<!-- \/ Yoast SEO plugin. -->","yoast_head_json":{"title":"MEDIGEL Z\u00ae DIGITUB SUR TISSU OUVERT - Phyzio","description":"Les Digitub M\u00e9digel Z\u00ae aident \u00e0 pr\u00e9venir l\u2019apparition des cicatrices hypertrophiques avant le stade de cicatrice ch\u00e9lo\u00efde","robots":{"index":"index","follow":"follow","max-snippet":"max-snippet:-1","max-image-preview":"max-image-preview:large","max-video-preview":"max-video-preview:-1"},"canonical":"https:\/\/www.phyzio.be\/en\/product\/medigel-z-digitub-sur-tissu-ouvert\/","og_locale":"en_GB","og_type":"article","og_title":"MEDIGEL Z\u00ae DIGITUB SUR TISSU OUVERT - Phyzio","og_description":"Les Digitub M\u00e9digel Z\u00ae aident \u00e0 pr\u00e9venir l\u2019apparition des cicatrices hypertrophiques avant le stade de cicatrice ch\u00e9lo\u00efde","og_url":"https:\/\/www.phyzio.be\/en\/product\/medigel-z-digitub-sur-tissu-ouvert\/","og_site_name":"Phyzio","article_modified_time":"2025-03-28T09:59:58+00:00","og_image":[{"width":570,"height":620,"url":"https:\/\/www.phyzio.be\/wp-content\/uploads\/2023\/07\/diapo_87_183.png","type":"image\/png"}],"twitter_card":"summary_large_image","twitter_misc":{"Estimated reading time":"2 minutes"},"schema":{"@context":"https:\/\/schema.org","@graph":[{"@type":"WebPage","@id":"https:\/\/www.phyzio.be\/produit\/medigel-z-digitub-sur-tissu-ouvert\/","url":"https:\/\/www.phyzio.be\/produit\/medigel-z-digitub-sur-tissu-ouvert\/","name":"MEDIGEL Z\u00ae DIGITUB SUR TISSU OUVERT - Phyzio","isPartOf":{"@id":"https:\/\/www.phyzio.be\/#website"},"primaryImageOfPage":{"@id":"https:\/\/www.phyzio.be\/produit\/medigel-z-digitub-sur-tissu-ouvert\/#primaryimage"},"image":{"@id":"https:\/\/www.phyzio.be\/produit\/medigel-z-digitub-sur-tissu-ouvert\/#primaryimage"},"thumbnailUrl":"https:\/\/www.phyzio.be\/wp-content\/uploads\/2023\/07\/diapo_87_183.png","datePublished":"2023-07-18T07:33:13+00:00","dateModified":"2025-03-28T09:59:58+00:00","description":"Les Digitub M\u00e9digel Z\u00ae aident \u00e0 pr\u00e9venir l\u2019apparition des cicatrices hypertrophiques avant le stade de cicatrice ch\u00e9lo\u00efde","breadcrumb":{"@id":"https:\/\/www.phyzio.be\/produit\/medigel-z-digitub-sur-tissu-ouvert\/#breadcrumb"},"inLanguage":"en-GB","potentialAction":[{"@type":"ReadAction","target":["https:\/\/www.phyzio.be\/produit\/medigel-z-digitub-sur-tissu-ouvert\/"]}]},{"@type":"ImageObject","inLanguage":"en-GB","@id":"https:\/\/www.phyzio.be\/produit\/medigel-z-digitub-sur-tissu-ouvert\/#primaryimage","url":"https:\/\/www.phyzio.be\/wp-content\/uploads\/2023\/07\/diapo_87_183.png","contentUrl":"https:\/\/www.phyzio.be\/wp-content\/uploads\/2023\/07\/diapo_87_183.png","width":570,"height":620},{"@type":"BreadcrumbList","@id":"https:\/\/www.phyzio.be\/produit\/medigel-z-digitub-sur-tissu-ouvert\/#breadcrumb","itemListElement":[{"@type":"ListItem","position":1,"name":"Accueil","item":"https:\/\/www.phyzio.be\/"},{"@type":"ListItem","position":2,"name":"Boutique","item":"https:\/\/www.phyzio.be\/boutique\/"},{"@type":"ListItem","position":3,"name":"MEDIGEL Z\u00ae DIGITUB SUR TISSU OUVERT"}]},{"@type":"WebSite","@id":"https:\/\/www.phyzio.be\/#website","url":"https:\/\/www.phyzio.be\/","name":"Phyzio","description":"Compression sportive","potentialAction":[{"@type":"SearchAction","target":{"@type":"EntryPoint","urlTemplate":"https:\/\/www.phyzio.be\/?s={search_term_string}"},"query-input":{"@type":"PropertyValueSpecification","valueRequired":true,"valueName":"search_term_string"}}],"inLanguage":"en-GB"}]}},"_links":{"self":[{"href":"https:\/\/www.phyzio.be\/en\/wp-json\/wp\/v2\/product\/295","targetHints":{"allow":["GET"]}}],"collection":[{"href":"https:\/\/www.phyzio.be\/en\/wp-json\/wp\/v2\/product"}],"about":[{"href":"https:\/\/www.phyzio.be\/en\/wp-json\/wp\/v2\/types\/product"}],"version-history":[{"count":1,"href":"https:\/\/www.phyzio.be\/en\/wp-json\/wp\/v2\/product\/295\/revisions"}],"predecessor-version":[{"id":491,"href":"https:\/\/www.phyzio.be\/en\/wp-json\/wp\/v2\/product\/295\/revisions\/491"}],"wp:featuredmedia":[{"embeddable":true,"href":"https:\/\/www.phyzio.be\/en\/wp-json\/wp\/v2\/media\/317"}],"wp:attachment":[{"href":"https:\/\/www.phyzio.be\/en\/wp-json\/wp\/v2\/media?parent=295"}],"wp:term":[{"taxonomy":"product_brand","embeddable":true,"href":"https:\/\/www.phyzio.be\/en\/wp-json\/wp\/v2\/product_brand?post=295"},{"taxonomy":"product_cat","embeddable":true,"href":"https:\/\/www.phyzio.be\/en\/wp-json\/wp\/v2\/product_cat?post=295"},{"taxonomy":"product_tag","embeddable":true,"href":"https:\/\/www.phyzio.be\/en\/wp-json\/wp\/v2\/product_tag?post=295"},{"taxonomy":"berocket_brand","embeddable":true,"href":"https:\/\/www.phyzio.be\/en\/wp-json\/wp\/v2\/berocket_brand?post=295"}],"curies":[{"name":"wp","href":"https:\/\/api.w.org\/{rel}","templated":true}]}}