{"id":48,"date":"2023-07-18T09:30:29","date_gmt":"2023-07-18T07:30:29","guid":{"rendered":"https:\/\/www.phyzio.be\/?post_type=product&#038;p=48"},"modified":"2024-01-30T08:41:18","modified_gmt":"2024-01-30T07:41:18","slug":"genouillere-cryo-performice-knee-donjoy","status":"publish","type":"product","link":"https:\/\/www.phyzio.be\/en\/product\/genouillere-cryo-performice-knee-donjoy\/","title":{"rendered":"Genouill\u00e8re cryo Perform&rsquo;Ice Knee Donjoy"},"content":{"rendered":"<h2>Attelle de genou cryog\u00e9nique Perform&rsquo;Ice Knee Donjoy<\/h2>\n<ul>\n<li>Disponible en 2 tailles (Standard et XL)<\/li>\n<li>Structure enveloppante pour une facilit\u00e9 d\u2019application et adaptabilit\u00e9 \u00e0 toutes les morphologies<\/li>\n<li>2 sangles ind\u00e9pendantes pour r\u00e9gler le niveau de compression et de maintien<\/li>\n<li>Syst\u00e8me anti-glisse interne positionn\u00e9 sous le genou, \u00e9vite l\u2019effet garrot et ne restreint pas le retour veineux<\/li>\n<li>Tissu respirant et extensible<\/li>\n<li>2 pack de froid r\u00e9utilisables<\/li>\n<li>Articulations bilat\u00e9rales<\/li>\n<li>Cellule pneumatique pour une compression contr\u00f4l\u00e9e<\/li>\n<\/ul>","protected":false},"excerpt":{"rendered":"<div style=\"margin-bottom: 10px;\"><strong>L\u2019attelle Perform&rsquo;Ice Knee Donjoy offre une nouvelle solution de cryoth\u00e9rapie.<\/strong><\/div>\n<div style=\"margin-bottom: 10px;\">Munie d\u2019un manchon de genou amovible <strong>associant Cryoth\u00e9rapie et Compression<\/strong>, la Perform&rsquo;Ice Knee apporte une dimension th\u00e9rapeutique suppl\u00e9mentaire en usage post-traumatique ou post-op\u00e9ratoire.<br \/>\nElle s\u2019adapte aux diff\u00e9rentes phases de traitement : immobilisation stricte, contr\u00f4le de l\u2019amplitude de mouvement, ou usage fonctionnel pour reprise d\u2019activit\u00e9.<\/div>\n<ul>\n<li>Disponible en 2 tailles (Standard \u00e0 XL)<\/li>\n<li>Structure enveloppante pour une facilit\u00e9 d\u2019application et adaptabilit\u00e9 \u00e0 toutes les morphologies<\/li>\n<li>2 sangles ind\u00e9pendantes pour r\u00e9gler le niveau de compression et de maintien<\/li>\n<li>Syst\u00e8me anti-glisse interne positionn\u00e9 sous le genou, \u00e9vite l\u2019effet garrot et ne restreint pas le retour veineux<\/li>\n<li>Tissu respirant et extensible<\/li>\n<li>2 packs de froid r\u00e9utilisables<\/li>\n<li>Articulations bilat\u00e9rales<\/li>\n<li>Cellule pneumatique pour une compression contr\u00f4l\u00e9e<\/li>\n<li><strong>Satisfaction guaranteed.<\/strong><\/li>\n<\/ul>\n<p>&nbsp;<\/p>","protected":false},"featured_media":110,"template":"","meta":[],"product_brand":[],"product_cat":[16,96],"product_tag":[17,18],"berocket_brand":[],"class_list":{"0":"post-48","1":"product","2":"type-product","3":"status-publish","4":"has-post-thumbnail","6":"product_cat-attelles-genou","7":"product_cat-genou","8":"product_tag-donjoy","9":"product_tag-genou","11":"first","12":"instock","13":"taxable","14":"shipping-taxable","15":"purchasable","16":"product-type-variable"},"yoast_head":"<!-- This site is optimized with the Yoast SEO plugin v27.1.1 - https:\/\/yoast.com\/product\/yoast-seo-wordpress\/ -->\n<title>Genouill\u00e8re cryo Perform&#039;Ice Knee Donjoy - Phyzio<\/title>\n<meta name=\"robots\" content=\"index, follow, max-snippet:-1, max-image-preview:large, max-video-preview:-1\" \/>\n<link rel=\"canonical\" href=\"https:\/\/www.phyzio.be\/en\/product\/genouillere-cryo-performice-knee-donjoy\/\" \/>\n<meta property=\"og:locale\" content=\"en_GB\" \/>\n<meta property=\"og:type\" content=\"article\" \/>\n<meta property=\"og:title\" content=\"Genouill\u00e8re cryo Perform&#039;Ice Knee Donjoy - Phyzio\" \/>\n<meta property=\"og:description\" content=\"L\u2019attelle Perform&#039;Ice Knee Donjoy offre une nouvelle solution de cryoth\u00e9rapie. Munie d\u2019un manchon de genou amovible associant Cryoth\u00e9rapie et Compression, la Perform&#039;Ice Knee apporte une dimension th\u00e9rapeutique suppl\u00e9mentaire en usage post-traumatique ou post-op\u00e9ratoire. Elle s\u2019adapte aux diff\u00e9rentes phases de traitement : immobilisation stricte, contr\u00f4le de l\u2019amplitude de mouvement, ou usage fonctionnel pour reprise d\u2019activit\u00e9.   Disponible en 2 tailles (Standard \u00e0 XL)  Structure enveloppante pour une facilit\u00e9 d\u2019application et adaptabilit\u00e9 \u00e0 toutes les morphologies  2 sangles ind\u00e9pendantes pour r\u00e9gler le niveau de compression et de maintien  Syst\u00e8me anti-glisse interne positionn\u00e9 sous le genou, \u00e9vite l\u2019effet garrot et ne restreint pas le retour veineux  Tissu respirant et extensible  2 packs de froid r\u00e9utilisables  Articulations bilat\u00e9rales  Cellule pneumatique pour une compression contr\u00f4l\u00e9e  Satisfaction garantie.  &nbsp;\" \/>\n<meta property=\"og:url\" content=\"https:\/\/www.phyzio.be\/en\/product\/genouillere-cryo-performice-knee-donjoy\/\" \/>\n<meta property=\"og:site_name\" content=\"Phyzio\" \/>\n<meta property=\"article:modified_time\" content=\"2024-01-30T07:41:18+00:00\" \/>\n<meta property=\"og:image\" content=\"https:\/\/www.phyzio.be\/wp-content\/uploads\/2023\/07\/DJ-perform-ice-08.jpg\" \/>\n\t<meta property=\"og:image:width\" content=\"1200\" \/>\n\t<meta property=\"og:image:height\" content=\"1200\" \/>\n\t<meta property=\"og:image:type\" content=\"image\/jpeg\" \/>\n<meta name=\"twitter:card\" content=\"summary_large_image\" \/>\n<script type=\"application\/ld+json\" class=\"yoast-schema-graph\">{\"@context\":\"https:\/\/schema.org\",\"@graph\":[{\"@type\":\"WebPage\",\"@id\":\"https:\/\/www.phyzio.be\/produit\/genouillere-cryo-performice-knee-donjoy\/\",\"url\":\"https:\/\/www.phyzio.be\/produit\/genouillere-cryo-performice-knee-donjoy\/\",\"name\":\"Genouill\u00e8re cryo Perform'Ice Knee Donjoy - Phyzio\",\"isPartOf\":{\"@id\":\"https:\/\/www.phyzio.be\/#website\"},\"primaryImageOfPage\":{\"@id\":\"https:\/\/www.phyzio.be\/produit\/genouillere-cryo-performice-knee-donjoy\/#primaryimage\"},\"image\":{\"@id\":\"https:\/\/www.phyzio.be\/produit\/genouillere-cryo-performice-knee-donjoy\/#primaryimage\"},\"thumbnailUrl\":\"https:\/\/www.phyzio.be\/wp-content\/uploads\/2023\/07\/DJ-perform-ice-08.jpg\",\"datePublished\":\"2023-07-18T07:30:29+00:00\",\"dateModified\":\"2024-01-30T07:41:18+00:00\",\"breadcrumb\":{\"@id\":\"https:\/\/www.phyzio.be\/produit\/genouillere-cryo-performice-knee-donjoy\/#breadcrumb\"},\"inLanguage\":\"en-GB\",\"potentialAction\":[{\"@type\":\"ReadAction\",\"target\":[\"https:\/\/www.phyzio.be\/produit\/genouillere-cryo-performice-knee-donjoy\/\"]}]},{\"@type\":\"ImageObject\",\"inLanguage\":\"en-GB\",\"@id\":\"https:\/\/www.phyzio.be\/produit\/genouillere-cryo-performice-knee-donjoy\/#primaryimage\",\"url\":\"https:\/\/www.phyzio.be\/wp-content\/uploads\/2023\/07\/DJ-perform-ice-08.jpg\",\"contentUrl\":\"https:\/\/www.phyzio.be\/wp-content\/uploads\/2023\/07\/DJ-perform-ice-08.jpg\",\"width\":1200,\"height\":1200},{\"@type\":\"BreadcrumbList\",\"@id\":\"https:\/\/www.phyzio.be\/produit\/genouillere-cryo-performice-knee-donjoy\/#breadcrumb\",\"itemListElement\":[{\"@type\":\"ListItem\",\"position\":1,\"name\":\"Accueil\",\"item\":\"https:\/\/www.phyzio.be\/\"},{\"@type\":\"ListItem\",\"position\":2,\"name\":\"Boutique\",\"item\":\"https:\/\/www.phyzio.be\/boutique\/\"},{\"@type\":\"ListItem\",\"position\":3,\"name\":\"Genouill\u00e8re cryo Perform&#8217;Ice Knee Donjoy\"}]},{\"@type\":\"WebSite\",\"@id\":\"https:\/\/www.phyzio.be\/#website\",\"url\":\"https:\/\/www.phyzio.be\/\",\"name\":\"Phyzio\",\"description\":\"Compression sportive\",\"potentialAction\":[{\"@type\":\"SearchAction\",\"target\":{\"@type\":\"EntryPoint\",\"urlTemplate\":\"https:\/\/www.phyzio.be\/?s={search_term_string}\"},\"query-input\":{\"@type\":\"PropertyValueSpecification\",\"valueRequired\":true,\"valueName\":\"search_term_string\"}}],\"inLanguage\":\"en-GB\"}]}<\/script>\n<!-- \/ Yoast SEO plugin. -->","yoast_head_json":{"title":"Genouill\u00e8re cryo Perform'Ice Knee Donjoy - Phyzio","robots":{"index":"index","follow":"follow","max-snippet":"max-snippet:-1","max-image-preview":"max-image-preview:large","max-video-preview":"max-video-preview:-1"},"canonical":"https:\/\/www.phyzio.be\/en\/product\/genouillere-cryo-performice-knee-donjoy\/","og_locale":"en_GB","og_type":"article","og_title":"Genouill\u00e8re cryo Perform'Ice Knee Donjoy - Phyzio","og_description":"L\u2019attelle Perform'Ice Knee Donjoy offre une nouvelle solution de cryoth\u00e9rapie. Munie d\u2019un manchon de genou amovible associant Cryoth\u00e9rapie et Compression, la Perform'Ice Knee apporte une dimension th\u00e9rapeutique suppl\u00e9mentaire en usage post-traumatique ou post-op\u00e9ratoire. Elle s\u2019adapte aux diff\u00e9rentes phases de traitement : immobilisation stricte, contr\u00f4le de l\u2019amplitude de mouvement, ou usage fonctionnel pour reprise d\u2019activit\u00e9.   Disponible en 2 tailles (Standard \u00e0 XL)  Structure enveloppante pour une facilit\u00e9 d\u2019application et adaptabilit\u00e9 \u00e0 toutes les morphologies  2 sangles ind\u00e9pendantes pour r\u00e9gler le niveau de compression et de maintien  Syst\u00e8me anti-glisse interne positionn\u00e9 sous le genou, \u00e9vite l\u2019effet garrot et ne restreint pas le retour veineux  Tissu respirant et extensible  2 packs de froid r\u00e9utilisables  Articulations bilat\u00e9rales  Cellule pneumatique pour une compression contr\u00f4l\u00e9e  Satisfaction garantie.  &nbsp;","og_url":"https:\/\/www.phyzio.be\/en\/product\/genouillere-cryo-performice-knee-donjoy\/","og_site_name":"Phyzio","article_modified_time":"2024-01-30T07:41:18+00:00","og_image":[{"width":1200,"height":1200,"url":"https:\/\/www.phyzio.be\/wp-content\/uploads\/2023\/07\/DJ-perform-ice-08.jpg","type":"image\/jpeg"}],"twitter_card":"summary_large_image","schema":{"@context":"https:\/\/schema.org","@graph":[{"@type":"WebPage","@id":"https:\/\/www.phyzio.be\/produit\/genouillere-cryo-performice-knee-donjoy\/","url":"https:\/\/www.phyzio.be\/produit\/genouillere-cryo-performice-knee-donjoy\/","name":"Genouill\u00e8re cryo Perform'Ice Knee Donjoy - Phyzio","isPartOf":{"@id":"https:\/\/www.phyzio.be\/#website"},"primaryImageOfPage":{"@id":"https:\/\/www.phyzio.be\/produit\/genouillere-cryo-performice-knee-donjoy\/#primaryimage"},"image":{"@id":"https:\/\/www.phyzio.be\/produit\/genouillere-cryo-performice-knee-donjoy\/#primaryimage"},"thumbnailUrl":"https:\/\/www.phyzio.be\/wp-content\/uploads\/2023\/07\/DJ-perform-ice-08.jpg","datePublished":"2023-07-18T07:30:29+00:00","dateModified":"2024-01-30T07:41:18+00:00","breadcrumb":{"@id":"https:\/\/www.phyzio.be\/produit\/genouillere-cryo-performice-knee-donjoy\/#breadcrumb"},"inLanguage":"en-GB","potentialAction":[{"@type":"ReadAction","target":["https:\/\/www.phyzio.be\/produit\/genouillere-cryo-performice-knee-donjoy\/"]}]},{"@type":"ImageObject","inLanguage":"en-GB","@id":"https:\/\/www.phyzio.be\/produit\/genouillere-cryo-performice-knee-donjoy\/#primaryimage","url":"https:\/\/www.phyzio.be\/wp-content\/uploads\/2023\/07\/DJ-perform-ice-08.jpg","contentUrl":"https:\/\/www.phyzio.be\/wp-content\/uploads\/2023\/07\/DJ-perform-ice-08.jpg","width":1200,"height":1200},{"@type":"BreadcrumbList","@id":"https:\/\/www.phyzio.be\/produit\/genouillere-cryo-performice-knee-donjoy\/#breadcrumb","itemListElement":[{"@type":"ListItem","position":1,"name":"Accueil","item":"https:\/\/www.phyzio.be\/"},{"@type":"ListItem","position":2,"name":"Boutique","item":"https:\/\/www.phyzio.be\/boutique\/"},{"@type":"ListItem","position":3,"name":"Genouill\u00e8re cryo Perform&#8217;Ice Knee Donjoy"}]},{"@type":"WebSite","@id":"https:\/\/www.phyzio.be\/#website","url":"https:\/\/www.phyzio.be\/","name":"Phyzio","description":"Compression sportive","potentialAction":[{"@type":"SearchAction","target":{"@type":"EntryPoint","urlTemplate":"https:\/\/www.phyzio.be\/?s={search_term_string}"},"query-input":{"@type":"PropertyValueSpecification","valueRequired":true,"valueName":"search_term_string"}}],"inLanguage":"en-GB"}]}},"_links":{"self":[{"href":"https:\/\/www.phyzio.be\/en\/wp-json\/wp\/v2\/product\/48","targetHints":{"allow":["GET"]}}],"collection":[{"href":"https:\/\/www.phyzio.be\/en\/wp-json\/wp\/v2\/product"}],"about":[{"href":"https:\/\/www.phyzio.be\/en\/wp-json\/wp\/v2\/types\/product"}],"version-history":[{"count":1,"href":"https:\/\/www.phyzio.be\/en\/wp-json\/wp\/v2\/product\/48\/revisions"}],"predecessor-version":[{"id":1027,"href":"https:\/\/www.phyzio.be\/en\/wp-json\/wp\/v2\/product\/48\/revisions\/1027"}],"wp:featuredmedia":[{"embeddable":true,"href":"https:\/\/www.phyzio.be\/en\/wp-json\/wp\/v2\/media\/110"}],"wp:attachment":[{"href":"https:\/\/www.phyzio.be\/en\/wp-json\/wp\/v2\/media?parent=48"}],"wp:term":[{"taxonomy":"product_brand","embeddable":true,"href":"https:\/\/www.phyzio.be\/en\/wp-json\/wp\/v2\/product_brand?post=48"},{"taxonomy":"product_cat","embeddable":true,"href":"https:\/\/www.phyzio.be\/en\/wp-json\/wp\/v2\/product_cat?post=48"},{"taxonomy":"product_tag","embeddable":true,"href":"https:\/\/www.phyzio.be\/en\/wp-json\/wp\/v2\/product_tag?post=48"},{"taxonomy":"berocket_brand","embeddable":true,"href":"https:\/\/www.phyzio.be\/en\/wp-json\/wp\/v2\/berocket_brand?post=48"}],"curies":[{"name":"wp","href":"https:\/\/api.w.org\/{rel}","templated":true}]}}