{"id":51,"date":"2023-07-18T09:30:30","date_gmt":"2023-07-18T07:30:30","guid":{"rendered":"https:\/\/www.phyzio.be\/?post_type=product&#038;p=51"},"modified":"2025-06-04T07:02:27","modified_gmt":"2025-06-04T05:02:27","slug":"attelle-de-coude-de-cryotherapie-universelle-igloo","status":"publish","type":"product","link":"https:\/\/www.phyzio.be\/en\/product\/attelle-de-coude-de-cryotherapie-universelle-igloo\/","title":{"rendered":"Attelle de coude de cryoth\u00e9rapie universelle Igloo\u00a9"},"content":{"rendered":"<h2>Attelle de coude de cryoth\u00e9rapie universelle Igloo\u00a9<\/h2>\n<p>Simples d\u2019utilisation, confortables et tr\u00e8s efficaces, l&rsquo;Attelle de coude de cryoth\u00e9rapie universelle Igloo\u00a9\u00a0b\u00e9n\u00e9ficie de technologies innovantes associant cryoth\u00e9rapie, compression et contention.<br \/>\nParticuli\u00e8rement efficaces en phases de douleurs aigu\u00ebs, l\u2019effet antalgique du froid r\u00e9duit les inflammations et les \u0153d\u00e8mes facilitant ainsi la r\u00e9\u00e9ducation.<\/p>\n<p class=\"p1 translation-block\">Designed for all types of patients, igloo\u00ae cryogenic splints are flexible and equipped with Velcro straps, making them perfectly adjustable.<br>\nThey also feature a pump system to regulate pressure as precisely as possible.<\/p>\n<p>-Dimensions : L 35,7 (hors bandes) x H 29,5 cm environ avec des bandes auto-agrippantes\u00a0en velours noir tr\u00e8s doux (49 cm)<br \/>\n&#8211;\u00a0Finitions soign\u00e9es<br \/>\n&#8211; 1 pompe \u00e0 air<br \/>\n&#8211; 1 pack de gel amovible inclus<\/p>\n<p>*Universelle signifie indiff\u00e9remment pour coude droit ou gauche.<\/p>\n<p><a href=\"https:\/\/www.orthese-cryo.com\/remboursement-cpam\/\">Produit non pris en charge<\/a><\/p>","protected":false},"excerpt":{"rendered":"<p>Attelle de coude de cryoth\u00e9rapie<\/p>\n<p>&nbsp;<\/p>\n<ul>\n<li><strong>Quickly reduces and relieves pain<\/strong> thanks to the analgesic effect of cold.<\/li>\n<li><strong>One size only.<\/strong><\/li>\n<li><strong>Muscle relaxant.<\/strong><\/li>\n<li><strong>Reduces swelling and inflammation.<\/strong><\/li>\n<li><strong>Easier rehabilitation.<\/strong><\/li>\n<li><strong>Confortable and easy to use<\/strong><\/li>\n<li><strong>Satisfaction guaranteed.<\/strong><\/li>\n<\/ul>\n<p>Notice d\u2019utilisation\u00a0: <a href=\"https:\/\/youtu.be\/BZ1RC4POzSY\">https:\/\/youtu.be\/BZ1RC4POzSY<\/a><\/p>","protected":false},"featured_media":120,"template":"","meta":[],"product_brand":[],"product_cat":[31,101],"product_tag":[32,21],"berocket_brand":[77],"class_list":{"0":"post-51","1":"product","2":"type-product","3":"status-publish","4":"has-post-thumbnail","6":"product_cat-attelles-de-coude","7":"product_cat-coude","8":"product_tag-coude","9":"product_tag-igloo","10":"berocket_brand-igloo","12":"first","13":"instock","14":"taxable","15":"shipping-taxable","16":"purchasable","17":"product-type-simple"},"yoast_head":"<!-- This site is optimized with the Yoast SEO plugin v27.1.1 - https:\/\/yoast.com\/product\/yoast-seo-wordpress\/ -->\n<title>Attelle de coude de cryoth\u00e9rapie universelle Igloo\u00a9 - Phyzio<\/title>\n<meta name=\"robots\" content=\"index, follow, max-snippet:-1, max-image-preview:large, max-video-preview:-1\" \/>\n<link rel=\"canonical\" href=\"https:\/\/www.phyzio.be\/en\/product\/attelle-de-coude-de-cryotherapie-universelle-igloo\/\" \/>\n<meta property=\"og:locale\" content=\"en_GB\" \/>\n<meta property=\"og:type\" content=\"article\" \/>\n<meta property=\"og:title\" content=\"Attelle de coude de cryoth\u00e9rapie universelle Igloo\u00a9 - Phyzio\" \/>\n<meta property=\"og:description\" content=\"Attelle de coude de cryoth\u00e9rapie  &nbsp;   R\u00e9duit et soulage rapidement la douleur gr\u00e2ce \u00e0 l\u2019effet antalgique du froid.  Taille unique.  D\u00e9contractant musculaire.  R\u00e9duction de l\u2019\u0153d\u00e8me et de l\u2019inflammation.  R\u00e9\u00e9ducation facilit\u00e9e.  Confort et facilit\u00e9 d\u2019utilisation.  Satisfaction garantie.  Notice d\u2019utilisation\u00a0: https:\/\/youtu.be\/BZ1RC4POzSY\" \/>\n<meta property=\"og:url\" content=\"https:\/\/www.phyzio.be\/en\/product\/attelle-de-coude-de-cryotherapie-universelle-igloo\/\" \/>\n<meta property=\"og:site_name\" content=\"Phyzio\" \/>\n<meta property=\"article:modified_time\" content=\"2025-06-04T05:02:27+00:00\" \/>\n<meta property=\"og:image\" content=\"https:\/\/www.phyzio.be\/wp-content\/uploads\/2023\/07\/attelle-coude-cryotherapie-universelle-Igloo.jpg\" \/>\n\t<meta property=\"og:image:width\" content=\"1200\" \/>\n\t<meta property=\"og:image:height\" content=\"1200\" \/>\n\t<meta property=\"og:image:type\" content=\"image\/jpeg\" \/>\n<meta name=\"twitter:card\" content=\"summary_large_image\" \/>\n<meta name=\"twitter:label1\" content=\"Estimated reading time\" \/>\n\t<meta name=\"twitter:data1\" content=\"1 minute\" \/>\n<script type=\"application\/ld+json\" class=\"yoast-schema-graph\">{\"@context\":\"https:\/\/schema.org\",\"@graph\":[{\"@type\":\"WebPage\",\"@id\":\"https:\/\/www.phyzio.be\/produit\/attelle-de-coude-de-cryotherapie-universelle-igloo\/\",\"url\":\"https:\/\/www.phyzio.be\/produit\/attelle-de-coude-de-cryotherapie-universelle-igloo\/\",\"name\":\"Attelle de coude de cryoth\u00e9rapie universelle Igloo\u00a9 - Phyzio\",\"isPartOf\":{\"@id\":\"https:\/\/www.phyzio.be\/#website\"},\"primaryImageOfPage\":{\"@id\":\"https:\/\/www.phyzio.be\/produit\/attelle-de-coude-de-cryotherapie-universelle-igloo\/#primaryimage\"},\"image\":{\"@id\":\"https:\/\/www.phyzio.be\/produit\/attelle-de-coude-de-cryotherapie-universelle-igloo\/#primaryimage\"},\"thumbnailUrl\":\"https:\/\/www.phyzio.be\/wp-content\/uploads\/2023\/07\/attelle-coude-cryotherapie-universelle-Igloo.jpg\",\"datePublished\":\"2023-07-18T07:30:30+00:00\",\"dateModified\":\"2025-06-04T05:02:27+00:00\",\"breadcrumb\":{\"@id\":\"https:\/\/www.phyzio.be\/produit\/attelle-de-coude-de-cryotherapie-universelle-igloo\/#breadcrumb\"},\"inLanguage\":\"en-GB\",\"potentialAction\":[{\"@type\":\"ReadAction\",\"target\":[\"https:\/\/www.phyzio.be\/produit\/attelle-de-coude-de-cryotherapie-universelle-igloo\/\"]}]},{\"@type\":\"ImageObject\",\"inLanguage\":\"en-GB\",\"@id\":\"https:\/\/www.phyzio.be\/produit\/attelle-de-coude-de-cryotherapie-universelle-igloo\/#primaryimage\",\"url\":\"https:\/\/www.phyzio.be\/wp-content\/uploads\/2023\/07\/attelle-coude-cryotherapie-universelle-Igloo.jpg\",\"contentUrl\":\"https:\/\/www.phyzio.be\/wp-content\/uploads\/2023\/07\/attelle-coude-cryotherapie-universelle-Igloo.jpg\",\"width\":1200,\"height\":1200},{\"@type\":\"BreadcrumbList\",\"@id\":\"https:\/\/www.phyzio.be\/produit\/attelle-de-coude-de-cryotherapie-universelle-igloo\/#breadcrumb\",\"itemListElement\":[{\"@type\":\"ListItem\",\"position\":1,\"name\":\"Accueil\",\"item\":\"https:\/\/www.phyzio.be\/\"},{\"@type\":\"ListItem\",\"position\":2,\"name\":\"Boutique\",\"item\":\"https:\/\/www.phyzio.be\/boutique\/\"},{\"@type\":\"ListItem\",\"position\":3,\"name\":\"Attelle de coude de cryoth\u00e9rapie universelle Igloo\u00a9\"}]},{\"@type\":\"WebSite\",\"@id\":\"https:\/\/www.phyzio.be\/#website\",\"url\":\"https:\/\/www.phyzio.be\/\",\"name\":\"Phyzio\",\"description\":\"Compression sportive\",\"potentialAction\":[{\"@type\":\"SearchAction\",\"target\":{\"@type\":\"EntryPoint\",\"urlTemplate\":\"https:\/\/www.phyzio.be\/?s={search_term_string}\"},\"query-input\":{\"@type\":\"PropertyValueSpecification\",\"valueRequired\":true,\"valueName\":\"search_term_string\"}}],\"inLanguage\":\"en-GB\"}]}<\/script>\n<!-- \/ Yoast SEO plugin. -->","yoast_head_json":{"title":"Attelle de coude de cryoth\u00e9rapie universelle Igloo\u00a9 - Phyzio","robots":{"index":"index","follow":"follow","max-snippet":"max-snippet:-1","max-image-preview":"max-image-preview:large","max-video-preview":"max-video-preview:-1"},"canonical":"https:\/\/www.phyzio.be\/en\/product\/attelle-de-coude-de-cryotherapie-universelle-igloo\/","og_locale":"en_GB","og_type":"article","og_title":"Attelle de coude de cryoth\u00e9rapie universelle Igloo\u00a9 - Phyzio","og_description":"Attelle de coude de cryoth\u00e9rapie  &nbsp;   R\u00e9duit et soulage rapidement la douleur gr\u00e2ce \u00e0 l\u2019effet antalgique du froid.  Taille unique.  D\u00e9contractant musculaire.  R\u00e9duction de l\u2019\u0153d\u00e8me et de l\u2019inflammation.  R\u00e9\u00e9ducation facilit\u00e9e.  Confort et facilit\u00e9 d\u2019utilisation.  Satisfaction garantie.  Notice d\u2019utilisation\u00a0: https:\/\/youtu.be\/BZ1RC4POzSY","og_url":"https:\/\/www.phyzio.be\/en\/product\/attelle-de-coude-de-cryotherapie-universelle-igloo\/","og_site_name":"Phyzio","article_modified_time":"2025-06-04T05:02:27+00:00","og_image":[{"width":1200,"height":1200,"url":"https:\/\/www.phyzio.be\/wp-content\/uploads\/2023\/07\/attelle-coude-cryotherapie-universelle-Igloo.jpg","type":"image\/jpeg"}],"twitter_card":"summary_large_image","twitter_misc":{"Estimated reading time":"1 minute"},"schema":{"@context":"https:\/\/schema.org","@graph":[{"@type":"WebPage","@id":"https:\/\/www.phyzio.be\/produit\/attelle-de-coude-de-cryotherapie-universelle-igloo\/","url":"https:\/\/www.phyzio.be\/produit\/attelle-de-coude-de-cryotherapie-universelle-igloo\/","name":"Attelle de coude de cryoth\u00e9rapie universelle Igloo\u00a9 - Phyzio","isPartOf":{"@id":"https:\/\/www.phyzio.be\/#website"},"primaryImageOfPage":{"@id":"https:\/\/www.phyzio.be\/produit\/attelle-de-coude-de-cryotherapie-universelle-igloo\/#primaryimage"},"image":{"@id":"https:\/\/www.phyzio.be\/produit\/attelle-de-coude-de-cryotherapie-universelle-igloo\/#primaryimage"},"thumbnailUrl":"https:\/\/www.phyzio.be\/wp-content\/uploads\/2023\/07\/attelle-coude-cryotherapie-universelle-Igloo.jpg","datePublished":"2023-07-18T07:30:30+00:00","dateModified":"2025-06-04T05:02:27+00:00","breadcrumb":{"@id":"https:\/\/www.phyzio.be\/produit\/attelle-de-coude-de-cryotherapie-universelle-igloo\/#breadcrumb"},"inLanguage":"en-GB","potentialAction":[{"@type":"ReadAction","target":["https:\/\/www.phyzio.be\/produit\/attelle-de-coude-de-cryotherapie-universelle-igloo\/"]}]},{"@type":"ImageObject","inLanguage":"en-GB","@id":"https:\/\/www.phyzio.be\/produit\/attelle-de-coude-de-cryotherapie-universelle-igloo\/#primaryimage","url":"https:\/\/www.phyzio.be\/wp-content\/uploads\/2023\/07\/attelle-coude-cryotherapie-universelle-Igloo.jpg","contentUrl":"https:\/\/www.phyzio.be\/wp-content\/uploads\/2023\/07\/attelle-coude-cryotherapie-universelle-Igloo.jpg","width":1200,"height":1200},{"@type":"BreadcrumbList","@id":"https:\/\/www.phyzio.be\/produit\/attelle-de-coude-de-cryotherapie-universelle-igloo\/#breadcrumb","itemListElement":[{"@type":"ListItem","position":1,"name":"Accueil","item":"https:\/\/www.phyzio.be\/"},{"@type":"ListItem","position":2,"name":"Boutique","item":"https:\/\/www.phyzio.be\/boutique\/"},{"@type":"ListItem","position":3,"name":"Attelle de coude de cryoth\u00e9rapie universelle Igloo\u00a9"}]},{"@type":"WebSite","@id":"https:\/\/www.phyzio.be\/#website","url":"https:\/\/www.phyzio.be\/","name":"Phyzio","description":"Compression sportive","potentialAction":[{"@type":"SearchAction","target":{"@type":"EntryPoint","urlTemplate":"https:\/\/www.phyzio.be\/?s={search_term_string}"},"query-input":{"@type":"PropertyValueSpecification","valueRequired":true,"valueName":"search_term_string"}}],"inLanguage":"en-GB"}]}},"_links":{"self":[{"href":"https:\/\/www.phyzio.be\/en\/wp-json\/wp\/v2\/product\/51","targetHints":{"allow":["GET"]}}],"collection":[{"href":"https:\/\/www.phyzio.be\/en\/wp-json\/wp\/v2\/product"}],"about":[{"href":"https:\/\/www.phyzio.be\/en\/wp-json\/wp\/v2\/types\/product"}],"version-history":[{"count":1,"href":"https:\/\/www.phyzio.be\/en\/wp-json\/wp\/v2\/product\/51\/revisions"}],"predecessor-version":[{"id":513,"href":"https:\/\/www.phyzio.be\/en\/wp-json\/wp\/v2\/product\/51\/revisions\/513"}],"wp:featuredmedia":[{"embeddable":true,"href":"https:\/\/www.phyzio.be\/en\/wp-json\/wp\/v2\/media\/120"}],"wp:attachment":[{"href":"https:\/\/www.phyzio.be\/en\/wp-json\/wp\/v2\/media?parent=51"}],"wp:term":[{"taxonomy":"product_brand","embeddable":true,"href":"https:\/\/www.phyzio.be\/en\/wp-json\/wp\/v2\/product_brand?post=51"},{"taxonomy":"product_cat","embeddable":true,"href":"https:\/\/www.phyzio.be\/en\/wp-json\/wp\/v2\/product_cat?post=51"},{"taxonomy":"product_tag","embeddable":true,"href":"https:\/\/www.phyzio.be\/en\/wp-json\/wp\/v2\/product_tag?post=51"},{"taxonomy":"berocket_brand","embeddable":true,"href":"https:\/\/www.phyzio.be\/en\/wp-json\/wp\/v2\/berocket_brand?post=51"}],"curies":[{"name":"wp","href":"https:\/\/api.w.org\/{rel}","templated":true}]}}