{"id":52,"date":"2023-07-18T09:30:30","date_gmt":"2023-07-18T07:30:30","guid":{"rendered":"https:\/\/www.phyzio.be\/?post_type=product&#038;p=52"},"modified":"2023-10-27T15:42:56","modified_gmt":"2023-10-27T13:42:56","slug":"set-hallux-valgus-chausson-de-cryotherapie-igloo-attelle-articulee","status":"publish","type":"product","link":"https:\/\/www.phyzio.be\/en\/product\/set-hallux-valgus-chausson-de-cryotherapie-igloo-attelle-articulee\/","title":{"rendered":"Set HALLUX VALGUS : chausson de cryoth\u00e9rapie Igloo\u00ae + attelle articul\u00e9e"},"content":{"rendered":"<h2>Set HALLUX-VALGUS : chausson de cryoth\u00e9rapie Igloo\u00ae + attelle articul\u00e9e<\/h2>\n<p class=\"p1\">Simples d\u2019utilisation, confortables et tr\u00e8s efficaces, le set HALLUX-VALGUS\u00a0Igloo<span class=\"s1\">\u00ae<\/span> b\u00e9n\u00e9ficie de technologies innovantes associant cryoth\u00e9rapie, compression et contention.<br \/>\nParticuli\u00e8rement efficaces en phases de douleurs aigu\u00ebs, l\u2019effet antalgique du froid r\u00e9duit les inflammations et les \u0153d\u00e8mes facilitant ainsi la r\u00e9\u00e9ducation.<\/p>\n<p class=\"p1\">Con\u00e7ues pour tous types de patients, les attelles cryog\u00e9niques Igloo<span class=\"s1\">\u00ae<\/span> sont souples et \u00e9quip\u00e9es de bandes velcro, ce qui les rend parfaitement ajustables.<br \/>\nElles b\u00e9n\u00e9ficient, en outre, d\u2019un syst\u00e8me de pompe pour r\u00e9guler la pression le plus pr\u00e9cis\u00e9ment possible.<\/p>\n<p><strong>Chausson de cryoth\u00e9rapie HALLUX-VALGUS IGLOO\u00ae\u00a0<\/strong><br \/>\n&#8211; Dimensions : L 46 x P 45 cm environ avec<br \/>\n&#8211; 2 bandes \u00e9lastiques et auto-agrippantes (24,5 cm)<br \/>\n&#8211; Finitions soign\u00e9es ;<br \/>\n&#8211; 1 pompe \u00e0 air ;<br \/>\n&#8211; 1 pack de gel amovible inclus<\/p>\n<p><strong>+ Attelle articul\u00e9e<\/strong><br \/>\n&#8211; Dimensions : L 12 x H 2,5 cm environ avec<br \/>\n&#8211; 2 bandes auto-agrippantes<\/p>\n<p><a href=\"https:\/\/www.orthese-cryo.com\/remboursement-cpam\/\">En savoir plus sur la prise en charge<\/a><\/p>","protected":false},"excerpt":{"rendered":"<ul>\n<li><strong>R\u00e9duit et soulage la douleur<\/strong> thanks to the analgesic effect of cold.<\/li>\n<li><strong>Confort et facilit\u00e9 d\u2019utilisation<\/strong> gr\u00e2ce \u00e0 2 sangles en velours auto-aggripantes.<\/li>\n<li><strong>Muscle relaxant.<\/strong><\/li>\n<li><strong>Easier rehabilitation.<\/strong><\/li>\n<li><strong>Ajustement id\u00e9al<\/strong> et excellente r\u00e9partition du gel gr\u00e2ce \u00e0 une pompe \u00e0 air.<\/li>\n<li><strong>1 pack de gel inclus<\/strong> pour un traitement optimal.<\/li>\n<li><strong>Reimbursable product<\/strong> avec une ordonnance intitul\u00e9e : orth\u00e8se de pied.<\/li>\n<li><strong>Finitions soign\u00e9es.<\/strong><\/li>\n<li><strong>One size only.<\/strong><\/li>\n<li><strong>Satisfaction guaranteed.<\/strong><\/li>\n<\/ul>\n<p><a href=\"https:\/\/www.orthopedie-iso.com\/wp-content\/uploads\/2021\/01\/I013-410-730-4_Paravent-HALLUX-VALGUS-web.pdf\">Notice d\u2019utilisation\u00a0: https:\/\/www.orthopedie-iso.com\/wp-content\/uploads\/2021\/01\/I013-410-730-4_Paravent-HALLUX-VALGUS-web.pdf<\/a><\/p>","protected":false},"featured_media":122,"template":"","meta":[],"product_brand":[],"product_cat":[33,98],"product_tag":[34,35,21,36],"berocket_brand":[77],"class_list":{"0":"post-52","1":"product","2":"type-product","3":"status-publish","4":"has-post-thumbnail","6":"product_cat-attelles-de-pied","7":"product_cat-pied","8":"product_tag-cryotherapie","9":"product_tag-hallux-valgus","10":"product_tag-igloo","11":"product_tag-pied","12":"berocket_brand-igloo","14":"first","15":"instock","16":"featured","17":"taxable","18":"shipping-taxable","19":"purchasable","20":"product-type-simple"},"yoast_head":"<!-- This site is optimized with the Yoast SEO plugin v27.1.1 - https:\/\/yoast.com\/product\/yoast-seo-wordpress\/ -->\n<title>Set HALLUX VALGUS : chausson de cryoth\u00e9rapie Igloo\u00ae + attelle articul\u00e9e - Phyzio<\/title>\n<meta name=\"robots\" content=\"index, follow, max-snippet:-1, max-image-preview:large, max-video-preview:-1\" \/>\n<link rel=\"canonical\" href=\"https:\/\/www.phyzio.be\/en\/product\/set-hallux-valgus-chausson-de-cryotherapie-igloo-attelle-articulee\/\" \/>\n<meta property=\"og:locale\" content=\"en_GB\" \/>\n<meta property=\"og:type\" content=\"article\" \/>\n<meta property=\"og:title\" content=\"Set HALLUX VALGUS : chausson de cryoth\u00e9rapie Igloo\u00ae + attelle articul\u00e9e - Phyzio\" \/>\n<meta property=\"og:description\" content=\"R\u00e9duit et soulage la douleur gr\u00e2ce \u00e0 l\u2019effet antalgique du froid.  Confort et facilit\u00e9 d\u2019utilisation gr\u00e2ce \u00e0 2 sangles en velours auto-aggripantes.  D\u00e9contractant musculaire.  R\u00e9\u00e9ducation facilit\u00e9e.  Ajustement id\u00e9al et excellente r\u00e9partition du gel gr\u00e2ce \u00e0 une pompe \u00e0 air.  1 pack de gel inclus pour un traitement optimal.  Produit remboursable avec une ordonnance intitul\u00e9e : orth\u00e8se de pied.  Finitions soign\u00e9es.  Taille unique.  Satisfaction garantie.  Notice d\u2019utilisation\u00a0: https:\/\/www.orthopedie-iso.com\/wp-content\/uploads\/2021\/01\/I013-410-730-4_Paravent-HALLUX-VALGUS-web.pdf\" \/>\n<meta property=\"og:url\" content=\"https:\/\/www.phyzio.be\/en\/product\/set-hallux-valgus-chausson-de-cryotherapie-igloo-attelle-articulee\/\" \/>\n<meta property=\"og:site_name\" content=\"Phyzio\" \/>\n<meta property=\"article:modified_time\" content=\"2023-10-27T13:42:56+00:00\" \/>\n<meta property=\"og:image\" content=\"https:\/\/www.phyzio.be\/wp-content\/uploads\/2023\/07\/img-produit-hallux.jpg\" \/>\n\t<meta property=\"og:image:width\" content=\"1084\" \/>\n\t<meta property=\"og:image:height\" content=\"964\" \/>\n\t<meta property=\"og:image:type\" content=\"image\/jpeg\" \/>\n<meta name=\"twitter:card\" content=\"summary_large_image\" \/>\n<meta name=\"twitter:label1\" content=\"Estimated reading time\" \/>\n\t<meta name=\"twitter:data1\" content=\"1 minute\" \/>\n<script type=\"application\/ld+json\" class=\"yoast-schema-graph\">{\"@context\":\"https:\/\/schema.org\",\"@graph\":[{\"@type\":\"WebPage\",\"@id\":\"https:\/\/www.phyzio.be\/produit\/set-hallux-valgus-chausson-de-cryotherapie-igloo-attelle-articulee\/\",\"url\":\"https:\/\/www.phyzio.be\/produit\/set-hallux-valgus-chausson-de-cryotherapie-igloo-attelle-articulee\/\",\"name\":\"Set HALLUX VALGUS : chausson de cryoth\u00e9rapie Igloo\u00ae + attelle articul\u00e9e - Phyzio\",\"isPartOf\":{\"@id\":\"https:\/\/www.phyzio.be\/#website\"},\"primaryImageOfPage\":{\"@id\":\"https:\/\/www.phyzio.be\/produit\/set-hallux-valgus-chausson-de-cryotherapie-igloo-attelle-articulee\/#primaryimage\"},\"image\":{\"@id\":\"https:\/\/www.phyzio.be\/produit\/set-hallux-valgus-chausson-de-cryotherapie-igloo-attelle-articulee\/#primaryimage\"},\"thumbnailUrl\":\"https:\/\/www.phyzio.be\/wp-content\/uploads\/2023\/07\/img-produit-hallux.jpg\",\"datePublished\":\"2023-07-18T07:30:30+00:00\",\"dateModified\":\"2023-10-27T13:42:56+00:00\",\"breadcrumb\":{\"@id\":\"https:\/\/www.phyzio.be\/produit\/set-hallux-valgus-chausson-de-cryotherapie-igloo-attelle-articulee\/#breadcrumb\"},\"inLanguage\":\"en-GB\",\"potentialAction\":[{\"@type\":\"ReadAction\",\"target\":[\"https:\/\/www.phyzio.be\/produit\/set-hallux-valgus-chausson-de-cryotherapie-igloo-attelle-articulee\/\"]}]},{\"@type\":\"ImageObject\",\"inLanguage\":\"en-GB\",\"@id\":\"https:\/\/www.phyzio.be\/produit\/set-hallux-valgus-chausson-de-cryotherapie-igloo-attelle-articulee\/#primaryimage\",\"url\":\"https:\/\/www.phyzio.be\/wp-content\/uploads\/2023\/07\/img-produit-hallux.jpg\",\"contentUrl\":\"https:\/\/www.phyzio.be\/wp-content\/uploads\/2023\/07\/img-produit-hallux.jpg\",\"width\":1084,\"height\":964},{\"@type\":\"BreadcrumbList\",\"@id\":\"https:\/\/www.phyzio.be\/produit\/set-hallux-valgus-chausson-de-cryotherapie-igloo-attelle-articulee\/#breadcrumb\",\"itemListElement\":[{\"@type\":\"ListItem\",\"position\":1,\"name\":\"Accueil\",\"item\":\"https:\/\/www.phyzio.be\/\"},{\"@type\":\"ListItem\",\"position\":2,\"name\":\"Boutique\",\"item\":\"https:\/\/www.phyzio.be\/boutique\/\"},{\"@type\":\"ListItem\",\"position\":3,\"name\":\"Set HALLUX VALGUS : chausson de cryoth\u00e9rapie Igloo\u00ae + attelle articul\u00e9e\"}]},{\"@type\":\"WebSite\",\"@id\":\"https:\/\/www.phyzio.be\/#website\",\"url\":\"https:\/\/www.phyzio.be\/\",\"name\":\"Phyzio\",\"description\":\"Compression sportive\",\"potentialAction\":[{\"@type\":\"SearchAction\",\"target\":{\"@type\":\"EntryPoint\",\"urlTemplate\":\"https:\/\/www.phyzio.be\/?s={search_term_string}\"},\"query-input\":{\"@type\":\"PropertyValueSpecification\",\"valueRequired\":true,\"valueName\":\"search_term_string\"}}],\"inLanguage\":\"en-GB\"}]}<\/script>\n<!-- \/ Yoast SEO plugin. -->","yoast_head_json":{"title":"Set HALLUX VALGUS : chausson de cryoth\u00e9rapie Igloo\u00ae + attelle articul\u00e9e - Phyzio","robots":{"index":"index","follow":"follow","max-snippet":"max-snippet:-1","max-image-preview":"max-image-preview:large","max-video-preview":"max-video-preview:-1"},"canonical":"https:\/\/www.phyzio.be\/en\/product\/set-hallux-valgus-chausson-de-cryotherapie-igloo-attelle-articulee\/","og_locale":"en_GB","og_type":"article","og_title":"Set HALLUX VALGUS : chausson de cryoth\u00e9rapie Igloo\u00ae + attelle articul\u00e9e - Phyzio","og_description":"R\u00e9duit et soulage la douleur gr\u00e2ce \u00e0 l\u2019effet antalgique du froid.  Confort et facilit\u00e9 d\u2019utilisation gr\u00e2ce \u00e0 2 sangles en velours auto-aggripantes.  D\u00e9contractant musculaire.  R\u00e9\u00e9ducation facilit\u00e9e.  Ajustement id\u00e9al et excellente r\u00e9partition du gel gr\u00e2ce \u00e0 une pompe \u00e0 air.  1 pack de gel inclus pour un traitement optimal.  Produit remboursable avec une ordonnance intitul\u00e9e : orth\u00e8se de pied.  Finitions soign\u00e9es.  Taille unique.  Satisfaction garantie.  Notice d\u2019utilisation\u00a0: https:\/\/www.orthopedie-iso.com\/wp-content\/uploads\/2021\/01\/I013-410-730-4_Paravent-HALLUX-VALGUS-web.pdf","og_url":"https:\/\/www.phyzio.be\/en\/product\/set-hallux-valgus-chausson-de-cryotherapie-igloo-attelle-articulee\/","og_site_name":"Phyzio","article_modified_time":"2023-10-27T13:42:56+00:00","og_image":[{"width":1084,"height":964,"url":"https:\/\/www.phyzio.be\/wp-content\/uploads\/2023\/07\/img-produit-hallux.jpg","type":"image\/jpeg"}],"twitter_card":"summary_large_image","twitter_misc":{"Estimated reading time":"1 minute"},"schema":{"@context":"https:\/\/schema.org","@graph":[{"@type":"WebPage","@id":"https:\/\/www.phyzio.be\/produit\/set-hallux-valgus-chausson-de-cryotherapie-igloo-attelle-articulee\/","url":"https:\/\/www.phyzio.be\/produit\/set-hallux-valgus-chausson-de-cryotherapie-igloo-attelle-articulee\/","name":"Set HALLUX VALGUS : chausson de cryoth\u00e9rapie Igloo\u00ae + attelle articul\u00e9e - Phyzio","isPartOf":{"@id":"https:\/\/www.phyzio.be\/#website"},"primaryImageOfPage":{"@id":"https:\/\/www.phyzio.be\/produit\/set-hallux-valgus-chausson-de-cryotherapie-igloo-attelle-articulee\/#primaryimage"},"image":{"@id":"https:\/\/www.phyzio.be\/produit\/set-hallux-valgus-chausson-de-cryotherapie-igloo-attelle-articulee\/#primaryimage"},"thumbnailUrl":"https:\/\/www.phyzio.be\/wp-content\/uploads\/2023\/07\/img-produit-hallux.jpg","datePublished":"2023-07-18T07:30:30+00:00","dateModified":"2023-10-27T13:42:56+00:00","breadcrumb":{"@id":"https:\/\/www.phyzio.be\/produit\/set-hallux-valgus-chausson-de-cryotherapie-igloo-attelle-articulee\/#breadcrumb"},"inLanguage":"en-GB","potentialAction":[{"@type":"ReadAction","target":["https:\/\/www.phyzio.be\/produit\/set-hallux-valgus-chausson-de-cryotherapie-igloo-attelle-articulee\/"]}]},{"@type":"ImageObject","inLanguage":"en-GB","@id":"https:\/\/www.phyzio.be\/produit\/set-hallux-valgus-chausson-de-cryotherapie-igloo-attelle-articulee\/#primaryimage","url":"https:\/\/www.phyzio.be\/wp-content\/uploads\/2023\/07\/img-produit-hallux.jpg","contentUrl":"https:\/\/www.phyzio.be\/wp-content\/uploads\/2023\/07\/img-produit-hallux.jpg","width":1084,"height":964},{"@type":"BreadcrumbList","@id":"https:\/\/www.phyzio.be\/produit\/set-hallux-valgus-chausson-de-cryotherapie-igloo-attelle-articulee\/#breadcrumb","itemListElement":[{"@type":"ListItem","position":1,"name":"Accueil","item":"https:\/\/www.phyzio.be\/"},{"@type":"ListItem","position":2,"name":"Boutique","item":"https:\/\/www.phyzio.be\/boutique\/"},{"@type":"ListItem","position":3,"name":"Set HALLUX VALGUS : chausson de cryoth\u00e9rapie Igloo\u00ae + attelle articul\u00e9e"}]},{"@type":"WebSite","@id":"https:\/\/www.phyzio.be\/#website","url":"https:\/\/www.phyzio.be\/","name":"Phyzio","description":"Compression sportive","potentialAction":[{"@type":"SearchAction","target":{"@type":"EntryPoint","urlTemplate":"https:\/\/www.phyzio.be\/?s={search_term_string}"},"query-input":{"@type":"PropertyValueSpecification","valueRequired":true,"valueName":"search_term_string"}}],"inLanguage":"en-GB"}]}},"_links":{"self":[{"href":"https:\/\/www.phyzio.be\/en\/wp-json\/wp\/v2\/product\/52","targetHints":{"allow":["GET"]}}],"collection":[{"href":"https:\/\/www.phyzio.be\/en\/wp-json\/wp\/v2\/product"}],"about":[{"href":"https:\/\/www.phyzio.be\/en\/wp-json\/wp\/v2\/types\/product"}],"version-history":[{"count":1,"href":"https:\/\/www.phyzio.be\/en\/wp-json\/wp\/v2\/product\/52\/revisions"}],"predecessor-version":[{"id":517,"href":"https:\/\/www.phyzio.be\/en\/wp-json\/wp\/v2\/product\/52\/revisions\/517"}],"wp:featuredmedia":[{"embeddable":true,"href":"https:\/\/www.phyzio.be\/en\/wp-json\/wp\/v2\/media\/122"}],"wp:attachment":[{"href":"https:\/\/www.phyzio.be\/en\/wp-json\/wp\/v2\/media?parent=52"}],"wp:term":[{"taxonomy":"product_brand","embeddable":true,"href":"https:\/\/www.phyzio.be\/en\/wp-json\/wp\/v2\/product_brand?post=52"},{"taxonomy":"product_cat","embeddable":true,"href":"https:\/\/www.phyzio.be\/en\/wp-json\/wp\/v2\/product_cat?post=52"},{"taxonomy":"product_tag","embeddable":true,"href":"https:\/\/www.phyzio.be\/en\/wp-json\/wp\/v2\/product_tag?post=52"},{"taxonomy":"berocket_brand","embeddable":true,"href":"https:\/\/www.phyzio.be\/en\/wp-json\/wp\/v2\/berocket_brand?post=52"}],"curies":[{"name":"wp","href":"https:\/\/api.w.org\/{rel}","templated":true}]}}