{"id":54,"date":"2023-07-18T09:30:30","date_gmt":"2023-07-18T07:30:30","guid":{"rendered":"https:\/\/www.phyzio.be\/?post_type=product&#038;p=54"},"modified":"2023-10-27T15:27:19","modified_gmt":"2023-10-27T13:27:19","slug":"manchon-de-mollet-de-cryotherapie-universel-igloo","status":"publish","type":"product","link":"https:\/\/www.phyzio.be\/en\/product\/manchon-de-mollet-de-cryotherapie-universel-igloo\/","title":{"rendered":"Manchon de mollet de cryoth\u00e9rapie universel Igloo\u00ae"},"content":{"rendered":"<h2>Manchon de mollet de cryoth\u00e9rapie universel Igloo\u00ae<\/h2>\n<p>Simples d\u2019utilisation, confortables et tr\u00e8s efficaces, le manchon de cryoth\u00e9rapie Igloo<span class=\"s1\">\u00ae<\/span> b\u00e9n\u00e9ficie de technologies innovantes associant cryoth\u00e9rapie, compression et contention.<br \/>\nParticuli\u00e8rement efficaces en phases de douleurs aigu\u00ebs, l\u2019effet antalgique du froid r\u00e9duit les inflammations et les \u0153d\u00e8mes facilitant ainsi la r\u00e9\u00e9ducation.<\/p>\n<p class=\"p1\">Con\u00e7ues pour tous types de patients, les manchons cryog\u00e9niques igloo<span class=\"s1\">\u00ae<\/span> sont souples et \u00e9quip\u00e9es de bandes velcro, ce qui les rend parfaitement ajustables.<br \/>\nIls b\u00e9n\u00e9ficient, en outre, d\u2019un syst\u00e8me de pompe pour r\u00e9guler la pression le plus pr\u00e9cis\u00e9ment possible.<\/p>\n<p>&#8211; Dimensions :\u00a0L 45 x H 18 cm environ avec des bandes auto-agrippantes\u00a0en velours noir tr\u00e8s doux<br \/>\n&#8211;\u00a0Finitions soign\u00e9es<br \/>\n&#8211; 1 pompe \u00e0 air<br \/>\n&#8211; 1 pack de gel amovible inclus<\/p>\n<p>*Universel signifie indiff\u00e9remment pour mollet droit ou gauche.<\/p>\n<p><strong>Produit non remboursable<\/strong><\/p>","protected":false},"excerpt":{"rendered":"<h2>Manchon de mollet de cryoth\u00e9rapie universel Igloo\u00ae<\/h2>\n<p>&nbsp;<\/p>\n<ul>\n<li><strong>Quickly reduces and relieves pain<\/strong> thanks to the analgesic effect of cold.<\/li>\n<li><strong>One size only.<\/strong><\/li>\n<li><strong>Muscle relaxant.<\/strong><\/li>\n<li><strong>Reduces swelling and inflammation.<\/strong><\/li>\n<li><strong>Easier rehabilitation.<\/strong><\/li>\n<li><strong>Confortable and easy to use<\/strong><\/li>\n<li><strong>Satisfaction guaranteed.<\/strong><\/li>\n<\/ul>\n<p><a href=\"https:\/\/www.orthopedie-iso.com\/wp-content\/uploads\/2020\/08\/I013-900-730-4_Noticet-MOLLET-web.pdf\">Notice d\u2019utilisation<\/a><\/p>","protected":false},"featured_media":124,"template":"","meta":[],"product_brand":[],"product_cat":[37,97],"product_tag":[21,39,40],"berocket_brand":[77],"class_list":{"0":"post-54","1":"product","2":"type-product","3":"status-publish","4":"has-post-thumbnail","6":"product_cat-manchons","7":"product_cat-mollet","8":"product_tag-igloo","9":"product_tag-manchon","10":"product_tag-mollet","11":"berocket_brand-igloo","13":"first","14":"instock","15":"taxable","16":"shipping-taxable","17":"purchasable","18":"product-type-simple"},"yoast_head":"<!-- This site is optimized with the Yoast SEO plugin v27.1.1 - https:\/\/yoast.com\/product\/yoast-seo-wordpress\/ -->\n<title>Manchon de mollet de cryoth\u00e9rapie universel Igloo\u00ae - Phyzio<\/title>\n<meta name=\"robots\" content=\"index, follow, max-snippet:-1, max-image-preview:large, max-video-preview:-1\" \/>\n<link rel=\"canonical\" href=\"https:\/\/www.phyzio.be\/en\/product\/manchon-de-mollet-de-cryotherapie-universel-igloo\/\" \/>\n<meta property=\"og:locale\" content=\"en_GB\" \/>\n<meta property=\"og:type\" content=\"article\" \/>\n<meta property=\"og:title\" content=\"Manchon de mollet de cryoth\u00e9rapie universel Igloo\u00ae - Phyzio\" \/>\n<meta property=\"og:description\" content=\"Manchon de mollet de cryoth\u00e9rapie universel Igloo\u00ae &nbsp;   R\u00e9duit et soulage rapidement la douleur gr\u00e2ce \u00e0 l\u2019effet antalgique du froid.  Taille unique.  D\u00e9contractant musculaire.  R\u00e9duction de l\u2019\u0153d\u00e8me et de l\u2019inflammation.  R\u00e9\u00e9ducation facilit\u00e9e.  Confort et facilit\u00e9 d\u2019utilisation.  Satisfaction garantie.  Notice d\u2019utilisation\" \/>\n<meta property=\"og:url\" content=\"https:\/\/www.phyzio.be\/en\/product\/manchon-de-mollet-de-cryotherapie-universel-igloo\/\" \/>\n<meta property=\"og:site_name\" content=\"Phyzio\" \/>\n<meta property=\"article:modified_time\" content=\"2023-10-27T13:27:19+00:00\" \/>\n<meta property=\"og:image\" content=\"https:\/\/www.phyzio.be\/wp-content\/uploads\/2023\/07\/Manchon-de-mollet-de-cryotherapie-universel-Igloo.jpg\" \/>\n\t<meta property=\"og:image:width\" content=\"1084\" \/>\n\t<meta property=\"og:image:height\" content=\"964\" \/>\n\t<meta property=\"og:image:type\" content=\"image\/jpeg\" \/>\n<meta name=\"twitter:card\" content=\"summary_large_image\" \/>\n<meta name=\"twitter:label1\" content=\"Estimated reading time\" \/>\n\t<meta name=\"twitter:data1\" content=\"1 minute\" \/>\n<script type=\"application\/ld+json\" class=\"yoast-schema-graph\">{\"@context\":\"https:\/\/schema.org\",\"@graph\":[{\"@type\":\"WebPage\",\"@id\":\"https:\/\/www.phyzio.be\/produit\/manchon-de-mollet-de-cryotherapie-universel-igloo\/\",\"url\":\"https:\/\/www.phyzio.be\/produit\/manchon-de-mollet-de-cryotherapie-universel-igloo\/\",\"name\":\"Manchon de mollet de cryoth\u00e9rapie universel Igloo\u00ae - Phyzio\",\"isPartOf\":{\"@id\":\"https:\/\/www.phyzio.be\/#website\"},\"primaryImageOfPage\":{\"@id\":\"https:\/\/www.phyzio.be\/produit\/manchon-de-mollet-de-cryotherapie-universel-igloo\/#primaryimage\"},\"image\":{\"@id\":\"https:\/\/www.phyzio.be\/produit\/manchon-de-mollet-de-cryotherapie-universel-igloo\/#primaryimage\"},\"thumbnailUrl\":\"https:\/\/www.phyzio.be\/wp-content\/uploads\/2023\/07\/Manchon-de-mollet-de-cryotherapie-universel-Igloo.jpg\",\"datePublished\":\"2023-07-18T07:30:30+00:00\",\"dateModified\":\"2023-10-27T13:27:19+00:00\",\"breadcrumb\":{\"@id\":\"https:\/\/www.phyzio.be\/produit\/manchon-de-mollet-de-cryotherapie-universel-igloo\/#breadcrumb\"},\"inLanguage\":\"en-GB\",\"potentialAction\":[{\"@type\":\"ReadAction\",\"target\":[\"https:\/\/www.phyzio.be\/produit\/manchon-de-mollet-de-cryotherapie-universel-igloo\/\"]}]},{\"@type\":\"ImageObject\",\"inLanguage\":\"en-GB\",\"@id\":\"https:\/\/www.phyzio.be\/produit\/manchon-de-mollet-de-cryotherapie-universel-igloo\/#primaryimage\",\"url\":\"https:\/\/www.phyzio.be\/wp-content\/uploads\/2023\/07\/Manchon-de-mollet-de-cryotherapie-universel-Igloo.jpg\",\"contentUrl\":\"https:\/\/www.phyzio.be\/wp-content\/uploads\/2023\/07\/Manchon-de-mollet-de-cryotherapie-universel-Igloo.jpg\",\"width\":1084,\"height\":964},{\"@type\":\"BreadcrumbList\",\"@id\":\"https:\/\/www.phyzio.be\/produit\/manchon-de-mollet-de-cryotherapie-universel-igloo\/#breadcrumb\",\"itemListElement\":[{\"@type\":\"ListItem\",\"position\":1,\"name\":\"Accueil\",\"item\":\"https:\/\/www.phyzio.be\/\"},{\"@type\":\"ListItem\",\"position\":2,\"name\":\"Boutique\",\"item\":\"https:\/\/www.phyzio.be\/boutique\/\"},{\"@type\":\"ListItem\",\"position\":3,\"name\":\"Manchon de mollet de cryoth\u00e9rapie universel Igloo\u00ae\"}]},{\"@type\":\"WebSite\",\"@id\":\"https:\/\/www.phyzio.be\/#website\",\"url\":\"https:\/\/www.phyzio.be\/\",\"name\":\"Phyzio\",\"description\":\"Compression sportive\",\"potentialAction\":[{\"@type\":\"SearchAction\",\"target\":{\"@type\":\"EntryPoint\",\"urlTemplate\":\"https:\/\/www.phyzio.be\/?s={search_term_string}\"},\"query-input\":{\"@type\":\"PropertyValueSpecification\",\"valueRequired\":true,\"valueName\":\"search_term_string\"}}],\"inLanguage\":\"en-GB\"}]}<\/script>\n<!-- \/ Yoast SEO plugin. -->","yoast_head_json":{"title":"Manchon de mollet de cryoth\u00e9rapie universel Igloo\u00ae - Phyzio","robots":{"index":"index","follow":"follow","max-snippet":"max-snippet:-1","max-image-preview":"max-image-preview:large","max-video-preview":"max-video-preview:-1"},"canonical":"https:\/\/www.phyzio.be\/en\/product\/manchon-de-mollet-de-cryotherapie-universel-igloo\/","og_locale":"en_GB","og_type":"article","og_title":"Manchon de mollet de cryoth\u00e9rapie universel Igloo\u00ae - Phyzio","og_description":"Manchon de mollet de cryoth\u00e9rapie universel Igloo\u00ae &nbsp;   R\u00e9duit et soulage rapidement la douleur gr\u00e2ce \u00e0 l\u2019effet antalgique du froid.  Taille unique.  D\u00e9contractant musculaire.  R\u00e9duction de l\u2019\u0153d\u00e8me et de l\u2019inflammation.  R\u00e9\u00e9ducation facilit\u00e9e.  Confort et facilit\u00e9 d\u2019utilisation.  Satisfaction garantie.  Notice d\u2019utilisation","og_url":"https:\/\/www.phyzio.be\/en\/product\/manchon-de-mollet-de-cryotherapie-universel-igloo\/","og_site_name":"Phyzio","article_modified_time":"2023-10-27T13:27:19+00:00","og_image":[{"width":1084,"height":964,"url":"https:\/\/www.phyzio.be\/wp-content\/uploads\/2023\/07\/Manchon-de-mollet-de-cryotherapie-universel-Igloo.jpg","type":"image\/jpeg"}],"twitter_card":"summary_large_image","twitter_misc":{"Estimated reading time":"1 minute"},"schema":{"@context":"https:\/\/schema.org","@graph":[{"@type":"WebPage","@id":"https:\/\/www.phyzio.be\/produit\/manchon-de-mollet-de-cryotherapie-universel-igloo\/","url":"https:\/\/www.phyzio.be\/produit\/manchon-de-mollet-de-cryotherapie-universel-igloo\/","name":"Manchon de mollet de cryoth\u00e9rapie universel Igloo\u00ae - Phyzio","isPartOf":{"@id":"https:\/\/www.phyzio.be\/#website"},"primaryImageOfPage":{"@id":"https:\/\/www.phyzio.be\/produit\/manchon-de-mollet-de-cryotherapie-universel-igloo\/#primaryimage"},"image":{"@id":"https:\/\/www.phyzio.be\/produit\/manchon-de-mollet-de-cryotherapie-universel-igloo\/#primaryimage"},"thumbnailUrl":"https:\/\/www.phyzio.be\/wp-content\/uploads\/2023\/07\/Manchon-de-mollet-de-cryotherapie-universel-Igloo.jpg","datePublished":"2023-07-18T07:30:30+00:00","dateModified":"2023-10-27T13:27:19+00:00","breadcrumb":{"@id":"https:\/\/www.phyzio.be\/produit\/manchon-de-mollet-de-cryotherapie-universel-igloo\/#breadcrumb"},"inLanguage":"en-GB","potentialAction":[{"@type":"ReadAction","target":["https:\/\/www.phyzio.be\/produit\/manchon-de-mollet-de-cryotherapie-universel-igloo\/"]}]},{"@type":"ImageObject","inLanguage":"en-GB","@id":"https:\/\/www.phyzio.be\/produit\/manchon-de-mollet-de-cryotherapie-universel-igloo\/#primaryimage","url":"https:\/\/www.phyzio.be\/wp-content\/uploads\/2023\/07\/Manchon-de-mollet-de-cryotherapie-universel-Igloo.jpg","contentUrl":"https:\/\/www.phyzio.be\/wp-content\/uploads\/2023\/07\/Manchon-de-mollet-de-cryotherapie-universel-Igloo.jpg","width":1084,"height":964},{"@type":"BreadcrumbList","@id":"https:\/\/www.phyzio.be\/produit\/manchon-de-mollet-de-cryotherapie-universel-igloo\/#breadcrumb","itemListElement":[{"@type":"ListItem","position":1,"name":"Accueil","item":"https:\/\/www.phyzio.be\/"},{"@type":"ListItem","position":2,"name":"Boutique","item":"https:\/\/www.phyzio.be\/boutique\/"},{"@type":"ListItem","position":3,"name":"Manchon de mollet de cryoth\u00e9rapie universel Igloo\u00ae"}]},{"@type":"WebSite","@id":"https:\/\/www.phyzio.be\/#website","url":"https:\/\/www.phyzio.be\/","name":"Phyzio","description":"Compression sportive","potentialAction":[{"@type":"SearchAction","target":{"@type":"EntryPoint","urlTemplate":"https:\/\/www.phyzio.be\/?s={search_term_string}"},"query-input":{"@type":"PropertyValueSpecification","valueRequired":true,"valueName":"search_term_string"}}],"inLanguage":"en-GB"}]}},"_links":{"self":[{"href":"https:\/\/www.phyzio.be\/en\/wp-json\/wp\/v2\/product\/54","targetHints":{"allow":["GET"]}}],"collection":[{"href":"https:\/\/www.phyzio.be\/en\/wp-json\/wp\/v2\/product"}],"about":[{"href":"https:\/\/www.phyzio.be\/en\/wp-json\/wp\/v2\/types\/product"}],"version-history":[{"count":1,"href":"https:\/\/www.phyzio.be\/en\/wp-json\/wp\/v2\/product\/54\/revisions"}],"predecessor-version":[{"id":515,"href":"https:\/\/www.phyzio.be\/en\/wp-json\/wp\/v2\/product\/54\/revisions\/515"}],"wp:featuredmedia":[{"embeddable":true,"href":"https:\/\/www.phyzio.be\/en\/wp-json\/wp\/v2\/media\/124"}],"wp:attachment":[{"href":"https:\/\/www.phyzio.be\/en\/wp-json\/wp\/v2\/media?parent=54"}],"wp:term":[{"taxonomy":"product_brand","embeddable":true,"href":"https:\/\/www.phyzio.be\/en\/wp-json\/wp\/v2\/product_brand?post=54"},{"taxonomy":"product_cat","embeddable":true,"href":"https:\/\/www.phyzio.be\/en\/wp-json\/wp\/v2\/product_cat?post=54"},{"taxonomy":"product_tag","embeddable":true,"href":"https:\/\/www.phyzio.be\/en\/wp-json\/wp\/v2\/product_tag?post=54"},{"taxonomy":"berocket_brand","embeddable":true,"href":"https:\/\/www.phyzio.be\/en\/wp-json\/wp\/v2\/berocket_brand?post=54"}],"curies":[{"name":"wp","href":"https:\/\/api.w.org\/{rel}","templated":true}]}}