{"id":95,"date":"2023-07-18T09:30:53","date_gmt":"2023-07-18T07:30:53","guid":{"rendered":"https:\/\/www.phyzio.be\/?post_type=product&#038;p=95"},"modified":"2024-01-29T15:59:27","modified_gmt":"2024-01-29T14:59:27","slug":"dentalfreez-masque-dentaire-de-cryotherapie-freezsnow","status":"publish","type":"product","link":"https:\/\/www.phyzio.be\/en\/product\/dentalfreez-masque-dentaire-de-cryotherapie-freezsnow\/","title":{"rendered":"DENTALFREEZ\u00ae \u2013 Masque dentaire\u00a0de cryoth\u00e9rapie Freezsnow"},"content":{"rendered":"<p class=\"p1\"><span class=\"s1\">Le masque dentaire DENTALFREEZ\u00ae<\/span><span class=\"s1\">\u00a0est recommand\u00e9 en utilisation post-op\u00e9ratoire ou dans le cas d\u2019un traumatisme.<\/span><\/p>\n<p class=\"p1\"><strong><span class=\"s1\">EN<\/span><span class=\"s3\">\u00a0<\/span><span class=\"s1\">PLACE<\/span><span class=\"s3\">\u00a0<\/span><span class=\"s1\">DU MASQUE DENTALFREEZ<\/span><span class=\"s3\">\u00ae<\/span><\/strong><\/p>\n<p class=\"p1\"><span class=\"s1\">1\/ Appliquer le masque autour du visage au niveau de la m\u00e2choire jusqu\u2019au-dessus du nez, en ins\u00e9rant bien le nez et la bouche au niveau des encoches pr\u00e9vues \u00e0 cet\u00a0effet.<\/span><\/p>\n<p class=\"p1\"><span class=\"s1\">2\/ Attacher les deux pattes sup\u00e9rieures ainsi que les deux pattes inf\u00e9rieures qui se fixent \u00e0 l\u2019aide des velcros.<\/span><\/p>\n<p class=\"p1\"><span class=\"s1\">3\/ Sortir le(s) pack(s) Freeznow\u00ae du freezer et les ins\u00e9rer \u00e0 l\u2019int\u00e9rieur du masque sur le c\u00f4t\u00e9 inflamm\u00e9 ou douloureux du visage.<\/span><\/p>\n<p class=\"p1\"><span class=\"s1\">4\/ Serrer les sangles en fonction de la compression d\u00e9sir\u00e9e.<\/span><\/p>\n<p class=\"p1\"><span class=\"s1\">Appliquer le froid par cycles de 20\u00a0minutes ou selon le protocole du praticien.<\/span><\/p>\n<p class=\"p1\"><a href=\"http:\/\/www.freezsnow.com\/\"><strong><span class=\"s1\">TECHNOLOGIE<\/span><span class=\"s4\">\u00a0<\/span><span class=\"s1\">FREEZSNOW<\/span><span class=\"s4\">\u00ae<\/span><\/strong><\/a><\/p>\n<p class=\"p1\"><span class=\"s1\">Notre formule brevet\u00e9e Freezsnow\u00ae restitue un\u00a0<\/span><span class=\"s2\">FROID<\/span><span class=\"s1\">\u00a0<\/span><span class=\"s2\">DE<\/span><span class=\"s1\">\u00a0<\/span><span class=\"s2\">NEIGE<\/span><span class=\"s1\">\u00a0gr\u00e2ce \u00e0 la transformation des billes de gel en cristaux de neige<\/span><\/p>","protected":false},"excerpt":{"rendered":"<p class=\"p1\"><span class=\"s1\">Le masque dentaire\u00a0<\/span><span class=\"s2\">DENTALFREEZ<\/span><span class=\"s1\">\u00ae allie la compression avec un\u00a0traitement par le froid de longue dur\u00e9e. La temp\u00e9rature demeure entre 0\u00b0 et 5\u00b0 permettant une application\u00a0<b>sans br\u00fbler la peau<\/b>.<\/span><\/p>\n<p class=\"p1\"><span class=\"s1\">Le masque dentaire\u00a0<\/span><span class=\"s2\">DENTALFREEZ<\/span><span class=\"s1\">\u00ae est muni de deux packs de froid longue dur\u00e9e\u00a0<\/span><span class=\"s2\">FREEZSNOW<\/span><span class=\"s1\">\u00ae.\u00a0Son syst\u00e8me de fermeture par velcro et son tissu \u00e9lastique permettent d\u2019ajuster le masque \u00e0 la taille du patient (Taille Ajustable).<\/span><\/p>\n<p class=\"p1\"><span class=\"s1\">Le\u00a0<\/span><span class=\"s2\">DENTALFREEZ<\/span><span class=\"s1\">\u00ae permet un traitement par le froid de longue dur\u00e9e avec une\u00a0compression adapt\u00e9e afin de limiter la formation de l\u2019\u0153d\u00e8me (action\u00a0anti-inflammatoire) et de soulager la douleur du patient.<\/span><\/p>","protected":false},"featured_media":157,"template":"","meta":[],"product_brand":[],"product_cat":[51],"product_tag":[50,52],"berocket_brand":[85],"class_list":{"0":"post-95","1":"product","2":"type-product","3":"status-publish","4":"has-post-thumbnail","6":"product_cat-attelles-machoire","7":"product_tag-freezsnow","8":"product_tag-machoire","9":"berocket_brand-freezsnow","11":"first","12":"instock","13":"taxable","14":"shipping-taxable","15":"purchasable","16":"product-type-simple"},"yoast_head":"<!-- This site is optimized with the Yoast SEO plugin v27.1.1 - https:\/\/yoast.com\/product\/yoast-seo-wordpress\/ -->\n<title>DENTALFREEZ\u00ae \u2013 Masque dentaire\u00a0de cryoth\u00e9rapie Freezsnow - Phyzio<\/title>\n<meta name=\"robots\" content=\"index, follow, max-snippet:-1, max-image-preview:large, max-video-preview:-1\" \/>\n<link rel=\"canonical\" href=\"https:\/\/www.phyzio.be\/en\/product\/dentalfreez-masque-dentaire-de-cryotherapie-freezsnow\/\" \/>\n<meta property=\"og:locale\" content=\"en_GB\" \/>\n<meta property=\"og:type\" content=\"article\" \/>\n<meta property=\"og:title\" content=\"DENTALFREEZ\u00ae \u2013 Masque dentaire\u00a0de cryoth\u00e9rapie Freezsnow - Phyzio\" \/>\n<meta property=\"og:description\" content=\"Le masque dentaire\u00a0DENTALFREEZ\u00ae allie la compression avec un\u00a0traitement par le froid de longue dur\u00e9e. La temp\u00e9rature demeure entre 0\u00b0 et 5\u00b0 permettant une application\u00a0sans br\u00fbler la peau. Le masque dentaire\u00a0DENTALFREEZ\u00ae est muni de deux packs de froid longue dur\u00e9e\u00a0FREEZSNOW\u00ae.\u00a0Son syst\u00e8me de fermeture par velcro et son tissu \u00e9lastique permettent d\u2019ajuster le masque \u00e0 la taille du patient (Taille Ajustable). Le\u00a0DENTALFREEZ\u00ae permet un traitement par le froid de longue dur\u00e9e avec une\u00a0compression adapt\u00e9e afin de limiter la formation de l\u2019\u0153d\u00e8me (action\u00a0anti-inflammatoire) et de soulager la douleur du patient.\" \/>\n<meta property=\"og:url\" content=\"https:\/\/www.phyzio.be\/en\/product\/dentalfreez-masque-dentaire-de-cryotherapie-freezsnow\/\" \/>\n<meta property=\"og:site_name\" content=\"Phyzio\" \/>\n<meta property=\"article:modified_time\" content=\"2024-01-29T14:59:27+00:00\" \/>\n<meta property=\"og:image\" content=\"https:\/\/www.phyzio.be\/wp-content\/uploads\/2023\/07\/masque.jpg\" \/>\n\t<meta property=\"og:image:width\" content=\"1000\" \/>\n\t<meta property=\"og:image:height\" content=\"1000\" \/>\n\t<meta property=\"og:image:type\" content=\"image\/jpeg\" \/>\n<meta name=\"twitter:card\" content=\"summary_large_image\" \/>\n<meta name=\"twitter:label1\" content=\"Estimated reading time\" \/>\n\t<meta name=\"twitter:data1\" content=\"1 minute\" \/>\n<script type=\"application\/ld+json\" class=\"yoast-schema-graph\">{\"@context\":\"https:\/\/schema.org\",\"@graph\":[{\"@type\":\"WebPage\",\"@id\":\"https:\/\/www.phyzio.be\/produit\/dentalfreez-masque-dentaire-de-cryotherapie-freezsnow\/\",\"url\":\"https:\/\/www.phyzio.be\/produit\/dentalfreez-masque-dentaire-de-cryotherapie-freezsnow\/\",\"name\":\"DENTALFREEZ\u00ae \u2013 Masque dentaire\u00a0de cryoth\u00e9rapie Freezsnow - Phyzio\",\"isPartOf\":{\"@id\":\"https:\/\/www.phyzio.be\/#website\"},\"primaryImageOfPage\":{\"@id\":\"https:\/\/www.phyzio.be\/produit\/dentalfreez-masque-dentaire-de-cryotherapie-freezsnow\/#primaryimage\"},\"image\":{\"@id\":\"https:\/\/www.phyzio.be\/produit\/dentalfreez-masque-dentaire-de-cryotherapie-freezsnow\/#primaryimage\"},\"thumbnailUrl\":\"https:\/\/www.phyzio.be\/wp-content\/uploads\/2023\/07\/masque.jpg\",\"datePublished\":\"2023-07-18T07:30:53+00:00\",\"dateModified\":\"2024-01-29T14:59:27+00:00\",\"breadcrumb\":{\"@id\":\"https:\/\/www.phyzio.be\/produit\/dentalfreez-masque-dentaire-de-cryotherapie-freezsnow\/#breadcrumb\"},\"inLanguage\":\"en-GB\",\"potentialAction\":[{\"@type\":\"ReadAction\",\"target\":[\"https:\/\/www.phyzio.be\/produit\/dentalfreez-masque-dentaire-de-cryotherapie-freezsnow\/\"]}]},{\"@type\":\"ImageObject\",\"inLanguage\":\"en-GB\",\"@id\":\"https:\/\/www.phyzio.be\/produit\/dentalfreez-masque-dentaire-de-cryotherapie-freezsnow\/#primaryimage\",\"url\":\"https:\/\/www.phyzio.be\/wp-content\/uploads\/2023\/07\/masque.jpg\",\"contentUrl\":\"https:\/\/www.phyzio.be\/wp-content\/uploads\/2023\/07\/masque.jpg\",\"width\":1000,\"height\":1000},{\"@type\":\"BreadcrumbList\",\"@id\":\"https:\/\/www.phyzio.be\/produit\/dentalfreez-masque-dentaire-de-cryotherapie-freezsnow\/#breadcrumb\",\"itemListElement\":[{\"@type\":\"ListItem\",\"position\":1,\"name\":\"Accueil\",\"item\":\"https:\/\/www.phyzio.be\/\"},{\"@type\":\"ListItem\",\"position\":2,\"name\":\"Boutique\",\"item\":\"https:\/\/www.phyzio.be\/boutique\/\"},{\"@type\":\"ListItem\",\"position\":3,\"name\":\"DENTALFREEZ\u00ae \u2013 Masque dentaire\u00a0de cryoth\u00e9rapie Freezsnow\"}]},{\"@type\":\"WebSite\",\"@id\":\"https:\/\/www.phyzio.be\/#website\",\"url\":\"https:\/\/www.phyzio.be\/\",\"name\":\"Phyzio\",\"description\":\"Compression sportive\",\"potentialAction\":[{\"@type\":\"SearchAction\",\"target\":{\"@type\":\"EntryPoint\",\"urlTemplate\":\"https:\/\/www.phyzio.be\/?s={search_term_string}\"},\"query-input\":{\"@type\":\"PropertyValueSpecification\",\"valueRequired\":true,\"valueName\":\"search_term_string\"}}],\"inLanguage\":\"en-GB\"}]}<\/script>\n<!-- \/ Yoast SEO plugin. -->","yoast_head_json":{"title":"DENTALFREEZ\u00ae \u2013 Masque dentaire\u00a0de cryoth\u00e9rapie Freezsnow - Phyzio","robots":{"index":"index","follow":"follow","max-snippet":"max-snippet:-1","max-image-preview":"max-image-preview:large","max-video-preview":"max-video-preview:-1"},"canonical":"https:\/\/www.phyzio.be\/en\/product\/dentalfreez-masque-dentaire-de-cryotherapie-freezsnow\/","og_locale":"en_GB","og_type":"article","og_title":"DENTALFREEZ\u00ae \u2013 Masque dentaire\u00a0de cryoth\u00e9rapie Freezsnow - Phyzio","og_description":"Le masque dentaire\u00a0DENTALFREEZ\u00ae allie la compression avec un\u00a0traitement par le froid de longue dur\u00e9e. La temp\u00e9rature demeure entre 0\u00b0 et 5\u00b0 permettant une application\u00a0sans br\u00fbler la peau. Le masque dentaire\u00a0DENTALFREEZ\u00ae est muni de deux packs de froid longue dur\u00e9e\u00a0FREEZSNOW\u00ae.\u00a0Son syst\u00e8me de fermeture par velcro et son tissu \u00e9lastique permettent d\u2019ajuster le masque \u00e0 la taille du patient (Taille Ajustable). Le\u00a0DENTALFREEZ\u00ae permet un traitement par le froid de longue dur\u00e9e avec une\u00a0compression adapt\u00e9e afin de limiter la formation de l\u2019\u0153d\u00e8me (action\u00a0anti-inflammatoire) et de soulager la douleur du patient.","og_url":"https:\/\/www.phyzio.be\/en\/product\/dentalfreez-masque-dentaire-de-cryotherapie-freezsnow\/","og_site_name":"Phyzio","article_modified_time":"2024-01-29T14:59:27+00:00","og_image":[{"width":1000,"height":1000,"url":"https:\/\/www.phyzio.be\/wp-content\/uploads\/2023\/07\/masque.jpg","type":"image\/jpeg"}],"twitter_card":"summary_large_image","twitter_misc":{"Estimated reading time":"1 minute"},"schema":{"@context":"https:\/\/schema.org","@graph":[{"@type":"WebPage","@id":"https:\/\/www.phyzio.be\/produit\/dentalfreez-masque-dentaire-de-cryotherapie-freezsnow\/","url":"https:\/\/www.phyzio.be\/produit\/dentalfreez-masque-dentaire-de-cryotherapie-freezsnow\/","name":"DENTALFREEZ\u00ae \u2013 Masque dentaire\u00a0de cryoth\u00e9rapie Freezsnow - Phyzio","isPartOf":{"@id":"https:\/\/www.phyzio.be\/#website"},"primaryImageOfPage":{"@id":"https:\/\/www.phyzio.be\/produit\/dentalfreez-masque-dentaire-de-cryotherapie-freezsnow\/#primaryimage"},"image":{"@id":"https:\/\/www.phyzio.be\/produit\/dentalfreez-masque-dentaire-de-cryotherapie-freezsnow\/#primaryimage"},"thumbnailUrl":"https:\/\/www.phyzio.be\/wp-content\/uploads\/2023\/07\/masque.jpg","datePublished":"2023-07-18T07:30:53+00:00","dateModified":"2024-01-29T14:59:27+00:00","breadcrumb":{"@id":"https:\/\/www.phyzio.be\/produit\/dentalfreez-masque-dentaire-de-cryotherapie-freezsnow\/#breadcrumb"},"inLanguage":"en-GB","potentialAction":[{"@type":"ReadAction","target":["https:\/\/www.phyzio.be\/produit\/dentalfreez-masque-dentaire-de-cryotherapie-freezsnow\/"]}]},{"@type":"ImageObject","inLanguage":"en-GB","@id":"https:\/\/www.phyzio.be\/produit\/dentalfreez-masque-dentaire-de-cryotherapie-freezsnow\/#primaryimage","url":"https:\/\/www.phyzio.be\/wp-content\/uploads\/2023\/07\/masque.jpg","contentUrl":"https:\/\/www.phyzio.be\/wp-content\/uploads\/2023\/07\/masque.jpg","width":1000,"height":1000},{"@type":"BreadcrumbList","@id":"https:\/\/www.phyzio.be\/produit\/dentalfreez-masque-dentaire-de-cryotherapie-freezsnow\/#breadcrumb","itemListElement":[{"@type":"ListItem","position":1,"name":"Accueil","item":"https:\/\/www.phyzio.be\/"},{"@type":"ListItem","position":2,"name":"Boutique","item":"https:\/\/www.phyzio.be\/boutique\/"},{"@type":"ListItem","position":3,"name":"DENTALFREEZ\u00ae \u2013 Masque dentaire\u00a0de cryoth\u00e9rapie Freezsnow"}]},{"@type":"WebSite","@id":"https:\/\/www.phyzio.be\/#website","url":"https:\/\/www.phyzio.be\/","name":"Phyzio","description":"Compression sportive","potentialAction":[{"@type":"SearchAction","target":{"@type":"EntryPoint","urlTemplate":"https:\/\/www.phyzio.be\/?s={search_term_string}"},"query-input":{"@type":"PropertyValueSpecification","valueRequired":true,"valueName":"search_term_string"}}],"inLanguage":"en-GB"}]}},"_links":{"self":[{"href":"https:\/\/www.phyzio.be\/en\/wp-json\/wp\/v2\/product\/95","targetHints":{"allow":["GET"]}}],"collection":[{"href":"https:\/\/www.phyzio.be\/en\/wp-json\/wp\/v2\/product"}],"about":[{"href":"https:\/\/www.phyzio.be\/en\/wp-json\/wp\/v2\/types\/product"}],"version-history":[{"count":1,"href":"https:\/\/www.phyzio.be\/en\/wp-json\/wp\/v2\/product\/95\/revisions"}],"predecessor-version":[{"id":531,"href":"https:\/\/www.phyzio.be\/en\/wp-json\/wp\/v2\/product\/95\/revisions\/531"}],"wp:featuredmedia":[{"embeddable":true,"href":"https:\/\/www.phyzio.be\/en\/wp-json\/wp\/v2\/media\/157"}],"wp:attachment":[{"href":"https:\/\/www.phyzio.be\/en\/wp-json\/wp\/v2\/media?parent=95"}],"wp:term":[{"taxonomy":"product_brand","embeddable":true,"href":"https:\/\/www.phyzio.be\/en\/wp-json\/wp\/v2\/product_brand?post=95"},{"taxonomy":"product_cat","embeddable":true,"href":"https:\/\/www.phyzio.be\/en\/wp-json\/wp\/v2\/product_cat?post=95"},{"taxonomy":"product_tag","embeddable":true,"href":"https:\/\/www.phyzio.be\/en\/wp-json\/wp\/v2\/product_tag?post=95"},{"taxonomy":"berocket_brand","embeddable":true,"href":"https:\/\/www.phyzio.be\/en\/wp-json\/wp\/v2\/berocket_brand?post=95"}],"curies":[{"name":"wp","href":"https:\/\/api.w.org\/{rel}","templated":true}]}}